{"id":1935,"date":"2015-10-13T15:00:18","date_gmt":"2015-10-13T19:00:18","guid":{"rendered":"https:\/\/www.patrimoine-religieux.qc.ca\/?page_id=1935"},"modified":"2024-12-04T13:15:08","modified_gmt":"2024-12-04T18:15:08","slug":"join-us","status":"publish","type":"page","link":"https:\/\/www.patrimoine-religieux.qc.ca\/en\/join-us\/","title":{"rendered":"Join us"},"content":{"rendered":"<header class=\"page-hero hero-size-compact progressive-fade-in\">\n\t\t<div class=\"hero-inner progressive-fade-in-element progressive-fade-in-element-1\">\n\n\t\t\t<div class=\"content-block\">\n\t\t\t\t<div class=\"content-block-inner content-width\">\n\n\t\t\t\t\t<div class=\"text-block\">\n\n\t\t\t\t\t\t\n\t\t\t\t\t\t\n\t\t\t\t\t\t\n\t\t\t\t\t<\/div>\n\n\t\t\t\t\t\n\t\t\t\t\t\n\t\t\t\t\t\n\t\t\t\t\t\n\t\t\t\t\t\t\t\n\n\t\t\t\t\t\n\t\t\t\t\t\n\t\t\t\t\t\n\t\t\t\t\t\n\t\t\t\t\t\t\t\t\t\t\n\t\n\t\t\t\t\t\n\t\t\t\t<\/div>\n\t\t\t<\/div>\n\t\t<\/div>\n\t<\/header>\n\n\n<section id=\"block_8704b9511db0c52f0e23e7e657a5d56f\" class=\"page-block page-block-image-text-juxta progressive-fade-in page-block-margin-standard page-block-bg-none image-type-default image-position-right\">\n\n\t\n\t\n\t<div class=\"page-block-inner content-width progressive-fade-in-element progressive-fade-in-element-1\">\n\n\t\t<div class=\"block-image-text\">\n\t\t\t<div class=\"block-section block-text\">\n\n\t\t\t\t\n\t\t\t\t\t\t\t\t<div class=\"the-block-text wysiwyg\">\n\t\t\t\t\t<h3>Adress<\/h3>\n<p>6300, avenue du Parc, suite 605<br>\nMontr\u00e9al (Qu\u00e9bec)\u00a0H2V 4H8<\/p>\n<p><a class=\"button outline\" href=\"https:\/\/www.google.ca\/maps\/place\/Conseil+Du+Patrimoine+Religieux+Du+Qu%C3%A9bec\/@45.5263212,-73.6123434,17z\/data=!3m1!4b1!4m6!3m5!1s0x4cc91a4b016f3373:0x7a65e42f17d437bd!8m2!3d45.5263212!4d-73.6123434!16s%2Fg%2F1tdzqrns?entry=ttu&amp;g_ep=EgoyMDI0MTExOS4yIKXMDSoJLDEwMjExMjM0SAFQAw%3D%3D\" target=\"_blank\" rel=\"noopener\">Itinerary<\/a><\/p>\n<h3>\u00a0<\/h3>\n<h3>Contact<\/h3>\n<p class=\"p1\"><span class=\"s1\"><span class=\"tel-icon\"><a href=\"tel:5149314701\">(514) 931-4701<\/a>\u00a0\/\u00a0<a href=\"tel:18665804701\">1 866 580-4701<\/a><\/span><br>\n<\/span><span class=\"s1\"><span class=\"fax-icon\">(514) 931-4428<\/span><br>\n<\/span><span class=\"mail-icon\"><a href=\"mailto:conseil@patrimoine-religieux.qc.ca\"><span class=\"s1\">conseil@patrimoine-religieux.qc.ca<\/span><\/a><\/span><\/p>\n<p class=\"p1\"><a class=\"button half-naked arrow-after\" href=\"#ecrivez-nous\">Write us<\/a><\/p>\n\n\t\t\t\t\t\t\t\t\t<\/div>\n\t\t\t\t\t\t\t<\/div>\n\n\t\t\t\t\t\t<div class=\"block-section block-image\">\n\t\t\t\t<span class=\"block-image-link link-type-none no-link\">\n\n\t\t\t\t\t<div class=\"block-image-wrapper wrap-fit-image\">\n\n\t\t\t\t\t\t<img data-src-small=\"https:\/\/www.patrimoine-religieux.qc.ca\/wp-content\/uploads\/2024\/10\/eglise-notre-dame-des-victoires-350x350.jpg\" width=\"350\" height=\"350\" data-src-medium=\"https:\/\/www.patrimoine-religieux.qc.ca\/wp-content\/uploads\/2024\/10\/eglise-notre-dame-des-victoires-500x500.jpg\" data-width-medium=\"500\" data-height-medium=\"500\" data-src-large=\"https:\/\/www.patrimoine-religieux.qc.ca\/wp-content\/uploads\/2024\/10\/eglise-notre-dame-des-victoires-1000x1000.jpg\" data-width-large=\"1000\" data-height-large=\"1000\" data-src-xlarge=\"https:\/\/www.patrimoine-religieux.qc.ca\/wp-content\/uploads\/2024\/10\/eglise-notre-dame-des-victoires-1000x1000.jpg\" data-width-xlarge=\"1000\" data-height-xlarge=\"1000\" class=\"the-block-image img-check fit-image lazy landscape\" alt=\"\">\n\t\t\t\t\t<\/div>\n\n\t\t\t\t\t\n\t\t\t\t\t\t\t\t\t<\/span>\n\t\t\t<\/div>\n\t\t<\/div>\n\t<\/div>\n\t\n<\/section>\n\n\n\n<section id=\"ecrivez-nous\" class=\"page-block page-block-gravity-form progressive-fade-in page-block-has-bg-color page-block-bg-white\">\n\n\t<div data-src-small=\"https:\/\/www.patrimoine-religieux.qc.ca\/wp-content\/uploads\/2024\/10\/st-patrick-church-500x500.png\" data-src-medium=\"https:\/\/www.patrimoine-religieux.qc.ca\/wp-content\/uploads\/2024\/10\/st-patrick-church-1400x800.png\" data-src-large=\"https:\/\/www.patrimoine-religieux.qc.ca\/wp-content\/uploads\/2024\/10\/st-patrick-church.png\" data-src-xlarge=\"https:\/\/www.patrimoine-religieux.qc.ca\/wp-content\/uploads\/2024\/10\/st-patrick-church.png\" class=\"page-block-bg-image lazy img-check\"><\/div>\n\t<div class=\"wrap-content content-width large-padding\">\n\n\t\t<div class=\"page-block-content page-block-bg-white progressive-fade-in-element progressive-fade-in-element-1\">\n\n\t\t\t\t\t\t<h2 class=\"page-block-title over-line title-2\">Write us<\/h2>\n\t\t\t\n\t\t\t\n\t\t\t<div class=\"contact-form\"><script type=\"text\/javascript\">\n\/* <![CDATA[ *\/\nvar gform;gform||(document.addEventListener(\"gform_main_scripts_loaded\",function(){gform.scriptsLoaded=!0}),document.addEventListener(\"gform\/theme\/scripts_loaded\",function(){gform.themeScriptsLoaded=!0}),window.addEventListener(\"DOMContentLoaded\",function(){gform.domLoaded=!0}),gform={domLoaded:!1,scriptsLoaded:!1,themeScriptsLoaded:!1,isFormEditor:()=>\"function\"==typeof InitializeEditor,callIfLoaded:function(o){return!(!gform.domLoaded||!gform.scriptsLoaded||!gform.themeScriptsLoaded&&!gform.isFormEditor()||(gform.isFormEditor()&&console.warn(\"The use of gform.initializeOnLoaded() is deprecated in the form editor context and will be removed in Gravity Forms 3.1.\"),o(),0))},initializeOnLoaded:function(o){gform.callIfLoaded(o)||(document.addEventListener(\"gform_main_scripts_loaded\",()=>{gform.scriptsLoaded=!0,gform.callIfLoaded(o)}),document.addEventListener(\"gform\/theme\/scripts_loaded\",()=>{gform.themeScriptsLoaded=!0,gform.callIfLoaded(o)}),window.addEventListener(\"DOMContentLoaded\",()=>{gform.domLoaded=!0,gform.callIfLoaded(o)}))},hooks:{action:{},filter:{}},addAction:function(o,r,e,t){gform.addHook(\"action\",o,r,e,t)},addFilter:function(o,r,e,t){gform.addHook(\"filter\",o,r,e,t)},doAction:function(o){gform.doHook(\"action\",o,arguments)},applyFilters:function(o){return gform.doHook(\"filter\",o,arguments)},removeAction:function(o,r){gform.removeHook(\"action\",o,r)},removeFilter:function(o,r,e){gform.removeHook(\"filter\",o,r,e)},addHook:function(o,r,e,t,n){null==gform.hooks[o][r]&&(gform.hooks[o][r]=[]);var d=gform.hooks[o][r];null==n&&(n=r+\"_\"+d.length),gform.hooks[o][r].push({tag:n,callable:e,priority:t=null==t?10:t})},doHook:function(r,o,e){var t;if(e=Array.prototype.slice.call(e,1),null!=gform.hooks[r][o]&&((o=gform.hooks[r][o]).sort(function(o,r){return o.priority-r.priority}),o.forEach(function(o){\"function\"!=typeof(t=o.callable)&&(t=window[t]),\"action\"==r?t.apply(null,e):e[0]=t.apply(null,e)})),\"filter\"==r)return e[0]},removeHook:function(o,r,t,n){var e;null!=gform.hooks[o][r]&&(e=(e=gform.hooks[o][r]).filter(function(o,r,e){return!!(null!=n&&n!=o.tag||null!=t&&t!=o.priority)}),gform.hooks[o][r]=e)}});\n\/* ]]> *\/\n<\/script>\n\n                <div class=\"gf_browser_gecko gform_wrapper gravity-theme gform-theme--no-framework\" data-form-theme=\"gravity-theme\" data-form-index=\"0\" id=\"gform_wrapper_1\" style=\"display:none\"><div id=\"gf_1\" class=\"gform_anchor\" tabindex=\"-1\"><\/div>\n                        <div class=\"gform_heading\">\n\t\t\t\t\t\t\t<p class=\"gform_required_legend\">\"<span class=\"gfield_required gfield_required_asterisk\">*<\/span>\" indicates required fields<\/p>\n                        <\/div><form method=\"post\" enctype=\"multipart\/form-data\" id=\"gform_1\" action=\"\/en\/wp-json\/wp\/v2\/pages\/1935#gf_1\" data-formid=\"1\" novalidate=\"\">\n                        <div class=\"gform-body gform_body\"><div id=\"gform_fields_1\" class=\"gform_fields top_label form_sublabel_below description_below validation_below\"><div id=\"field_1_4\" class=\"gfield gfield--type-honeypot gform_validation_container field_sublabel_below gfield--has-description field_description_below field_validation_below gfield_visibility_visible\"><label class=\"gfield_label gform-field-label\" for=\"input_1_4\">Comments<\/label><div class=\"ginput_container\"><input name=\"input_4\" id=\"input_1_4\" type=\"text\" value=\"\" autocomplete=\"new-password\"><\/div><div class=\"gfield_description\" id=\"gfield_description_1_4\">This field is for validation purposes and should be left unchanged.<\/div><\/div><div id=\"field_1_1\" class=\"gfield gfield--type-text gfield--input-type-text gfield--width-half gfield_contains_required field_sublabel_below gfield--no-description field_description_below field_validation_below gfield_visibility_visible\"><label class=\"gfield_label gform-field-label\" for=\"input_1_1\">Name<span class=\"gfield_required\"><span class=\"gfield_required gfield_required_asterisk\">*<\/span><\/span><\/label><div class=\"ginput_container ginput_container_text\"><input name=\"input_1\" id=\"input_1_1\" type=\"text\" value=\"\" class=\"large\" aria-required=\"true\" aria-invalid=\"false\"><\/div><\/div><div id=\"field_1_2\" class=\"gfield gfield--type-email gfield--input-type-email gfield--width-half gfield_contains_required field_sublabel_below gfield--no-description field_description_below field_validation_below gfield_visibility_visible\"><label class=\"gfield_label gform-field-label\" for=\"input_1_2\">Email<span class=\"gfield_required\"><span class=\"gfield_required gfield_required_asterisk\">*<\/span><\/span><\/label><div class=\"ginput_container ginput_container_email\">\n                            <input name=\"input_2\" id=\"input_1_2\" type=\"email\" value=\"\" class=\"large\" aria-required=\"true\" aria-invalid=\"false\">\n                        <\/div><\/div><div id=\"field_1_3\" class=\"gfield gfield--type-textarea gfield--input-type-textarea gfield--width-full gfield_contains_required field_sublabel_below gfield--no-description field_description_below field_validation_below gfield_visibility_visible\"><label class=\"gfield_label gform-field-label\" for=\"input_1_3\">Message \/ comment<span class=\"gfield_required\"><span class=\"gfield_required gfield_required_asterisk\">*<\/span><\/span><\/label><div class=\"ginput_container ginput_container_textarea\"><textarea name=\"input_3\" id=\"input_1_3\" class=\"textarea large\" aria-required=\"true\" aria-invalid=\"false\" rows=\"10\" cols=\"50\"><\/textarea><\/div><\/div><\/div><\/div>\n        <div class=\"gform-footer gform_footer top_label\"> <button type=\"submit\" id=\"gform_submit_button_1\" class=\"gform_button button half-naked arrow-after\" data-submission-type=\"submit\">Send<\/button> \n            <input type=\"hidden\" class=\"gform_hidden\" name=\"gform_submission_method\" data-js=\"gform_submission_method_1\" value=\"postback\">\n            <input type=\"hidden\" class=\"gform_hidden\" name=\"gform_theme\" data-js=\"gform_theme_1\" id=\"gform_theme_1\" value=\"gravity-theme\">\n            <input type=\"hidden\" class=\"gform_hidden\" name=\"gform_style_settings\" data-js=\"gform_style_settings_1\" id=\"gform_style_settings_1\" value=\"\">\n            <input type=\"hidden\" class=\"gform_hidden\" name=\"is_submit_1\" value=\"1\">\n            <input type=\"hidden\" class=\"gform_hidden\" name=\"gform_submit\" value=\"1\">\n            \n            <input type=\"hidden\" class=\"gform_hidden\" name=\"gform_currency\" data-currency=\"CAD\" value=\"TZ+5Z46zxxAQ7Qf6gn7S4bU8LW6u5vxWlNRoYZy0mxgwzN5QSk9YsjHB8Ji5xxOllzVPVppTeQ051pjHkrVP1i2p9wKKaPHAqZpvqnYyauRL6PM=\">\n            <input type=\"hidden\" class=\"gform_hidden\" name=\"gform_unique_id\" value=\"\">\n            <input type=\"hidden\" class=\"gform_hidden\" name=\"state_1\" value=\"WyJbXSIsIjJlZDEyZDU4NWRmYjg4ODFjYWZkNTk1ZjZmZWU3Y2U0Il0=\">\n            <input type=\"hidden\" autocomplete=\"off\" class=\"gform_hidden\" name=\"gform_target_page_number_1\" id=\"gform_target_page_number_1\" value=\"0\">\n            <input type=\"hidden\" autocomplete=\"off\" class=\"gform_hidden\" name=\"gform_source_page_number_1\" id=\"gform_source_page_number_1\" value=\"1\">\n            <input type=\"hidden\" name=\"gform_field_values\" value=\"\">\n            \n        <\/div>\n                        <\/form>\n                        <\/div><script type=\"text\/javascript\">\n\/* <![CDATA[ *\/\n gform.initializeOnLoaded( function() {gformInitSpinner( 1, 'https:\/\/www.patrimoine-religieux.qc.ca\/wp-content\/plugins\/gravityforms\/images\/spinner.svg', true );jQuery('#gform_ajax_frame_1').on('load',function(){var contents = jQuery(this).contents().find('*').html();var is_postback = contents.indexOf('GF_AJAX_POSTBACK') >= 0;if(!is_postback){return;}var form_content = jQuery(this).contents().find('#gform_wrapper_1');var is_confirmation = jQuery(this).contents().find('#gform_confirmation_wrapper_1').length > 0;var is_redirect = contents.indexOf('gformRedirect(){') >= 0;var is_form = form_content.length > 0 && ! is_redirect && ! is_confirmation;var mt = parseInt(jQuery('html').css('margin-top'), 10) + parseInt(jQuery('body').css('margin-top'), 10) + 100;if(is_form){form_content.find('form').css('opacity', 0);jQuery('#gform_wrapper_1').html(form_content.html());if(form_content.hasClass('gform_validation_error')){jQuery('#gform_wrapper_1').addClass('gform_validation_error');} else {jQuery('#gform_wrapper_1').removeClass('gform_validation_error');}setTimeout( function() { \/* delay the scroll by 50 milliseconds to fix a bug in chrome *\/ jQuery(document).scrollTop(jQuery('#gform_wrapper_1').offset().top - mt); }, 50 );if(window['gformInitDatepicker']) {gformInitDatepicker();}if(window['gformInitPriceFields']) {gformInitPriceFields();}var current_page = jQuery('#gform_source_page_number_1').val();gformInitSpinner( 1, 'https:\/\/www.patrimoine-religieux.qc.ca\/wp-content\/plugins\/gravityforms\/images\/spinner.svg', true );jQuery(document).trigger('gform_page_loaded', [1, current_page]);window['gf_submitting_1'] = false;}else if(!is_redirect){var confirmation_content = jQuery(this).contents().find('.GF_AJAX_POSTBACK').html();if(!confirmation_content){confirmation_content = contents;}jQuery('#gform_wrapper_1').replaceWith(confirmation_content);jQuery(document).scrollTop(jQuery('#gf_1').offset().top - mt);jQuery(document).trigger('gform_confirmation_loaded', [1]);window['gf_submitting_1'] = false;wp.a11y.speak(jQuery('#gform_confirmation_message_1').text());}else{jQuery('#gform_1').append(contents);if(window['gformRedirect']) {gformRedirect();}}jQuery(document).trigger(\"gform_pre_post_render\", [{ formId: \"1\", currentPage: \"current_page\", abort: function() { this.preventDefault(); } }]);        if (event && event.defaultPrevented) {                return;        }        const gformWrapperDiv = document.getElementById( \"gform_wrapper_1\" );        if ( gformWrapperDiv ) {            const visibilitySpan = document.createElement( \"span\" );            visibilitySpan.id = \"gform_visibility_test_1\";            gformWrapperDiv.insertAdjacentElement( \"afterend\", visibilitySpan );        }        const visibilityTestDiv = document.getElementById( \"gform_visibility_test_1\" );        let postRenderFired = false;        function triggerPostRender() {            if ( postRenderFired ) {                return;            }            postRenderFired = true;            gform.core.triggerPostRenderEvents( 1, current_page );            if ( visibilityTestDiv ) {                visibilityTestDiv.parentNode.removeChild( visibilityTestDiv );            }        }        function debounce( func, wait, immediate ) {            var timeout;            return function() {                var context = this, args = arguments;                var later = function() {                    timeout = null;                    if ( !immediate ) func.apply( context, args );                };                var callNow = immediate && !timeout;                clearTimeout( timeout );                timeout = setTimeout( later, wait );                if ( callNow ) func.apply( context, args );            };        }        const debouncedTriggerPostRender = debounce( function() {            triggerPostRender();        }, 200 );        if ( visibilityTestDiv && visibilityTestDiv.offsetParent === null ) {            const observer = new MutationObserver( ( mutations ) => {                mutations.forEach( ( mutation ) => {                    if ( mutation.type === 'attributes' && visibilityTestDiv.offsetParent !== null ) {                        debouncedTriggerPostRender();                        observer.disconnect();                    }                });            });            observer.observe( document.body, {                attributes: true,                childList: false,                subtree: true,                attributeFilter: [ 'style', 'class' ],            });        } else {            triggerPostRender();        }    } );} ); \n\/* ]]> *\/\n<\/script>\n<\/div>\n\n\t\t<\/div>\n\t<\/div>\n<\/section>","protected":false},"excerpt":{"rendered":"","protected":false},"author":1,"featured_media":0,"parent":0,"menu_order":69,"comment_status":"closed","ping_status":"closed","template":"","meta":{"_acf_changed":false,"footnotes":""},"class_list":["post-1935","page","type-page","status-publish","hentry"],"acf":[],"yoast_head":"<!-- This site is optimized with the Yoast SEO plugin v27.3 - https:\/\/yoast.com\/product\/yoast-seo-wordpress\/ -->\n<title>Join us - Conseil du patrimoine religieux du Qu\u00e9bec<\/title>\n<meta name=\"robots\" content=\"index, follow, max-snippet:-1, max-image-preview:large, max-video-preview:-1\" \/>\n<link rel=\"canonical\" href=\"https:\/\/www.patrimoine-religieux.qc.ca\/en\/join-us\/\" \/>\n<meta property=\"og:locale\" content=\"en_US\" \/>\n<meta property=\"og:type\" content=\"article\" \/>\n<meta property=\"og:title\" content=\"Join us - Conseil du patrimoine religieux du Qu\u00e9bec\" \/>\n<meta property=\"og:url\" content=\"https:\/\/www.patrimoine-religieux.qc.ca\/en\/join-us\/\" \/>\n<meta property=\"og:site_name\" content=\"Conseil du patrimoine religieux du Qu\u00e9bec\" \/>\n<meta property=\"article:modified_time\" content=\"2024-12-04T18:15:08+00:00\" \/>\n<meta name=\"twitter:card\" content=\"summary_large_image\" \/>\n<script type=\"application\/ld+json\" class=\"yoast-schema-graph\">{\"@context\":\"https:\\\/\\\/schema.org\",\"@graph\":[{\"@type\":\"WebPage\",\"@id\":\"https:\\\/\\\/www.patrimoine-religieux.qc.ca\\\/en\\\/join-us\\\/\",\"url\":\"https:\\\/\\\/www.patrimoine-religieux.qc.ca\\\/en\\\/join-us\\\/\",\"name\":\"Join us - Conseil du patrimoine religieux du Qu\u00e9bec\",\"isPartOf\":{\"@id\":\"https:\\\/\\\/www.patrimoine-religieux.qc.ca\\\/en\\\/#website\"},\"datePublished\":\"2015-10-13T19:00:18+00:00\",\"dateModified\":\"2024-12-04T18:15:08+00:00\",\"breadcrumb\":{\"@id\":\"https:\\\/\\\/www.patrimoine-religieux.qc.ca\\\/en\\\/join-us\\\/#breadcrumb\"},\"inLanguage\":\"en-US\",\"potentialAction\":[{\"@type\":\"ReadAction\",\"target\":[\"https:\\\/\\\/www.patrimoine-religieux.qc.ca\\\/en\\\/join-us\\\/\"]}]},{\"@type\":\"BreadcrumbList\",\"@id\":\"https:\\\/\\\/www.patrimoine-religieux.qc.ca\\\/en\\\/join-us\\\/#breadcrumb\",\"itemListElement\":[{\"@type\":\"ListItem\",\"position\":1,\"name\":\"Accueil\",\"item\":\"https:\\\/\\\/www.patrimoine-religieux.qc.ca\\\/en\\\/\"},{\"@type\":\"ListItem\",\"position\":2,\"name\":\"Join us\"}]},{\"@type\":\"WebSite\",\"@id\":\"https:\\\/\\\/www.patrimoine-religieux.qc.ca\\\/en\\\/#website\",\"url\":\"https:\\\/\\\/www.patrimoine-religieux.qc.ca\\\/en\\\/\",\"name\":\"Conseil du patrimoine religieux du Qu\u00e9bec\",\"description\":\"Soutenir et promouvoir la conservation du patrimoine religieux qu\u00e9b\u00e9cois\",\"potentialAction\":[{\"@type\":\"SearchAction\",\"target\":{\"@type\":\"EntryPoint\",\"urlTemplate\":\"https:\\\/\\\/www.patrimoine-religieux.qc.ca\\\/en\\\/?s={search_term_string}\"},\"query-input\":{\"@type\":\"PropertyValueSpecification\",\"valueRequired\":true,\"valueName\":\"search_term_string\"}}],\"inLanguage\":\"en-US\"}]}<\/script>\n<!-- \/ Yoast SEO plugin. -->","yoast_head_json":{"title":"Join us - Conseil du patrimoine religieux du Qu\u00e9bec","robots":{"index":"index","follow":"follow","max-snippet":"max-snippet:-1","max-image-preview":"max-image-preview:large","max-video-preview":"max-video-preview:-1"},"canonical":"https:\/\/www.patrimoine-religieux.qc.ca\/en\/join-us\/","og_locale":"en_US","og_type":"article","og_title":"Join us - Conseil du patrimoine religieux du Qu\u00e9bec","og_url":"https:\/\/www.patrimoine-religieux.qc.ca\/en\/join-us\/","og_site_name":"Conseil du patrimoine religieux du Qu\u00e9bec","article_modified_time":"2024-12-04T18:15:08+00:00","twitter_card":"summary_large_image","schema":{"@context":"https:\/\/schema.org","@graph":[{"@type":"WebPage","@id":"https:\/\/www.patrimoine-religieux.qc.ca\/en\/join-us\/","url":"https:\/\/www.patrimoine-religieux.qc.ca\/en\/join-us\/","name":"Join us - Conseil du patrimoine religieux du Qu\u00e9bec","isPartOf":{"@id":"https:\/\/www.patrimoine-religieux.qc.ca\/en\/#website"},"datePublished":"2015-10-13T19:00:18+00:00","dateModified":"2024-12-04T18:15:08+00:00","breadcrumb":{"@id":"https:\/\/www.patrimoine-religieux.qc.ca\/en\/join-us\/#breadcrumb"},"inLanguage":"en-US","potentialAction":[{"@type":"ReadAction","target":["https:\/\/www.patrimoine-religieux.qc.ca\/en\/join-us\/"]}]},{"@type":"BreadcrumbList","@id":"https:\/\/www.patrimoine-religieux.qc.ca\/en\/join-us\/#breadcrumb","itemListElement":[{"@type":"ListItem","position":1,"name":"Accueil","item":"https:\/\/www.patrimoine-religieux.qc.ca\/en\/"},{"@type":"ListItem","position":2,"name":"Join us"}]},{"@type":"WebSite","@id":"https:\/\/www.patrimoine-religieux.qc.ca\/en\/#website","url":"https:\/\/www.patrimoine-religieux.qc.ca\/en\/","name":"Conseil du patrimoine religieux du Qu\u00e9bec","description":"Soutenir et promouvoir la conservation du patrimoine religieux qu\u00e9b\u00e9cois","potentialAction":[{"@type":"SearchAction","target":{"@type":"EntryPoint","urlTemplate":"https:\/\/www.patrimoine-religieux.qc.ca\/en\/?s={search_term_string}"},"query-input":{"@type":"PropertyValueSpecification","valueRequired":true,"valueName":"search_term_string"}}],"inLanguage":"en-US"}]}},"_links":{"self":[{"href":"https:\/\/www.patrimoine-religieux.qc.ca\/en\/wp-json\/wp\/v2\/pages\/1935","targetHints":{"allow":["GET"]}}],"collection":[{"href":"https:\/\/www.patrimoine-religieux.qc.ca\/en\/wp-json\/wp\/v2\/pages"}],"about":[{"href":"https:\/\/www.patrimoine-religieux.qc.ca\/en\/wp-json\/wp\/v2\/types\/page"}],"author":[{"embeddable":true,"href":"https:\/\/www.patrimoine-religieux.qc.ca\/en\/wp-json\/wp\/v2\/users\/1"}],"replies":[{"embeddable":true,"href":"https:\/\/www.patrimoine-religieux.qc.ca\/en\/wp-json\/wp\/v2\/comments?post=1935"}],"version-history":[{"count":2,"href":"https:\/\/www.patrimoine-religieux.qc.ca\/en\/wp-json\/wp\/v2\/pages\/1935\/revisions"}],"predecessor-version":[{"id":1939,"href":"https:\/\/www.patrimoine-religieux.qc.ca\/en\/wp-json\/wp\/v2\/pages\/1935\/revisions\/1939"}],"wp:attachment":[{"href":"https:\/\/www.patrimoine-religieux.qc.ca\/en\/wp-json\/wp\/v2\/media?parent=1935"}],"curies":[{"name":"wp","href":"https:\/\/api.w.org\/{rel}","templated":true}]}}