{"id":1928,"date":"2024-10-17T16:07:02","date_gmt":"2024-10-17T20:07:02","guid":{"rendered":"https:\/\/www.patrimoine-religieux.qc.ca\/?page_id=1928"},"modified":"2025-11-26T14:58:24","modified_gmt":"2025-11-26T19:58:24","slug":"make-a-donation","status":"publish","type":"page","link":"https:\/\/www.patrimoine-religieux.qc.ca\/en\/make-a-donation\/","title":{"rendered":"Make a Donation"},"content":{"rendered":"<header class=\"page-hero hero-size-compact progressive-fade-in\">\n\t\t<div class=\"hero-inner progressive-fade-in-element progressive-fade-in-element-1\">\n\n\t\t\t<div class=\"content-block\">\n\t\t\t\t<div class=\"content-block-inner content-width\">\n\n\t\t\t\t\t<div class=\"text-block\">\n\n\t\t\t\t\t\t\n\t\t\t\t\t\t\n\t\t\t\t\t\t\n\t\t\t\t\t<\/div>\n\n\t\t\t\t\t\n\t\t\t\t\t\n\t\t\t\t\t\n\t\t\t\t\t\n\t\t\t\t\t\t\t\n\n\t\t\t\t\t\n\t\t\t\t\t\n\t\t\t\t\t\n\t\t\t\t\t\n\t\t\t\t\t\t\t\t\t\t\n\t\n\t\t\t\t\t\n\t\t\t\t<\/div>\n\t\t\t<\/div>\n\t\t<\/div>\n\t<\/header>\n\n\n<section id=\"block_cba23c4caf56136829ff00223fc924f4\" class=\"page-block page-block-side-by-side progressive-fade-in page-block-margin-none page-block-bg-none\">\n\t\t<div class=\"page-block-inner progressive-fade-in-element progressive-fade-in-element-1\">\n\n\t\t\n\t\t\t<div class=\"page-block-sides sides sides-margin-standard\"><div class=\"page-block-side content-type-text content-width content-position-top\">\n<div class=\"page-block-bg-none side-inner\">\n<div class=\"side-content\">\n<div class=\"page-block-text wysiwyg\"><p>Since its inception, the Qu\u00e9bec Religious Heritage Council has taken an active part in learning about and restoring Quebec\u2019s religious heritage.<\/p>\n<p>The Qu\u00e9bec Religious Heritage Council is keenly aware of the need to make this heritage widely accessible and is working to raise Quebecers\u2019 awareness of the value of these central features of our collective history, and the importance of preserving them.<\/p>\n<p>We call on your generosity to assist the\u00a0 Qu\u00e9bec Religious Heritage Council in its endeavour.<\/p>\n<\/div>\n<\/div>\n<\/div>\n<\/div>\n<div class=\"page-block-side content-type-text content-width add-bg-globe content-position-top\">\n<div class=\"page-block-has-bg-color page-block-bg-white side-inner\">\n<div class=\"side-content\">\n<div class=\"page-block-text wysiwyg\"><div class=\"wysiwyg\">\n<div class=\"content-block thumb\">\n<div class=\"content-text\">\n<h3>By financially supporting the Qu\u00e9bec Religious Heritage Council, you\u2019re participatint\u00a0in our efforts to preserve and enhance Quebec\u2019s religious heritage!<\/h3>\n<p>You can make your donation online using <a href=\"https:\/\/www.zeffy.com\/fr-CA\/donation-form\/votre-don-notre-patrimoine\">Zeffy<\/a> or <a href=\"https:\/\/www.patrimoine-religieux.qc.ca\/wp-content\/uploads\/2024\/12\/form_don_en1.docx\" target=\"_blank\" rel=\"noopener\">by printing this form<\/a> and send it along with your check, by mail.<\/p>\n<\/div>\n<\/div>\n<\/div>\n<p><a class=\"button half-naked arrow-after\" href=\"https:\/\/www.zeffy.com\/fr-CA\/donation-form\/votre-don-notre-patrimoine\">Make a donation<\/a><\/p>\n<\/div>\n<\/div>\n<\/div>\n<\/div>\n<\/div>\n\n\t\t\n\t\t<\/div>\n\t<\/section>","protected":false},"excerpt":{"rendered":"","protected":false},"author":1,"featured_media":743,"parent":0,"menu_order":57,"comment_status":"closed","ping_status":"closed","template":"","meta":{"_acf_changed":false,"footnotes":""},"class_list":["post-1928","page","type-page","status-publish","has-post-thumbnail","hentry"],"acf":[],"yoast_head":"<!-- This site is optimized with the Yoast SEO plugin v27.3 - https:\/\/yoast.com\/product\/yoast-seo-wordpress\/ -->\n<title>Make a Donation - Conseil du patrimoine religieux du Qu\u00e9bec<\/title>\n<meta name=\"robots\" content=\"index, follow, max-snippet:-1, max-image-preview:large, max-video-preview:-1\" \/>\n<link rel=\"canonical\" href=\"https:\/\/www.patrimoine-religieux.qc.ca\/en\/make-a-donation\/\" \/>\n<meta property=\"og:locale\" content=\"en_US\" \/>\n<meta property=\"og:type\" content=\"article\" \/>\n<meta property=\"og:title\" content=\"Make a Donation - Conseil du patrimoine religieux du Qu\u00e9bec\" \/>\n<meta property=\"og:url\" content=\"https:\/\/www.patrimoine-religieux.qc.ca\/en\/make-a-donation\/\" \/>\n<meta property=\"og:site_name\" content=\"Conseil du patrimoine religieux du Qu\u00e9bec\" \/>\n<meta property=\"article:modified_time\" content=\"2025-11-26T19:58:24+00:00\" \/>\n<meta property=\"og:image\" content=\"https:\/\/www.patrimoine-religieux.qc.ca\/wp-content\/uploads\/2024\/10\/oratoire-saint-joseph.jpg\" \/>\n\t<meta property=\"og:image:width\" content=\"1800\" \/>\n\t<meta property=\"og:image:height\" content=\"1120\" \/>\n\t<meta property=\"og:image:type\" content=\"image\/jpeg\" \/>\n<meta name=\"twitter:card\" content=\"summary_large_image\" \/>\n<meta name=\"twitter:label1\" content=\"Est. reading time\" \/>\n\t<meta name=\"twitter:data1\" content=\"1 minute\" \/>\n<script type=\"application\/ld+json\" class=\"yoast-schema-graph\">{\"@context\":\"https:\\\/\\\/schema.org\",\"@graph\":[{\"@type\":\"WebPage\",\"@id\":\"https:\\\/\\\/www.patrimoine-religieux.qc.ca\\\/en\\\/make-a-donation\\\/\",\"url\":\"https:\\\/\\\/www.patrimoine-religieux.qc.ca\\\/en\\\/make-a-donation\\\/\",\"name\":\"Make a Donation - Conseil du patrimoine religieux du Qu\u00e9bec\",\"isPartOf\":{\"@id\":\"https:\\\/\\\/www.patrimoine-religieux.qc.ca\\\/en\\\/#website\"},\"primaryImageOfPage\":{\"@id\":\"https:\\\/\\\/www.patrimoine-religieux.qc.ca\\\/en\\\/make-a-donation\\\/#primaryimage\"},\"image\":{\"@id\":\"https:\\\/\\\/www.patrimoine-religieux.qc.ca\\\/en\\\/make-a-donation\\\/#primaryimage\"},\"thumbnailUrl\":\"https:\\\/\\\/www.patrimoine-religieux.qc.ca\\\/wp-content\\\/uploads\\\/2024\\\/10\\\/oratoire-saint-joseph.jpg\",\"datePublished\":\"2024-10-17T20:07:02+00:00\",\"dateModified\":\"2025-11-26T19:58:24+00:00\",\"breadcrumb\":{\"@id\":\"https:\\\/\\\/www.patrimoine-religieux.qc.ca\\\/en\\\/make-a-donation\\\/#breadcrumb\"},\"inLanguage\":\"en-US\",\"potentialAction\":[{\"@type\":\"ReadAction\",\"target\":[\"https:\\\/\\\/www.patrimoine-religieux.qc.ca\\\/en\\\/make-a-donation\\\/\"]}]},{\"@type\":\"ImageObject\",\"inLanguage\":\"en-US\",\"@id\":\"https:\\\/\\\/www.patrimoine-religieux.qc.ca\\\/en\\\/make-a-donation\\\/#primaryimage\",\"url\":\"https:\\\/\\\/www.patrimoine-religieux.qc.ca\\\/wp-content\\\/uploads\\\/2024\\\/10\\\/oratoire-saint-joseph.jpg\",\"contentUrl\":\"https:\\\/\\\/www.patrimoine-religieux.qc.ca\\\/wp-content\\\/uploads\\\/2024\\\/10\\\/oratoire-saint-joseph.jpg\",\"width\":1800,\"height\":1120},{\"@type\":\"BreadcrumbList\",\"@id\":\"https:\\\/\\\/www.patrimoine-religieux.qc.ca\\\/en\\\/make-a-donation\\\/#breadcrumb\",\"itemListElement\":[{\"@type\":\"ListItem\",\"position\":1,\"name\":\"Accueil\",\"item\":\"https:\\\/\\\/www.patrimoine-religieux.qc.ca\\\/en\\\/\"},{\"@type\":\"ListItem\",\"position\":2,\"name\":\"Make a Donation\"}]},{\"@type\":\"WebSite\",\"@id\":\"https:\\\/\\\/www.patrimoine-religieux.qc.ca\\\/en\\\/#website\",\"url\":\"https:\\\/\\\/www.patrimoine-religieux.qc.ca\\\/en\\\/\",\"name\":\"Conseil du patrimoine religieux du Qu\u00e9bec\",\"description\":\"Soutenir et promouvoir la conservation du patrimoine religieux qu\u00e9b\u00e9cois\",\"potentialAction\":[{\"@type\":\"SearchAction\",\"target\":{\"@type\":\"EntryPoint\",\"urlTemplate\":\"https:\\\/\\\/www.patrimoine-religieux.qc.ca\\\/en\\\/?s={search_term_string}\"},\"query-input\":{\"@type\":\"PropertyValueSpecification\",\"valueRequired\":true,\"valueName\":\"search_term_string\"}}],\"inLanguage\":\"en-US\"}]}<\/script>\n<!-- \/ Yoast SEO plugin. -->","yoast_head_json":{"title":"Make a Donation - Conseil du patrimoine religieux du Qu\u00e9bec","robots":{"index":"index","follow":"follow","max-snippet":"max-snippet:-1","max-image-preview":"max-image-preview:large","max-video-preview":"max-video-preview:-1"},"canonical":"https:\/\/www.patrimoine-religieux.qc.ca\/en\/make-a-donation\/","og_locale":"en_US","og_type":"article","og_title":"Make a Donation - Conseil du patrimoine religieux du Qu\u00e9bec","og_url":"https:\/\/www.patrimoine-religieux.qc.ca\/en\/make-a-donation\/","og_site_name":"Conseil du patrimoine religieux du Qu\u00e9bec","article_modified_time":"2025-11-26T19:58:24+00:00","og_image":[{"width":1800,"height":1120,"url":"https:\/\/www.patrimoine-religieux.qc.ca\/wp-content\/uploads\/2024\/10\/oratoire-saint-joseph.jpg","type":"image\/jpeg"}],"twitter_card":"summary_large_image","twitter_misc":{"Est. reading time":"1 minute"},"schema":{"@context":"https:\/\/schema.org","@graph":[{"@type":"WebPage","@id":"https:\/\/www.patrimoine-religieux.qc.ca\/en\/make-a-donation\/","url":"https:\/\/www.patrimoine-religieux.qc.ca\/en\/make-a-donation\/","name":"Make a Donation - Conseil du patrimoine religieux du Qu\u00e9bec","isPartOf":{"@id":"https:\/\/www.patrimoine-religieux.qc.ca\/en\/#website"},"primaryImageOfPage":{"@id":"https:\/\/www.patrimoine-religieux.qc.ca\/en\/make-a-donation\/#primaryimage"},"image":{"@id":"https:\/\/www.patrimoine-religieux.qc.ca\/en\/make-a-donation\/#primaryimage"},"thumbnailUrl":"https:\/\/www.patrimoine-religieux.qc.ca\/wp-content\/uploads\/2024\/10\/oratoire-saint-joseph.jpg","datePublished":"2024-10-17T20:07:02+00:00","dateModified":"2025-11-26T19:58:24+00:00","breadcrumb":{"@id":"https:\/\/www.patrimoine-religieux.qc.ca\/en\/make-a-donation\/#breadcrumb"},"inLanguage":"en-US","potentialAction":[{"@type":"ReadAction","target":["https:\/\/www.patrimoine-religieux.qc.ca\/en\/make-a-donation\/"]}]},{"@type":"ImageObject","inLanguage":"en-US","@id":"https:\/\/www.patrimoine-religieux.qc.ca\/en\/make-a-donation\/#primaryimage","url":"https:\/\/www.patrimoine-religieux.qc.ca\/wp-content\/uploads\/2024\/10\/oratoire-saint-joseph.jpg","contentUrl":"https:\/\/www.patrimoine-religieux.qc.ca\/wp-content\/uploads\/2024\/10\/oratoire-saint-joseph.jpg","width":1800,"height":1120},{"@type":"BreadcrumbList","@id":"https:\/\/www.patrimoine-religieux.qc.ca\/en\/make-a-donation\/#breadcrumb","itemListElement":[{"@type":"ListItem","position":1,"name":"Accueil","item":"https:\/\/www.patrimoine-religieux.qc.ca\/en\/"},{"@type":"ListItem","position":2,"name":"Make a Donation"}]},{"@type":"WebSite","@id":"https:\/\/www.patrimoine-religieux.qc.ca\/en\/#website","url":"https:\/\/www.patrimoine-religieux.qc.ca\/en\/","name":"Conseil du patrimoine religieux du Qu\u00e9bec","description":"Soutenir et promouvoir la conservation du patrimoine religieux qu\u00e9b\u00e9cois","potentialAction":[{"@type":"SearchAction","target":{"@type":"EntryPoint","urlTemplate":"https:\/\/www.patrimoine-religieux.qc.ca\/en\/?s={search_term_string}"},"query-input":{"@type":"PropertyValueSpecification","valueRequired":true,"valueName":"search_term_string"}}],"inLanguage":"en-US"}]}},"_links":{"self":[{"href":"https:\/\/www.patrimoine-religieux.qc.ca\/en\/wp-json\/wp\/v2\/pages\/1928","targetHints":{"allow":["GET"]}}],"collection":[{"href":"https:\/\/www.patrimoine-religieux.qc.ca\/en\/wp-json\/wp\/v2\/pages"}],"about":[{"href":"https:\/\/www.patrimoine-religieux.qc.ca\/en\/wp-json\/wp\/v2\/types\/page"}],"author":[{"embeddable":true,"href":"https:\/\/www.patrimoine-religieux.qc.ca\/en\/wp-json\/wp\/v2\/users\/1"}],"replies":[{"embeddable":true,"href":"https:\/\/www.patrimoine-religieux.qc.ca\/en\/wp-json\/wp\/v2\/comments?post=1928"}],"version-history":[{"count":3,"href":"https:\/\/www.patrimoine-religieux.qc.ca\/en\/wp-json\/wp\/v2\/pages\/1928\/revisions"}],"predecessor-version":[{"id":64942,"href":"https:\/\/www.patrimoine-religieux.qc.ca\/en\/wp-json\/wp\/v2\/pages\/1928\/revisions\/64942"}],"wp:featuredmedia":[{"embeddable":true,"href":"https:\/\/www.patrimoine-religieux.qc.ca\/en\/wp-json\/wp\/v2\/media\/743"}],"wp:attachment":[{"href":"https:\/\/www.patrimoine-religieux.qc.ca\/en\/wp-json\/wp\/v2\/media?parent=1928"}],"curies":[{"name":"wp","href":"https:\/\/api.w.org\/{rel}","templated":true}]}}