{"id":1867,"date":"2024-10-17T16:24:08","date_gmt":"2024-10-17T20:24:08","guid":{"rendered":"https:\/\/www.patrimoine-religieux.qc.ca\/?page_id=1867"},"modified":"2025-03-20T11:35:50","modified_gmt":"2025-03-20T15:35:50","slug":"financial-assistance","status":"publish","type":"page","link":"https:\/\/www.patrimoine-religieux.qc.ca\/en\/financial-assistance\/","title":{"rendered":"Financial Assistance"},"content":{"rendered":"<header class=\"page-hero hero-size-compact progressive-fade-in\">\n\t\t<div class=\"hero-inner progressive-fade-in-element progressive-fade-in-element-1\">\n\n\t\t\t<div class=\"content-block\">\n\t\t\t\t<div class=\"content-block-inner content-width\">\n\n\t\t\t\t\t<div class=\"text-block\">\n\n\t\t\t\t\t\t\n\t\t\t\t\t\t\n\t\t\t\t\t\t\n\t\t\t\t\t<\/div>\n\n\t\t\t\t\t\n\t\t\t\t\t\n\t\t\t\t\t\n\t\t\t\t\t\n\t\t\t\t\t\t\t\n\n\t\t\t\t\t\n\t\t\t\t\t\n\t\t\t\t\t\n\t\t\t\t\t\n\t\t\t\t\t\t\t\t\t\t\n\t\n\t\t\t\t\t\n\t\t\t\t<\/div>\n\t\t\t<\/div>\n\t\t<\/div>\n\t<\/header>\n\n\n<section id=\"block_2111e81f095115a7931c74b3691ff632\" class=\"page-block page-block-side-by-side progressive-fade-in page-block-margin-none page-block-bg-none\">\n\t\t<div class=\"page-block-inner progressive-fade-in-element progressive-fade-in-element-1\">\n\n\t\t\n\t\t\t<div class=\"page-block-sides sides sides-margin-standard\"><div class=\"page-block-side content-type-text content-width content-position-top\">\n<div class=\"page-block-bg-none side-inner\">\n<div class=\"side-content\">\n<div class=\"page-block-text wysiwyg\"><p>The authorities have focused special attention on Safeguarding Quebec\u2019s religious heritage. Since 1995, the Minist\u00e8re de la Culture et des Communications has paid $ 427 million to the Qu\u00e9bec Religious Heritage Council under the Program for the protection, transmission and enhancement of Religion-based Cultural Heritage and the Program\u00a0targeting the repurposing of underutilized places of worship of heritage value. With the financial participation of partners, some $ 620 million has been invested to date to preserve the most important assets of Quebec\u2019s religious heritage.<\/p>\n<p>A recent\u00a0study\u00a0has shown that, in addition to the leverage effect of investments from the community, funding from the Quebec government has generated significant benefits by involving citizens in other development initiatives and thus in local ownership of this heritage. How many fundraising activities have given people an opportunity to rediscover exceptional buildings in their neighborhood or village?<\/p>\n<\/div>\n<\/div>\n<\/div>\n<\/div>\n<div class=\"page-block-side content-type-text content-width add-bg-globe content-position-top\">\n<div class=\"page-block-has-bg-color page-block-bg-white side-inner\">\n<div class=\"side-content\">\n<div class=\"page-block-text wysiwyg\"><p>\u201c<span class=\"text-color-theme-3\"><em>The Council is indeed very conscious that the reuse of heritage buildings is essential for their conservation. This is why the Council is initiating actions to understand this growing phenomenon and create opportunities for joint action. This measure will be more inclusive and better adapted to needs and will help increase the remarkable success of this involvement by the Quebec government, which the Council, as a privileged partner, is proud to share.<\/em><\/span>\u201d<\/p>\n<p>Jocelyn Groulx, Director of the Qu\u00e9bec Religious Heritage Council<\/p>\n<\/div>\n<\/div>\n<\/div>\n<\/div>\n<\/div>\n\n\t\t\n\t\t<\/div>\n\t<\/section>\n\n\n\n<section id=\"block_8cff802ee6b5ad38c88083c273dfcc79\" class=\"page-block page-block-image-text-juxta progressive-fade-in page-block-margin-standard page-block-has-bg-color page-block-bg-orange image-type-default image-position-left\">\n\n\t\n\t\n\t<div class=\"page-block-inner content-width progressive-fade-in-element progressive-fade-in-element-1\">\n\n\t\t<div class=\"block-image-text\">\n\t\t\t<div class=\"block-section block-text\">\n\n\t\t\t\t\n\t\t\t\t\t\t\t\t<div class=\"the-block-text wysiwyg\">\n\t\t\t\t\t<h3>Program targeting the repurposing of underutilized places of worship of heritage value<\/h3>\n<p><a class=\"arrow-after button half-naked\" href=\"https:\/\/www.patrimoine-religieux.qc.ca\/aide-financiere\/programme-de-requalification\/\">MORE<\/a><\/p>\n\n\t\t\t\t\t\t\t\t\t<\/div>\n\t\t\t\t\t\t\t<\/div>\n\n\t\t\t\t\t\t<div class=\"block-section block-image\">\n\t\t\t\t<span class=\"block-image-link link-type-none no-link\">\n\n\t\t\t\t\t<div class=\"block-image-wrapper wrap-fit-image\">\n\n\t\t\t\t\t\t<img data-src-small=\"https:\/\/www.patrimoine-religieux.qc.ca\/wp-content\/uploads\/2024\/12\/2003-03-007-08-01-350x350.jpg\" width=\"350\" height=\"350\" data-src-medium=\"https:\/\/www.patrimoine-religieux.qc.ca\/wp-content\/uploads\/2024\/12\/2003-03-007-08-01-500x500.jpg\" data-width-medium=\"500\" data-height-medium=\"500\" data-src-large=\"https:\/\/www.patrimoine-religieux.qc.ca\/wp-content\/uploads\/2024\/12\/2003-03-007-08-01-1000x1000.jpg\" data-width-large=\"1000\" data-height-large=\"1000\" data-src-xlarge=\"https:\/\/www.patrimoine-religieux.qc.ca\/wp-content\/uploads\/2024\/12\/2003-03-007-08-01-1000x1000.jpg\" data-width-xlarge=\"1000\" data-height-xlarge=\"1000\" class=\"the-block-image img-check fit-image lazy landscape\" alt=\"\">\n\t\t\t\t\t<\/div>\n\n\t\t\t\t\t\n\t\t\t\t\t\t\t\t\t<\/span>\n\t\t\t<\/div>\n\t\t<\/div>\n\t<\/div>\n\t\n<\/section>\n\n\n\n<section id=\"block_de39ea9b854f6334f485ac59498fbff0\" class=\"page-block page-block-image-text-juxta progressive-fade-in page-block-margin-standard page-block-bg-none image-type-default image-position-right\">\n\n\t\n\t\n\t<div class=\"page-block-inner content-width progressive-fade-in-element progressive-fade-in-element-1\">\n\n\t\t<div class=\"block-image-text\">\n\t\t\t<div class=\"block-section block-text\">\n\n\t\t\t\t\n\t\t\t\t\t\t\t\t<div class=\"the-block-text wysiwyg\">\n\t\t\t\t\t<h3>Program targeting the protection, transmission and promotion of religious heritage<br>\n\u00a0<\/h3>\n<p><a class=\"button half-naked arrow-after\" href=\"https:\/\/www.patrimoine-religieux.qc.ca\/aide-financiere\/programme-de-restauration\/\">MORE<\/a><\/p>\n\n\t\t\t\t\t\t\t\t\t<\/div>\n\t\t\t\t\t\t\t<\/div>\n\n\t\t\t\t\t\t<div class=\"block-section block-image\">\n\t\t\t\t<span class=\"block-image-link link-type-none no-link\">\n\n\t\t\t\t\t<div class=\"block-image-wrapper wrap-fit-image\">\n\n\t\t\t\t\t\t<img data-src-small=\"https:\/\/www.patrimoine-religieux.qc.ca\/wp-content\/uploads\/2024\/12\/2003-05-004-34-01-350x350.jpg\" width=\"350\" height=\"350\" data-src-medium=\"https:\/\/www.patrimoine-religieux.qc.ca\/wp-content\/uploads\/2024\/12\/2003-05-004-34-01-500x500.jpg\" data-width-medium=\"500\" data-height-medium=\"500\" data-src-large=\"https:\/\/www.patrimoine-religieux.qc.ca\/wp-content\/uploads\/2024\/12\/2003-05-004-34-01-1000x1000.jpg\" data-width-large=\"1000\" data-height-large=\"1000\" data-src-xlarge=\"https:\/\/www.patrimoine-religieux.qc.ca\/wp-content\/uploads\/2024\/12\/2003-05-004-34-01-1000x1000.jpg\" data-width-xlarge=\"1000\" data-height-xlarge=\"1000\" class=\"the-block-image img-check fit-image lazy landscape\" alt=\"\">\n\t\t\t\t\t<\/div>\n\n\t\t\t\t\t\n\t\t\t\t\t\t\t\t\t<\/span>\n\t\t\t<\/div>\n\t\t<\/div>\n\t<\/div>\n\t\n<\/section>","protected":false},"excerpt":{"rendered":"","protected":false},"author":1,"featured_media":0,"parent":0,"menu_order":52,"comment_status":"closed","ping_status":"closed","template":"","meta":{"_acf_changed":false,"footnotes":""},"class_list":["post-1867","page","type-page","status-publish","hentry"],"acf":[],"yoast_head":"<!-- This site is optimized with the Yoast SEO plugin v27.3 - https:\/\/yoast.com\/product\/yoast-seo-wordpress\/ -->\n<title>Financial Assistance - Conseil du patrimoine religieux du Qu\u00e9bec<\/title>\n<meta name=\"robots\" content=\"index, follow, max-snippet:-1, max-image-preview:large, max-video-preview:-1\" \/>\n<link rel=\"canonical\" href=\"https:\/\/www.patrimoine-religieux.qc.ca\/en\/financial-assistance\/\" \/>\n<meta property=\"og:locale\" content=\"en_US\" \/>\n<meta property=\"og:type\" content=\"article\" \/>\n<meta property=\"og:title\" content=\"Financial Assistance - Conseil du patrimoine religieux du Qu\u00e9bec\" \/>\n<meta property=\"og:url\" content=\"https:\/\/www.patrimoine-religieux.qc.ca\/en\/financial-assistance\/\" \/>\n<meta property=\"og:site_name\" content=\"Conseil du patrimoine religieux du Qu\u00e9bec\" \/>\n<meta property=\"article:modified_time\" content=\"2025-03-20T15:35:50+00:00\" \/>\n<meta name=\"twitter:card\" content=\"summary_large_image\" \/>\n<script type=\"application\/ld+json\" class=\"yoast-schema-graph\">{\"@context\":\"https:\\\/\\\/schema.org\",\"@graph\":[{\"@type\":\"WebPage\",\"@id\":\"https:\\\/\\\/www.patrimoine-religieux.qc.ca\\\/en\\\/financial-assistance\\\/\",\"url\":\"https:\\\/\\\/www.patrimoine-religieux.qc.ca\\\/en\\\/financial-assistance\\\/\",\"name\":\"Financial Assistance - Conseil du patrimoine religieux du Qu\u00e9bec\",\"isPartOf\":{\"@id\":\"https:\\\/\\\/www.patrimoine-religieux.qc.ca\\\/en\\\/#website\"},\"datePublished\":\"2024-10-17T20:24:08+00:00\",\"dateModified\":\"2025-03-20T15:35:50+00:00\",\"breadcrumb\":{\"@id\":\"https:\\\/\\\/www.patrimoine-religieux.qc.ca\\\/en\\\/financial-assistance\\\/#breadcrumb\"},\"inLanguage\":\"en-US\",\"potentialAction\":[{\"@type\":\"ReadAction\",\"target\":[\"https:\\\/\\\/www.patrimoine-religieux.qc.ca\\\/en\\\/financial-assistance\\\/\"]}]},{\"@type\":\"BreadcrumbList\",\"@id\":\"https:\\\/\\\/www.patrimoine-religieux.qc.ca\\\/en\\\/financial-assistance\\\/#breadcrumb\",\"itemListElement\":[{\"@type\":\"ListItem\",\"position\":1,\"name\":\"Accueil\",\"item\":\"https:\\\/\\\/www.patrimoine-religieux.qc.ca\\\/en\\\/\"},{\"@type\":\"ListItem\",\"position\":2,\"name\":\"Financial Assistance\"}]},{\"@type\":\"WebSite\",\"@id\":\"https:\\\/\\\/www.patrimoine-religieux.qc.ca\\\/en\\\/#website\",\"url\":\"https:\\\/\\\/www.patrimoine-religieux.qc.ca\\\/en\\\/\",\"name\":\"Conseil du patrimoine religieux du Qu\u00e9bec\",\"description\":\"Soutenir et promouvoir la conservation du patrimoine religieux qu\u00e9b\u00e9cois\",\"potentialAction\":[{\"@type\":\"SearchAction\",\"target\":{\"@type\":\"EntryPoint\",\"urlTemplate\":\"https:\\\/\\\/www.patrimoine-religieux.qc.ca\\\/en\\\/?s={search_term_string}\"},\"query-input\":{\"@type\":\"PropertyValueSpecification\",\"valueRequired\":true,\"valueName\":\"search_term_string\"}}],\"inLanguage\":\"en-US\"}]}<\/script>\n<!-- \/ Yoast SEO plugin. -->","yoast_head_json":{"title":"Financial Assistance - Conseil du patrimoine religieux du Qu\u00e9bec","robots":{"index":"index","follow":"follow","max-snippet":"max-snippet:-1","max-image-preview":"max-image-preview:large","max-video-preview":"max-video-preview:-1"},"canonical":"https:\/\/www.patrimoine-religieux.qc.ca\/en\/financial-assistance\/","og_locale":"en_US","og_type":"article","og_title":"Financial Assistance - Conseil du patrimoine religieux du Qu\u00e9bec","og_url":"https:\/\/www.patrimoine-religieux.qc.ca\/en\/financial-assistance\/","og_site_name":"Conseil du patrimoine religieux du Qu\u00e9bec","article_modified_time":"2025-03-20T15:35:50+00:00","twitter_card":"summary_large_image","schema":{"@context":"https:\/\/schema.org","@graph":[{"@type":"WebPage","@id":"https:\/\/www.patrimoine-religieux.qc.ca\/en\/financial-assistance\/","url":"https:\/\/www.patrimoine-religieux.qc.ca\/en\/financial-assistance\/","name":"Financial Assistance - Conseil du patrimoine religieux du Qu\u00e9bec","isPartOf":{"@id":"https:\/\/www.patrimoine-religieux.qc.ca\/en\/#website"},"datePublished":"2024-10-17T20:24:08+00:00","dateModified":"2025-03-20T15:35:50+00:00","breadcrumb":{"@id":"https:\/\/www.patrimoine-religieux.qc.ca\/en\/financial-assistance\/#breadcrumb"},"inLanguage":"en-US","potentialAction":[{"@type":"ReadAction","target":["https:\/\/www.patrimoine-religieux.qc.ca\/en\/financial-assistance\/"]}]},{"@type":"BreadcrumbList","@id":"https:\/\/www.patrimoine-religieux.qc.ca\/en\/financial-assistance\/#breadcrumb","itemListElement":[{"@type":"ListItem","position":1,"name":"Accueil","item":"https:\/\/www.patrimoine-religieux.qc.ca\/en\/"},{"@type":"ListItem","position":2,"name":"Financial Assistance"}]},{"@type":"WebSite","@id":"https:\/\/www.patrimoine-religieux.qc.ca\/en\/#website","url":"https:\/\/www.patrimoine-religieux.qc.ca\/en\/","name":"Conseil du patrimoine religieux du Qu\u00e9bec","description":"Soutenir et promouvoir la conservation du patrimoine religieux qu\u00e9b\u00e9cois","potentialAction":[{"@type":"SearchAction","target":{"@type":"EntryPoint","urlTemplate":"https:\/\/www.patrimoine-religieux.qc.ca\/en\/?s={search_term_string}"},"query-input":{"@type":"PropertyValueSpecification","valueRequired":true,"valueName":"search_term_string"}}],"inLanguage":"en-US"}]}},"_links":{"self":[{"href":"https:\/\/www.patrimoine-religieux.qc.ca\/en\/wp-json\/wp\/v2\/pages\/1867","targetHints":{"allow":["GET"]}}],"collection":[{"href":"https:\/\/www.patrimoine-religieux.qc.ca\/en\/wp-json\/wp\/v2\/pages"}],"about":[{"href":"https:\/\/www.patrimoine-religieux.qc.ca\/en\/wp-json\/wp\/v2\/types\/page"}],"author":[{"embeddable":true,"href":"https:\/\/www.patrimoine-religieux.qc.ca\/en\/wp-json\/wp\/v2\/users\/1"}],"replies":[{"embeddable":true,"href":"https:\/\/www.patrimoine-religieux.qc.ca\/en\/wp-json\/wp\/v2\/comments?post=1867"}],"version-history":[{"count":5,"href":"https:\/\/www.patrimoine-religieux.qc.ca\/en\/wp-json\/wp\/v2\/pages\/1867\/revisions"}],"predecessor-version":[{"id":64199,"href":"https:\/\/www.patrimoine-religieux.qc.ca\/en\/wp-json\/wp\/v2\/pages\/1867\/revisions\/64199"}],"wp:attachment":[{"href":"https:\/\/www.patrimoine-religieux.qc.ca\/en\/wp-json\/wp\/v2\/media?parent=1867"}],"curies":[{"name":"wp","href":"https:\/\/api.w.org\/{rel}","templated":true}]}}