{"id":1830,"date":"2024-10-17T16:25:22","date_gmt":"2024-10-17T20:25:22","guid":{"rendered":"https:\/\/www.patrimoine-religieux.qc.ca\/?page_id=1830"},"modified":"2024-12-02T11:31:01","modified_gmt":"2024-12-02T16:31:01","slug":"mission-and-history","status":"publish","type":"page","link":"https:\/\/www.patrimoine-religieux.qc.ca\/en\/about\/mission-and-history\/","title":{"rendered":"Mission and history"},"content":{"rendered":"<header class=\"page-hero hero-size-compact progressive-fade-in\">\n\t\t<div class=\"hero-inner progressive-fade-in-element progressive-fade-in-element-1\">\n\n\t\t\t<div class=\"content-block\">\n\t\t\t\t<div class=\"content-block-inner content-width\">\n\n\t\t\t\t\t<div class=\"text-block\">\n\n\t\t\t\t\t\t\n\t\t\t\t\t\t\n\t\t\t\t\t\t\n\t\t\t\t\t<\/div>\n\n\t\t\t\t\t\n\t\t\t\t\t\n\t\t\t\t\t\n\t\t\t\t\t\n\t\t\t\t\t\t\t\n\n\t\t\t\t\t\n\t\t\t\t\t\n\t\t\t\t\t\n\t\t\t\t\t\n\t\t\t\t\t\t\t\t\t\t\n\t\n\t\t\t\t\t\n\t\t\t\t<\/div>\n\t\t\t<\/div>\n\t\t<\/div>\n\t<\/header>\n\n\n<section id=\"block_70fa3d04fed58b216a73549f8947beca\" class=\"page-block page-block-side-by-side progressive-fade-in page-block-margin-none page-block-bg-none\">\n\t\t<div class=\"page-block-inner progressive-fade-in-element progressive-fade-in-element-1\">\n\n\t\t\n\t\t\t<div class=\"page-block-sides sides sides-margin-standard\"><div class=\"page-block-side content-type-text content-width content-position-top\">\n<div class=\"page-block-bg-none side-inner\">\n<div class=\"side-content\">\n<div class=\"page-block-text wysiwyg\"><h2>Mission<\/h2>\n<p>The Qu\u00e9bec Religious Heritage Council is based on an original partnership and probably a unique one in the world, which has made possible a significant commitment from local communities and has provided economic benefits across Quebec.<\/p>\n<p>It brings together different faith traditions, the Quebec government, local authorities, and many experts as part of a concerted approach.<\/p>\n<p>Benchmark for restoration of religious heritage, the Qu\u00e9bec Religious Heritage Council intends to be a leader in sustainable reuse of religious heritage and the main contact on this issue locally, regionally, and nationally.<\/p>\n<\/div>\n<\/div>\n<\/div>\n<\/div>\n<div class=\"page-block-side content-type-text content-width add-bg-globe content-position-top\">\n<div class=\"page-block-has-bg-color page-block-bg-white side-inner\">\n<div class=\"side-content\">\n<div class=\"page-block-text wysiwyg\"><h4>The Qu\u00e9bec Religious Heritage Council is a Qu\u00e9bec-wide non-profit organization. Its mission is to support and promote the conservation and enhancement of Quebec\u2019s religious heritage.<\/h4>\n<\/div>\n<\/div>\n<\/div>\n<\/div>\n<\/div>\n\n\t\t\n\t\t<\/div>\n\t<\/section>\n\n\n\n<section id=\"block_34301aff180b4c7e90a378f558f629cd\" class=\"page-block page-block-cta progressive-fade-in page-block-bg-none\">\n\t<div class=\"page-block-inner\">\n\n\t\t<div class=\"wrap-content content-width large-padding page-block-bg-none\">\n\n\t\t\t\t<div data-src-small=\"https:\/\/www.patrimoine-religieux.qc.ca\/wp-content\/uploads\/2024\/10\/st-patrick-church-500x500.png\" data-src-medium=\"https:\/\/www.patrimoine-religieux.qc.ca\/wp-content\/uploads\/2024\/10\/st-patrick-church-1400x800.png\" data-src-large=\"https:\/\/www.patrimoine-religieux.qc.ca\/wp-content\/uploads\/2024\/10\/st-patrick-church.png\" data-src-xlarge=\"https:\/\/www.patrimoine-religieux.qc.ca\/wp-content\/uploads\/2024\/10\/st-patrick-church.png\" class=\"page-block-bg-image lazy img-check\"><\/div>\n\t\t\t\t\n\t\t\t\t<div class=\"page-block-content page-block-bg-none progressive-fade-in-element progressive-fade-in-element-1\">\n\n\t\t\t\t\t\t\t\t\t\t<h2 class=\"page-block-title over-line alternate title-2\">History<\/h2>\n\t\t\t\t\t\n\t\t\t\t\t\t\t\t\t\t<div class=\"page-block-text wysiwyg\"><p class=\"citations\">The plan to create an organization emerged from groups working for religious heritage conservation and enhancement.<\/p>\n<\/div>\n\t\t\t\t\t\n\t\t\t\t\t\n\t\t\t\t<\/div>\n\n\t\t<\/div>\n\n\t<\/div>\n<\/section>\n\n\n<section id=\"block_38cce9a6aa980822319485ebdb6e884f\" class=\"page-block page-block-image-text-juxta progressive-fade-in page-block-margin-standard page-block-bg-none image-type-default image-position-right\">\n\n\t\n\t\n\t<div class=\"page-block-inner content-width progressive-fade-in-element progressive-fade-in-element-1\">\n\n\t\t<div class=\"block-image-text\">\n\t\t\t<div class=\"block-section block-text\">\n\n\t\t\t\t\n\t\t\t\t\t\t\t\t<div class=\"the-block-text wysiwyg\">\n\t\t\t\t\t<p>In\u00a0<strong>1983-1984<\/strong>, the Comit\u00e9 de construction et d\u2019art sacr\u00e9 of the Diocese of Montreal obtained $15 million from the Canadian government for the restoration of 115 Catholic churches.<\/p>\n<p>In\u00a0<strong>1992<\/strong>, the first contacts were established with the Government of Canada with a view to multidenominational action. The same year, representatives of the Comit\u00e9 de construction et d\u2019art sacr\u00e9 met with diocesan treasurers and gathered at a meeting in Quebec City to promote joint action on behalf of\u00a0religious heritage.<\/p>\n<p>In\u00a0<strong>1993<\/strong>, following a meeting of representatives from the various faith traditions, the association H\u00e9ritage Vivant was created. This organization, bringing together representatives of all faith traditions that owned religious heritage in the Montreal area, would become known as the interdenominational association Pierres vivantes\/Living Stones.<\/p>\n\n\t\t\t\t\t\t\t\t\t<\/div>\n\t\t\t\t\t\t\t<\/div>\n\n\t\t\t\t\t\t<div class=\"block-section block-image\">\n\t\t\t\t<span class=\"block-image-link link-type-none no-link\">\n\n\t\t\t\t\t<div class=\"block-image-wrapper wrap-fit-image\">\n\n\t\t\t\t\t\t<img data-src-small=\"https:\/\/www.patrimoine-religieux.qc.ca\/wp-content\/uploads\/2024\/12\/15-350x350.jpg\" width=\"350\" height=\"350\" data-src-medium=\"https:\/\/www.patrimoine-religieux.qc.ca\/wp-content\/uploads\/2024\/12\/15-500x500.jpg\" data-width-medium=\"500\" data-height-medium=\"500\" data-src-large=\"https:\/\/www.patrimoine-religieux.qc.ca\/wp-content\/uploads\/2024\/12\/15-1000x1000.jpg\" data-width-large=\"1000\" data-height-large=\"1000\" data-src-xlarge=\"https:\/\/www.patrimoine-religieux.qc.ca\/wp-content\/uploads\/2024\/12\/15-1000x1000.jpg\" data-width-xlarge=\"1000\" data-height-xlarge=\"1000\" class=\"the-block-image img-check fit-image lazy portrait\" alt=\"\">\n\t\t\t\t\t<\/div>\n\n\t\t\t\t\t\n\t\t\t\t\t\t\t\t\t<\/span>\n\t\t\t<\/div>\n\t\t<\/div>\n\t<\/div>\n\t\n<\/section>\n\n\n\n<section id=\"block_6f36fe8b6aee76646fca9e3eef5d8abb\" class=\"page-block page-block-image-text-juxta progressive-fade-in page-block-margin-standard page-block-bg-none image-type-default image-position-left\">\n\n\t\n\t\n\t<div class=\"page-block-inner content-width progressive-fade-in-element progressive-fade-in-element-1\">\n\n\t\t<div class=\"block-image-text\">\n\t\t\t<div class=\"block-section block-text\">\n\n\t\t\t\t\n\t\t\t\t\t\t\t\t<div class=\"the-block-text wysiwyg\">\n\t\t\t\t\t<p>In\u00a0<strong>1994<\/strong>, a study presented an inventory of work to be carried out on 42 Catholic churches, five Anglican churches, three United churches, and three synagogues in Montreal, for a total investment of $75 million. That same year, association representatives met with the Quebec finance minister to examine the possibility of obtaining government funding to preserve religious heritage in the Montreal area.<\/p>\n<p>In\u00a0<strong>1995<\/strong>, Living Stones submitted to the Minist\u00e8re de la Culture et des Communications du Qu\u00e9bec a partnership project to pay for restoring and enhancing religious heritage throughout Quebec. The Qu\u00e9bec Religious Heritage Foundation was created and, on October 19, 1995, an agreement was signed with the Minister of Culture and Communications, guaranteeing an initial government payment to the Qu\u00e9bec Religious Heritage Foundation of $35 million, over five years, for the restoration of Quebec\u2019s religious heritage.<\/p>\n\n\t\t\t\t\t\t\t\t\t<\/div>\n\t\t\t\t\t\t\t<\/div>\n\n\t\t\t\t\t\t<div class=\"block-section block-image\">\n\t\t\t\t<span class=\"block-image-link link-type-none no-link\">\n\n\t\t\t\t\t<div class=\"block-image-wrapper wrap-fit-image\">\n\n\t\t\t\t\t\t<img data-src-small=\"https:\/\/www.patrimoine-religieux.qc.ca\/wp-content\/uploads\/2024\/12\/banni_3-350x350.jpg\" width=\"350\" height=\"350\" data-src-medium=\"https:\/\/www.patrimoine-religieux.qc.ca\/wp-content\/uploads\/2024\/12\/banni_3-500x477.jpg\" data-width-medium=\"500\" data-height-medium=\"477\" data-src-large=\"https:\/\/www.patrimoine-religieux.qc.ca\/wp-content\/uploads\/2024\/12\/banni_3.jpg\" data-width-large=\"520\" data-height-large=\"477\" data-src-xlarge=\"https:\/\/www.patrimoine-religieux.qc.ca\/wp-content\/uploads\/2024\/12\/banni_3.jpg\" data-width-xlarge=\"520\" data-height-xlarge=\"477\" class=\"the-block-image img-check fit-image lazy landscape\" alt=\"\">\n\t\t\t\t\t<\/div>\n\n\t\t\t\t\t\n\t\t\t\t\t\t\t\t\t<\/span>\n\t\t\t<\/div>\n\t\t<\/div>\n\t<\/div>\n\t\n<\/section>\n\n\n\n<section id=\"block_c926eba7027c60d83752eb167cb9c3e9\" class=\"page-block page-block-image-text-juxta progressive-fade-in page-block-margin-standard page-block-bg-none image-type-default image-position-right\">\n\n\t\n\t\n\t<div class=\"page-block-inner content-width progressive-fade-in-element progressive-fade-in-element-1\">\n\n\t\t<div class=\"block-image-text\">\n\t\t\t<div class=\"block-section block-text\">\n\n\t\t\t\t\n\t\t\t\t\t\t\t\t<div class=\"the-block-text wysiwyg\">\n\t\t\t\t\t<p>In\u00a0<strong>2005<\/strong>, the Qu\u00e9bec Religious Heritage Foundation organized an international seminar on the future of churches, in conjunction with the Montr\u00e9al Heritage Council, the Canada Research Chair on Urban Heritage of UQAM, and Concordia University. This meeting aimed to identify concrete solutions and ways to implement those solutions, focusing on three major themes: ownership status, use values, and urban planning.<\/p>\n<p>In\u00a0<strong>2006<\/strong>, in conjunction with the Facult\u00e9 de th\u00e9ologie et de sciences des religions of the Universit\u00e9 de Montr\u00e9al, the Foundation organized the seminar\u00a0<em>Le patrimoine religieux du Qu\u00e9bec: \u00c9ducation et transmission du sens<\/em>. Based on seven major themes, the seminar addressed the following issues: dissemination of information problems; multicultural aspects; enhancement and appropriation; importance of Quebec\u2019s religious heritage in modern culture; and, lastly, education.<\/p>\n\n\t\t\t\t\t\t\t\t\t<\/div>\n\t\t\t\t\t\t\t<\/div>\n\n\t\t\t\t\t\t<div class=\"block-section block-image\">\n\t\t\t\t<span class=\"block-image-link link-type-none no-link\">\n\n\t\t\t\t\t<div class=\"block-image-wrapper wrap-fit-image\">\n\n\t\t\t\t\t\t<img data-src-small=\"https:\/\/www.patrimoine-religieux.qc.ca\/wp-content\/uploads\/2024\/12\/agents-de-terrain-350x350.jpg\" width=\"350\" height=\"350\" data-src-medium=\"https:\/\/www.patrimoine-religieux.qc.ca\/wp-content\/uploads\/2024\/12\/agents-de-terrain-500x500.jpg\" data-width-medium=\"500\" data-height-medium=\"500\" data-src-large=\"https:\/\/www.patrimoine-religieux.qc.ca\/wp-content\/uploads\/2024\/12\/agents-de-terrain-1000x1000.jpg\" data-width-large=\"1000\" data-height-large=\"1000\" data-src-xlarge=\"https:\/\/www.patrimoine-religieux.qc.ca\/wp-content\/uploads\/2024\/12\/agents-de-terrain-1000x1000.jpg\" data-width-xlarge=\"1000\" data-height-xlarge=\"1000\" class=\"the-block-image img-check fit-image lazy landscape\" alt=\"\">\n\t\t\t\t\t<\/div>\n\n\t\t\t\t\t\n\t\t\t\t\t\t\t\t\t<\/span>\n\t\t\t<\/div>\n\t\t<\/div>\n\t<\/div>\n\t\n<\/section>\n\n\n\n<section id=\"block_7d0c4f615797cc36c310b2f0db1f5b34\" class=\"page-block page-block-image-text-juxta progressive-fade-in page-block-margin-standard page-block-bg-none image-type-default image-position-left\">\n\n\t\n\t\n\t<div class=\"page-block-inner content-width progressive-fade-in-element progressive-fade-in-element-1\">\n\n\t\t<div class=\"block-image-text\">\n\t\t\t<div class=\"block-section block-text\">\n\n\t\t\t\t\n\t\t\t\t\t\t\t\t<div class=\"the-block-text wysiwyg\">\n\t\t\t\t\t<p>In\u00a0<strong>2005<\/strong>, the Qu\u00e9bec Religious Heritage Foundation organized an international seminar on the future of churches, in conjunction with the Montr\u00e9al Heritage Council, the Canada Research Chair on Urban Heritage of UQAM, and Concordia University. This meeting aimed to identify concrete solutions and ways to implement those solutions, focusing on three major themes: ownership status, use values, and urban planning.<\/p>\n<p>In\u00a0<strong>2006<\/strong>, in conjunction with the Facult\u00e9 de th\u00e9ologie et de sciences des religions of the Universit\u00e9 de Montr\u00e9al, the Foundation organized the seminar\u00a0<em>Le patrimoine religieux du Qu\u00e9bec: \u00c9ducation et transmission du sens<\/em>. Based on seven major themes, the seminar addressed the following issues: dissemination of information problems; multicultural aspects; enhancement and appropriation; importance of Quebec\u2019s religious heritage in modern culture; and, lastly, education.<\/p>\n\n\t\t\t\t\t\t\t\t\t<\/div>\n\t\t\t\t\t\t\t<\/div>\n\n\t\t\t\t\t\t<div class=\"block-section block-image\">\n\t\t\t\t<span class=\"block-image-link link-type-none no-link\">\n\n\t\t\t\t\t<div class=\"block-image-wrapper wrap-fit-image\">\n\n\t\t\t\t\t\t<img data-src-small=\"https:\/\/www.patrimoine-religieux.qc.ca\/wp-content\/uploads\/2024\/11\/eglise-st-andrew-350x350.png\" width=\"350\" height=\"350\" data-src-medium=\"https:\/\/www.patrimoine-religieux.qc.ca\/wp-content\/uploads\/2024\/11\/eglise-st-andrew-500x500.png\" data-width-medium=\"500\" data-height-medium=\"500\" data-src-large=\"https:\/\/www.patrimoine-religieux.qc.ca\/wp-content\/uploads\/2024\/11\/eglise-st-andrew-1000x1000.png\" data-width-large=\"1000\" data-height-large=\"1000\" data-src-xlarge=\"https:\/\/www.patrimoine-religieux.qc.ca\/wp-content\/uploads\/2024\/11\/eglise-st-andrew-1000x1000.png\" data-width-xlarge=\"1000\" data-height-xlarge=\"1000\" class=\"the-block-image img-check fit-image lazy portrait\" alt=\"\">\n\t\t\t\t\t<\/div>\n\n\t\t\t\t\t\n\t\t\t\t\t\t\t\t\t<\/span>\n\t\t\t<\/div>\n\t\t<\/div>\n\t<\/div>\n\t\n<\/section>\n\n\n\n<section id=\"block_767ef501885f1bc4a807daae27a6ba4f\" class=\"page-block page-block-image-text-juxta progressive-fade-in page-block-margin-standard page-block-bg-none image-type-default image-position-right\">\n\n\t\n\t\n\t<div class=\"page-block-inner content-width progressive-fade-in-element progressive-fade-in-element-1\">\n\n\t\t<div class=\"block-image-text\">\n\t\t\t<div class=\"block-section block-text\">\n\n\t\t\t\t\n\t\t\t\t\t\t\t\t<div class=\"the-block-text wysiwyg\">\n\t\t\t\t\t<p>In\u00a0<strong>2007<\/strong>, at the general meeting, the members resolved that the organization be renamed the\u00a0<strong>Qu\u00e9bec Religious Heritage Council<\/strong>. This change was necessary to better match the new expanded mission of the organization to support and promote the conservation and enhancement of Quebec\u2019s religious heritage.<\/p>\n<p>In\u00a0<strong>2009<\/strong>, the Qu\u00e9bec Religious Heritage Council, in conjunction with the Canada Research Chair on Urban Heritage of UQAM, Concordia University, and the Institut du Patrimoine, organized the conference Religious Houses: A Legacy. Organized around three main themes\u2014ownership, use, and memory, this event aimed to identify and analyze innovative heritage solutions for the future of monasteries, abbeys and, more generally, religious houses, in Quebec, in the rest of Canada, and in other Western countries.<\/p>\n\n\t\t\t\t\t\t\t\t\t<\/div>\n\t\t\t\t\t\t\t<\/div>\n\n\t\t\t\t\t\t<div class=\"block-section block-image\">\n\t\t\t\t<span class=\"block-image-link link-type-none no-link\">\n\n\t\t\t\t\t<div class=\"block-image-wrapper wrap-fit-image\">\n\n\t\t\t\t\t\t<img data-src-small=\"https:\/\/www.patrimoine-religieux.qc.ca\/wp-content\/uploads\/2024\/12\/14-p--danjou-350x350.jpg\" width=\"350\" height=\"350\" data-src-medium=\"https:\/\/www.patrimoine-religieux.qc.ca\/wp-content\/uploads\/2024\/12\/14-p--danjou-500x500.jpg\" data-width-medium=\"500\" data-height-medium=\"500\" data-src-large=\"https:\/\/www.patrimoine-religieux.qc.ca\/wp-content\/uploads\/2024\/12\/14-p--danjou.jpg\" data-width-large=\"780\" data-height-large=\"525\" data-src-xlarge=\"https:\/\/www.patrimoine-religieux.qc.ca\/wp-content\/uploads\/2024\/12\/14-p--danjou.jpg\" data-width-xlarge=\"780\" data-height-xlarge=\"525\" class=\"the-block-image img-check fit-image lazy landscape\" alt=\"\">\n\t\t\t\t\t<\/div>\n\n\t\t\t\t\t\n\t\t\t\t\t\t\t\t\t<\/span>\n\t\t\t<\/div>\n\t\t<\/div>\n\t<\/div>\n\t\n<\/section>\n\n\n\n<section id=\"block_5ff65fc8b1b76a6e3874ea8f7308f35f\" class=\"page-block page-block-image-text-juxta progressive-fade-in page-block-margin-standard page-block-bg-none image-type-default image-position-left\">\n\n\t\n\t\n\t<div class=\"page-block-inner content-width progressive-fade-in-element progressive-fade-in-element-1\">\n\n\t\t<div class=\"block-image-text\">\n\t\t\t<div class=\"block-section block-text\">\n\n\t\t\t\t\n\t\t\t\t\t\t\t\t<div class=\"the-block-text wysiwyg\">\n\t\t\t\t\t<div id=\"section-68\" class=\"content-block thumb\">\n<div class=\"content-text\">\n<div id=\"section-68\" class=\"content-block thumb\">\n<div class=\"content-text\">\n<p>In\u00a0<strong>2012<\/strong>, the first edition of the Forum on religious heritage is inaugurated. This event aims to bring together those involved in religious heritage to offer a new space for dialogue. The formula of the forum focuses on interaction between participants and guest speakers.<\/p>\n<\/div>\n<\/div>\n<div id=\"section-69\" class=\"content-block thumb\">\n<div class=\"content-text\">\n<p>In\u00a0<strong>2013<\/strong>, the heritage evaluation and regional classification of places of worship built between 1945 and 1975 was completed. The assigned ratings are available on the website of the inventory of Quebec places of worship. Furthermore, the Qu\u00e9bec Religious Heritage Council launched its Award of Excellence to reward exceptional projects for restoration and site enhancement, which demonstrate the commitment, innovation, and passion of Quebecers for their religious heritage.<\/p>\n<p>In\u00a0<strong>2014<\/strong>, the Minist\u00e8re de la Culture et des Communications announced that it was assigning management of financial assistance for\u00a0 restoration of Quebec\u2019s religious heritage to the Qu\u00e9bec Religious Heritage Council, accompanied by a $20 million budget. The religious use eligibility criterion was removed, so buildings with new uses are now eligible for financial assistance.<\/p>\n<\/div>\n<\/div>\n<\/div>\n<\/div>\n\n\t\t\t\t\t\t\t\t\t<\/div>\n\t\t\t\t\t\t\t<\/div>\n\n\t\t\t\t\t\t<div class=\"block-section block-image\">\n\t\t\t\t<span class=\"block-image-link link-type-none no-link\">\n\n\t\t\t\t\t<div class=\"block-image-wrapper wrap-fit-image\">\n\n\t\t\t\t\t\t<img data-src-small=\"https:\/\/www.patrimoine-religieux.qc.ca\/wp-content\/uploads\/2024\/10\/st-patrick-church-350x350.png\" width=\"350\" height=\"350\" data-src-medium=\"https:\/\/www.patrimoine-religieux.qc.ca\/wp-content\/uploads\/2024\/10\/st-patrick-church-500x500.png\" data-width-medium=\"500\" data-height-medium=\"500\" data-src-large=\"https:\/\/www.patrimoine-religieux.qc.ca\/wp-content\/uploads\/2024\/10\/st-patrick-church-1000x890.png\" data-width-large=\"1000\" data-height-large=\"890\" data-src-xlarge=\"https:\/\/www.patrimoine-religieux.qc.ca\/wp-content\/uploads\/2024\/10\/st-patrick-church-1000x890.png\" data-width-xlarge=\"1000\" data-height-xlarge=\"890\" class=\"the-block-image img-check fit-image lazy landscape\" alt=\"\">\n\t\t\t\t\t<\/div>\n\n\t\t\t\t\t\n\t\t\t\t\t\t\t\t\t<\/span>\n\t\t\t<\/div>\n\t\t<\/div>\n\t<\/div>\n\t\n<\/section>","protected":false},"excerpt":{"rendered":"","protected":false},"author":1,"featured_media":0,"parent":1573,"menu_order":71,"comment_status":"closed","ping_status":"closed","template":"","meta":{"_acf_changed":false,"footnotes":""},"class_list":["post-1830","page","type-page","status-publish","hentry"],"acf":[],"yoast_head":"<!-- This site is optimized with the Yoast SEO plugin v27.3 - https:\/\/yoast.com\/product\/yoast-seo-wordpress\/ -->\n<title>Mission and history - Conseil du patrimoine religieux du Qu\u00e9bec<\/title>\n<meta name=\"robots\" content=\"index, follow, max-snippet:-1, max-image-preview:large, max-video-preview:-1\" \/>\n<link rel=\"canonical\" href=\"https:\/\/www.patrimoine-religieux.qc.ca\/en\/about\/mission-and-history\/\" \/>\n<meta property=\"og:locale\" content=\"en_US\" \/>\n<meta property=\"og:type\" content=\"article\" \/>\n<meta property=\"og:title\" content=\"Mission and history - Conseil du patrimoine religieux du Qu\u00e9bec\" \/>\n<meta property=\"og:url\" content=\"https:\/\/www.patrimoine-religieux.qc.ca\/en\/about\/mission-and-history\/\" \/>\n<meta property=\"og:site_name\" content=\"Conseil du patrimoine religieux du Qu\u00e9bec\" \/>\n<meta property=\"article:modified_time\" content=\"2024-12-02T16:31:01+00:00\" \/>\n<meta name=\"twitter:card\" content=\"summary_large_image\" \/>\n<script type=\"application\/ld+json\" class=\"yoast-schema-graph\">{\"@context\":\"https:\\\/\\\/schema.org\",\"@graph\":[{\"@type\":\"WebPage\",\"@id\":\"https:\\\/\\\/www.patrimoine-religieux.qc.ca\\\/en\\\/about\\\/mission-and-history\\\/\",\"url\":\"https:\\\/\\\/www.patrimoine-religieux.qc.ca\\\/en\\\/about\\\/mission-and-history\\\/\",\"name\":\"Mission and history - Conseil du patrimoine religieux du Qu\u00e9bec\",\"isPartOf\":{\"@id\":\"https:\\\/\\\/www.patrimoine-religieux.qc.ca\\\/en\\\/#website\"},\"datePublished\":\"2024-10-17T20:25:22+00:00\",\"dateModified\":\"2024-12-02T16:31:01+00:00\",\"breadcrumb\":{\"@id\":\"https:\\\/\\\/www.patrimoine-religieux.qc.ca\\\/en\\\/about\\\/mission-and-history\\\/#breadcrumb\"},\"inLanguage\":\"en-US\",\"potentialAction\":[{\"@type\":\"ReadAction\",\"target\":[\"https:\\\/\\\/www.patrimoine-religieux.qc.ca\\\/en\\\/about\\\/mission-and-history\\\/\"]}]},{\"@type\":\"BreadcrumbList\",\"@id\":\"https:\\\/\\\/www.patrimoine-religieux.qc.ca\\\/en\\\/about\\\/mission-and-history\\\/#breadcrumb\",\"itemListElement\":[{\"@type\":\"ListItem\",\"position\":1,\"name\":\"Accueil\",\"item\":\"https:\\\/\\\/www.patrimoine-religieux.qc.ca\\\/en\\\/\"},{\"@type\":\"ListItem\",\"position\":2,\"name\":\"About\",\"item\":\"https:\\\/\\\/www.patrimoine-religieux.qc.ca\\\/en\\\/about\\\/\"},{\"@type\":\"ListItem\",\"position\":3,\"name\":\"Mission and history\"}]},{\"@type\":\"WebSite\",\"@id\":\"https:\\\/\\\/www.patrimoine-religieux.qc.ca\\\/en\\\/#website\",\"url\":\"https:\\\/\\\/www.patrimoine-religieux.qc.ca\\\/en\\\/\",\"name\":\"Conseil du patrimoine religieux du Qu\u00e9bec\",\"description\":\"Soutenir et promouvoir la conservation du patrimoine religieux qu\u00e9b\u00e9cois\",\"potentialAction\":[{\"@type\":\"SearchAction\",\"target\":{\"@type\":\"EntryPoint\",\"urlTemplate\":\"https:\\\/\\\/www.patrimoine-religieux.qc.ca\\\/en\\\/?s={search_term_string}\"},\"query-input\":{\"@type\":\"PropertyValueSpecification\",\"valueRequired\":true,\"valueName\":\"search_term_string\"}}],\"inLanguage\":\"en-US\"}]}<\/script>\n<!-- \/ Yoast SEO plugin. -->","yoast_head_json":{"title":"Mission and history - Conseil du patrimoine religieux du Qu\u00e9bec","robots":{"index":"index","follow":"follow","max-snippet":"max-snippet:-1","max-image-preview":"max-image-preview:large","max-video-preview":"max-video-preview:-1"},"canonical":"https:\/\/www.patrimoine-religieux.qc.ca\/en\/about\/mission-and-history\/","og_locale":"en_US","og_type":"article","og_title":"Mission and history - Conseil du patrimoine religieux du Qu\u00e9bec","og_url":"https:\/\/www.patrimoine-religieux.qc.ca\/en\/about\/mission-and-history\/","og_site_name":"Conseil du patrimoine religieux du Qu\u00e9bec","article_modified_time":"2024-12-02T16:31:01+00:00","twitter_card":"summary_large_image","schema":{"@context":"https:\/\/schema.org","@graph":[{"@type":"WebPage","@id":"https:\/\/www.patrimoine-religieux.qc.ca\/en\/about\/mission-and-history\/","url":"https:\/\/www.patrimoine-religieux.qc.ca\/en\/about\/mission-and-history\/","name":"Mission and history - Conseil du patrimoine religieux du Qu\u00e9bec","isPartOf":{"@id":"https:\/\/www.patrimoine-religieux.qc.ca\/en\/#website"},"datePublished":"2024-10-17T20:25:22+00:00","dateModified":"2024-12-02T16:31:01+00:00","breadcrumb":{"@id":"https:\/\/www.patrimoine-religieux.qc.ca\/en\/about\/mission-and-history\/#breadcrumb"},"inLanguage":"en-US","potentialAction":[{"@type":"ReadAction","target":["https:\/\/www.patrimoine-religieux.qc.ca\/en\/about\/mission-and-history\/"]}]},{"@type":"BreadcrumbList","@id":"https:\/\/www.patrimoine-religieux.qc.ca\/en\/about\/mission-and-history\/#breadcrumb","itemListElement":[{"@type":"ListItem","position":1,"name":"Accueil","item":"https:\/\/www.patrimoine-religieux.qc.ca\/en\/"},{"@type":"ListItem","position":2,"name":"About","item":"https:\/\/www.patrimoine-religieux.qc.ca\/en\/about\/"},{"@type":"ListItem","position":3,"name":"Mission and history"}]},{"@type":"WebSite","@id":"https:\/\/www.patrimoine-religieux.qc.ca\/en\/#website","url":"https:\/\/www.patrimoine-religieux.qc.ca\/en\/","name":"Conseil du patrimoine religieux du Qu\u00e9bec","description":"Soutenir et promouvoir la conservation du patrimoine religieux qu\u00e9b\u00e9cois","potentialAction":[{"@type":"SearchAction","target":{"@type":"EntryPoint","urlTemplate":"https:\/\/www.patrimoine-religieux.qc.ca\/en\/?s={search_term_string}"},"query-input":{"@type":"PropertyValueSpecification","valueRequired":true,"valueName":"search_term_string"}}],"inLanguage":"en-US"}]}},"_links":{"self":[{"href":"https:\/\/www.patrimoine-religieux.qc.ca\/en\/wp-json\/wp\/v2\/pages\/1830","targetHints":{"allow":["GET"]}}],"collection":[{"href":"https:\/\/www.patrimoine-religieux.qc.ca\/en\/wp-json\/wp\/v2\/pages"}],"about":[{"href":"https:\/\/www.patrimoine-religieux.qc.ca\/en\/wp-json\/wp\/v2\/types\/page"}],"author":[{"embeddable":true,"href":"https:\/\/www.patrimoine-religieux.qc.ca\/en\/wp-json\/wp\/v2\/users\/1"}],"replies":[{"embeddable":true,"href":"https:\/\/www.patrimoine-religieux.qc.ca\/en\/wp-json\/wp\/v2\/comments?post=1830"}],"version-history":[{"count":3,"href":"https:\/\/www.patrimoine-religieux.qc.ca\/en\/wp-json\/wp\/v2\/pages\/1830\/revisions"}],"predecessor-version":[{"id":1834,"href":"https:\/\/www.patrimoine-religieux.qc.ca\/en\/wp-json\/wp\/v2\/pages\/1830\/revisions\/1834"}],"up":[{"embeddable":true,"href":"https:\/\/www.patrimoine-religieux.qc.ca\/en\/wp-json\/wp\/v2\/pages\/1573"}],"wp:attachment":[{"href":"https:\/\/www.patrimoine-religieux.qc.ca\/en\/wp-json\/wp\/v2\/media?parent=1830"}],"curies":[{"name":"wp","href":"https:\/\/api.w.org\/{rel}","templated":true}]}}