{"id":1790,"date":"2024-11-22T11:09:58","date_gmt":"2024-11-22T16:09:58","guid":{"rendered":"https:\/\/www.patrimoine-religieux.qc.ca\/?page_id=1790"},"modified":"2025-04-07T15:32:31","modified_gmt":"2025-04-07T19:32:31","slug":"works-of-art-and-movable-property-committee-part-2","status":"publish","type":"page","link":"https:\/\/www.patrimoine-religieux.qc.ca\/en\/about\/committees-and-regional-round-tables\/works-of-art-and-movable-property-committee-part-2\/","title":{"rendered":"Works of Art and Movable Property Committee &#8211; Part 2"},"content":{"rendered":"<header class=\"page-hero hero-size-compact progressive-fade-in\">\n\t\t<div class=\"hero-inner progressive-fade-in-element progressive-fade-in-element-1\">\n\n\t\t\t<div class=\"content-block\">\n\t\t\t\t<div class=\"content-block-inner content-width\">\n\n\t\t\t\t\t<div class=\"text-block\">\n\n\t\t\t\t\t\t\n\t\t\t\t\t\t\n\t\t\t\t\t\t\n\t\t\t\t\t<\/div>\n\n\t\t\t\t\t\n\t\t\t\t\t\n\t\t\t\t\t\n\t\t\t\t\t\n\t\t\t\t\t\t\t\n\n\t\t\t\t\t\n\t\t\t\t\t\n\t\t\t\t\t\n\t\t\t\t\t\n\t\t\t\t\t\t\t\t\t\t\n\t\n\t\t\t\t\t\n\t\t\t\t<\/div>\n\t\t\t<\/div>\n\t\t<\/div>\n\t<\/header>\n\n\n<section id=\"block_d4300626d5b72c0ff052699cdec82ff0\" class=\"page-block page-block-image-text-juxta progressive-fade-in page-block-margin-standard page-block-bg-none image-type-default image-position-right\">\n\n\t\n\t\n\t<div class=\"page-block-inner content-width progressive-fade-in-element progressive-fade-in-element-1\">\n\n\t\t<div class=\"block-image-text\">\n\t\t\t<div class=\"block-section block-text\">\n\n\t\t\t\t\n\t\t\t\t\t\t\t\t<div class=\"the-block-text wysiwyg\">\n\t\t\t\t\t<p>The furnishings and works of art committee is made up of experts from the museum and academic sectors. It is responsible for analyzing and recommending restoration projects for works of art and furnishings of heritage value. The objects concerned include precious pieces from religious collections, such as sculptures, paintings, liturgical objects and historical artifacts, which bear witness to the cultural and spiritual significance of religious institutions in the province.<\/p>\n<p>Using its collective expertise, the committee assesses the state of conservation of these works and makes recommendations regarding the interventions necessary to preserve their integrity and historical value. The committee\u2019s role is crucial in ensuring that these objects, often centuries old, can be passed onto future generations while retaining their original value and character. The committee\u2019s decisions help maintain the connection between the past and the future, allowing religious communities and the general public to continue to admire and study these artistic and cultural treasures.<\/p>\n<h4>Resource person:<\/h4>\n<p><strong>Franck Calard<\/strong><br>\n<a href=\"mailto:fcalard@patrimoine-religieux.qc.ca\">fcalard@patrimoine-religieux.qc.ca<\/a><\/p>\n\n\t\t\t\t\t\t\t\t\t<\/div>\n\t\t\t\t\t\t\t<\/div>\n\n\t\t\t\t\t\t<div class=\"block-section block-image\">\n\t\t\t\t<a href=\"https:\/\/www.youtube.com\/watch?v=tU-Z9wNQZac\" title=\"View the video\" class=\"block-image-link link-type-video lightbox is-link\">\n\n\t\t\t\t\t<div class=\"block-image-wrapper wrap-fit-image\">\n\n\t\t\t\t\t\t<img data-src-small=\"https:\/\/www.patrimoine-religieux.qc.ca\/wp-content\/uploads\/2024\/11\/apercu-comite-bien-mobiliers-350x350.png\" width=\"350\" height=\"350\" data-src-medium=\"https:\/\/www.patrimoine-religieux.qc.ca\/wp-content\/uploads\/2024\/11\/apercu-comite-bien-mobiliers-500x500.png\" data-width-medium=\"500\" data-height-medium=\"500\" data-src-large=\"https:\/\/www.patrimoine-religieux.qc.ca\/wp-content\/uploads\/2024\/11\/apercu-comite-bien-mobiliers-1000x1000.png\" data-width-large=\"1000\" data-height-large=\"1000\" data-src-xlarge=\"https:\/\/www.patrimoine-religieux.qc.ca\/wp-content\/uploads\/2024\/11\/apercu-comite-bien-mobiliers-1000x1000.png\" data-width-xlarge=\"1000\" data-height-xlarge=\"1000\" class=\"the-block-image img-check fit-image lazy landscape\" alt=\"\">\n\t\t\t\t\t<\/div>\n\n\t\t\t\t\t\t\t\t\t\t<div class=\"img-legend\">Art historian Mario B\u00e9land, member of the committee, on the occasion of the 4th Forum on Religious Heritage held on Thursday, November 5, 2015, at the Roland-Arpin Hall of the Museum of civilization, Quebec.<\/div>\n\t\t\t\t\t\n\t\t\t\t\t\t\t\t\t\t<div role=\"presentation\" class=\"block-image-overlay\">\n\t\t\t\t\t\t<div class=\"play-button-icon\"><\/div>\n\t\t\t\t\t<\/div>\n\t\t\t\t\t\t\t\t\t<\/a>\n\t\t\t<\/div>\n\t\t<\/div>\n\t<\/div>\n\t\n<\/section>\n\n\n\n<section id=\"block_2cd951ed33ba78f0b3fc549b562652af\" class=\"page-block page-block-team progressive-fade-in page-block-margin-standard page-block-has-bg-color page-block-bg-orange page-block-display-simple\">\n\n\t\n\t<div class=\"page-block-inner content-width progressive-fade-in-element progressive-fade-in-element-1\">\n\n\t\t\n\t\t\t\t\t\t<h2 class=\"page-block-title over-line title-2\">Members<\/h2>\n\t\t\t\n\t\t\t\n\t\t\t<div class=\"page-block-team\">\n\t\t\t\t<div class=\"page-block-team-inner\">\n\t\t\t\t\n\t\t\t\t\t<div class=\"page-block-member\">\n\t\t\t\t\t\t\n\t\t\t\t\t\t\t\t\t\t\t\t<div class=\"page-block-member-info\">\n\t\t\t\t\t\t\t\t\t\t\t\t\t\t<h3 class=\"name title-3\">Vincent Gigu\u00e8re<\/h3>\n\t\t\t\t\t\t\t\n\t\t\t\t\t\t\t\t\t\t\t\t\t\t<div class=\"position title-4\">President<\/div>\n\t\t\t\t\t\t\t\t\t\t\t\t\t<\/div>\n\t\t\t\t\t\t\n\t\t\t\t\t\t\n\t\t\t\t\t<\/div>\n\n\t\t\t\t\t<div class=\"page-block-member\">\n\t\t\t\t\t\t\n\t\t\t\t\t\t\t\t\t\t\t\t<div class=\"page-block-member-info\">\n\t\t\t\t\t\t\t\t\t\t\t\t\t\t<h3 class=\"name title-3\">Chantal Turbide<\/h3>\n\t\t\t\t\t\t\t\n\t\t\t\t\t\t\t\t\t\t\t\t\t<\/div>\n\t\t\t\t\t\t\n\t\t\t\t\t\t\n\t\t\t\t\t<\/div>\n\n\t\t\t\t\t<div class=\"page-block-member\">\n\t\t\t\t\t\t\n\t\t\t\t\t\t\t\t\t\t\t\t<div class=\"page-block-member-info\">\n\t\t\t\t\t\t\t\t\t\t\t\t\t\t<h3 class=\"name title-3\">Claude Payer<\/h3>\n\t\t\t\t\t\t\t\n\t\t\t\t\t\t\t\t\t\t\t\t\t<\/div>\n\t\t\t\t\t\t\n\t\t\t\t\t\t\n\t\t\t\t\t<\/div>\n\n\t\t\t\t\t<div class=\"page-block-member\">\n\t\t\t\t\t\t\n\t\t\t\t\t\t\t\t\t\t\t\t<div class=\"page-block-member-info\">\n\t\t\t\t\t\t\t\t\t\t\t\t\t\t<h3 class=\"name title-3\">Diane Joly<\/h3>\n\t\t\t\t\t\t\t\n\t\t\t\t\t\t\t\t\t\t\t\t\t<\/div>\n\t\t\t\t\t\t\n\t\t\t\t\t\t\n\t\t\t\t\t<\/div>\n\n\t\t\t\t\t<div class=\"page-block-member\">\n\t\t\t\t\t\t\n\t\t\t\t\t\t\t\t\t\t\t\t<div class=\"page-block-member-info\">\n\t\t\t\t\t\t\t\t\t\t\t\t\t\t<h3 class=\"name title-3\">Ginette Laroche<\/h3>\n\t\t\t\t\t\t\t\n\t\t\t\t\t\t\t\t\t\t\t\t\t<\/div>\n\t\t\t\t\t\t\n\t\t\t\t\t\t\n\t\t\t\t\t<\/div>\n\n\t\t\t\t\t<div class=\"page-block-member\">\n\t\t\t\t\t\t\n\t\t\t\t\t\t\t\t\t\t\t\t<div class=\"page-block-member-info\">\n\t\t\t\t\t\t\t\t\t\t\t\t\t\t<h3 class=\"name title-3\">Joanne Chagnon<\/h3>\n\t\t\t\t\t\t\t\n\t\t\t\t\t\t\t\t\t\t\t\t\t<\/div>\n\t\t\t\t\t\t\n\t\t\t\t\t\t\n\t\t\t\t\t<\/div>\n\n\t\t\t\t\t<div class=\"page-block-member\">\n\t\t\t\t\t\t\n\t\t\t\t\t\t\t\t\t\t\t\t<div class=\"page-block-member-info\">\n\t\t\t\t\t\t\t\t\t\t\t\t\t\t<h3 class=\"name title-3\">Fannie Caron-Roy<\/h3>\n\t\t\t\t\t\t\t\n\t\t\t\t\t\t\t\t\t\t\t\t\t<\/div>\n\t\t\t\t\t\t\n\t\t\t\t\t\t\n\t\t\t\t\t<\/div>\n\n\t\t\t\t\t<div class=\"page-block-member\">\n\t\t\t\t\t\t\n\t\t\t\t\t\t\t\t\t\t\t\t<div class=\"page-block-member-info\">\n\t\t\t\t\t\t\t\t\t\t\t\t\t\t<h3 class=\"name title-3\">Andr\u00e9ane Beloin<\/h3>\n\t\t\t\t\t\t\t\n\t\t\t\t\t\t\t\t\t\t\t\t\t<\/div>\n\t\t\t\t\t\t\n\t\t\t\t\t\t\n\t\t\t\t\t<\/div>\n\n\t\t\t\t\t\n\t\t\t\t\t\t\t\t<\/div>\n\t\t\t<\/div>\n\n\t\t\n\t<\/div>\n<\/section>","protected":false},"excerpt":{"rendered":"","protected":false},"author":1,"featured_media":62976,"parent":1759,"menu_order":32,"comment_status":"closed","ping_status":"closed","template":"","meta":{"_acf_changed":false,"footnotes":""},"class_list":["post-1790","page","type-page","status-publish","has-post-thumbnail","hentry"],"acf":[],"yoast_head":"<!-- This site is optimized with the Yoast SEO plugin v27.3 - https:\/\/yoast.com\/product\/yoast-seo-wordpress\/ -->\n<title>Works of Art and Movable Property Committee - Part 2 - Conseil du patrimoine religieux du Qu\u00e9bec<\/title>\n<meta name=\"robots\" content=\"index, follow, max-snippet:-1, max-image-preview:large, max-video-preview:-1\" \/>\n<link rel=\"canonical\" href=\"https:\/\/www.patrimoine-religieux.qc.ca\/en\/about\/committees-and-regional-round-tables\/works-of-art-and-movable-property-committee-part-2\/\" \/>\n<meta property=\"og:locale\" content=\"en_US\" \/>\n<meta property=\"og:type\" content=\"article\" \/>\n<meta property=\"og:title\" content=\"Works of Art and Movable Property Committee - Part 2 - Conseil du patrimoine religieux du Qu\u00e9bec\" \/>\n<meta property=\"og:url\" content=\"https:\/\/www.patrimoine-religieux.qc.ca\/en\/about\/committees-and-regional-round-tables\/works-of-art-and-movable-property-committee-part-2\/\" \/>\n<meta property=\"og:site_name\" content=\"Conseil du patrimoine religieux du Qu\u00e9bec\" \/>\n<meta property=\"article:modified_time\" content=\"2025-04-07T19:32:31+00:00\" \/>\n<meta property=\"og:image\" content=\"https:\/\/www.patrimoine-religieux.qc.ca\/wp-content\/uploads\/2025\/02\/2024-mobiliers-art-visite-trois-rivieres-1.jpg\" \/>\n\t<meta property=\"og:image:width\" content=\"1920\" \/>\n\t<meta property=\"og:image:height\" content=\"1080\" \/>\n\t<meta property=\"og:image:type\" content=\"image\/jpeg\" \/>\n<meta name=\"twitter:card\" content=\"summary_large_image\" \/>\n<meta name=\"twitter:label1\" content=\"Est. reading time\" \/>\n\t<meta name=\"twitter:data1\" content=\"1 minute\" \/>\n<script type=\"application\/ld+json\" class=\"yoast-schema-graph\">{\"@context\":\"https:\\\/\\\/schema.org\",\"@graph\":[{\"@type\":\"WebPage\",\"@id\":\"https:\\\/\\\/www.patrimoine-religieux.qc.ca\\\/en\\\/about\\\/committees-and-regional-round-tables\\\/works-of-art-and-movable-property-committee-part-2\\\/\",\"url\":\"https:\\\/\\\/www.patrimoine-religieux.qc.ca\\\/en\\\/about\\\/committees-and-regional-round-tables\\\/works-of-art-and-movable-property-committee-part-2\\\/\",\"name\":\"Works of Art and Movable Property Committee - Part 2 - Conseil du patrimoine religieux du Qu\u00e9bec\",\"isPartOf\":{\"@id\":\"https:\\\/\\\/www.patrimoine-religieux.qc.ca\\\/en\\\/#website\"},\"primaryImageOfPage\":{\"@id\":\"https:\\\/\\\/www.patrimoine-religieux.qc.ca\\\/en\\\/about\\\/committees-and-regional-round-tables\\\/works-of-art-and-movable-property-committee-part-2\\\/#primaryimage\"},\"image\":{\"@id\":\"https:\\\/\\\/www.patrimoine-religieux.qc.ca\\\/en\\\/about\\\/committees-and-regional-round-tables\\\/works-of-art-and-movable-property-committee-part-2\\\/#primaryimage\"},\"thumbnailUrl\":\"https:\\\/\\\/www.patrimoine-religieux.qc.ca\\\/wp-content\\\/uploads\\\/2025\\\/02\\\/2024-mobiliers-art-visite-trois-rivieres-1.jpg\",\"datePublished\":\"2024-11-22T16:09:58+00:00\",\"dateModified\":\"2025-04-07T19:32:31+00:00\",\"breadcrumb\":{\"@id\":\"https:\\\/\\\/www.patrimoine-religieux.qc.ca\\\/en\\\/about\\\/committees-and-regional-round-tables\\\/works-of-art-and-movable-property-committee-part-2\\\/#breadcrumb\"},\"inLanguage\":\"en-US\",\"potentialAction\":[{\"@type\":\"ReadAction\",\"target\":[\"https:\\\/\\\/www.patrimoine-religieux.qc.ca\\\/en\\\/about\\\/committees-and-regional-round-tables\\\/works-of-art-and-movable-property-committee-part-2\\\/\"]}]},{\"@type\":\"ImageObject\",\"inLanguage\":\"en-US\",\"@id\":\"https:\\\/\\\/www.patrimoine-religieux.qc.ca\\\/en\\\/about\\\/committees-and-regional-round-tables\\\/works-of-art-and-movable-property-committee-part-2\\\/#primaryimage\",\"url\":\"https:\\\/\\\/www.patrimoine-religieux.qc.ca\\\/wp-content\\\/uploads\\\/2025\\\/02\\\/2024-mobiliers-art-visite-trois-rivieres-1.jpg\",\"contentUrl\":\"https:\\\/\\\/www.patrimoine-religieux.qc.ca\\\/wp-content\\\/uploads\\\/2025\\\/02\\\/2024-mobiliers-art-visite-trois-rivieres-1.jpg\",\"width\":1920,\"height\":1080},{\"@type\":\"BreadcrumbList\",\"@id\":\"https:\\\/\\\/www.patrimoine-religieux.qc.ca\\\/en\\\/about\\\/committees-and-regional-round-tables\\\/works-of-art-and-movable-property-committee-part-2\\\/#breadcrumb\",\"itemListElement\":[{\"@type\":\"ListItem\",\"position\":1,\"name\":\"Accueil\",\"item\":\"https:\\\/\\\/www.patrimoine-religieux.qc.ca\\\/en\\\/\"},{\"@type\":\"ListItem\",\"position\":2,\"name\":\"About\",\"item\":\"https:\\\/\\\/www.patrimoine-religieux.qc.ca\\\/en\\\/about\\\/\"},{\"@type\":\"ListItem\",\"position\":3,\"name\":\"Committees and Regional Round Tables\",\"item\":\"https:\\\/\\\/www.patrimoine-religieux.qc.ca\\\/en\\\/about\\\/committees-and-regional-round-tables\\\/\"},{\"@type\":\"ListItem\",\"position\":4,\"name\":\"Works of Art and Movable Property Committee &#8211; Part 2\"}]},{\"@type\":\"WebSite\",\"@id\":\"https:\\\/\\\/www.patrimoine-religieux.qc.ca\\\/en\\\/#website\",\"url\":\"https:\\\/\\\/www.patrimoine-religieux.qc.ca\\\/en\\\/\",\"name\":\"Conseil du patrimoine religieux du Qu\u00e9bec\",\"description\":\"Soutenir et promouvoir la conservation du patrimoine religieux qu\u00e9b\u00e9cois\",\"potentialAction\":[{\"@type\":\"SearchAction\",\"target\":{\"@type\":\"EntryPoint\",\"urlTemplate\":\"https:\\\/\\\/www.patrimoine-religieux.qc.ca\\\/en\\\/?s={search_term_string}\"},\"query-input\":{\"@type\":\"PropertyValueSpecification\",\"valueRequired\":true,\"valueName\":\"search_term_string\"}}],\"inLanguage\":\"en-US\"}]}<\/script>\n<!-- \/ Yoast SEO plugin. -->","yoast_head_json":{"title":"Works of Art and Movable Property Committee - Part 2 - Conseil du patrimoine religieux du Qu\u00e9bec","robots":{"index":"index","follow":"follow","max-snippet":"max-snippet:-1","max-image-preview":"max-image-preview:large","max-video-preview":"max-video-preview:-1"},"canonical":"https:\/\/www.patrimoine-religieux.qc.ca\/en\/about\/committees-and-regional-round-tables\/works-of-art-and-movable-property-committee-part-2\/","og_locale":"en_US","og_type":"article","og_title":"Works of Art and Movable Property Committee - Part 2 - Conseil du patrimoine religieux du Qu\u00e9bec","og_url":"https:\/\/www.patrimoine-religieux.qc.ca\/en\/about\/committees-and-regional-round-tables\/works-of-art-and-movable-property-committee-part-2\/","og_site_name":"Conseil du patrimoine religieux du Qu\u00e9bec","article_modified_time":"2025-04-07T19:32:31+00:00","og_image":[{"width":1920,"height":1080,"url":"https:\/\/www.patrimoine-religieux.qc.ca\/wp-content\/uploads\/2025\/02\/2024-mobiliers-art-visite-trois-rivieres-1.jpg","type":"image\/jpeg"}],"twitter_card":"summary_large_image","twitter_misc":{"Est. reading time":"1 minute"},"schema":{"@context":"https:\/\/schema.org","@graph":[{"@type":"WebPage","@id":"https:\/\/www.patrimoine-religieux.qc.ca\/en\/about\/committees-and-regional-round-tables\/works-of-art-and-movable-property-committee-part-2\/","url":"https:\/\/www.patrimoine-religieux.qc.ca\/en\/about\/committees-and-regional-round-tables\/works-of-art-and-movable-property-committee-part-2\/","name":"Works of Art and Movable Property Committee - Part 2 - Conseil du patrimoine religieux du Qu\u00e9bec","isPartOf":{"@id":"https:\/\/www.patrimoine-religieux.qc.ca\/en\/#website"},"primaryImageOfPage":{"@id":"https:\/\/www.patrimoine-religieux.qc.ca\/en\/about\/committees-and-regional-round-tables\/works-of-art-and-movable-property-committee-part-2\/#primaryimage"},"image":{"@id":"https:\/\/www.patrimoine-religieux.qc.ca\/en\/about\/committees-and-regional-round-tables\/works-of-art-and-movable-property-committee-part-2\/#primaryimage"},"thumbnailUrl":"https:\/\/www.patrimoine-religieux.qc.ca\/wp-content\/uploads\/2025\/02\/2024-mobiliers-art-visite-trois-rivieres-1.jpg","datePublished":"2024-11-22T16:09:58+00:00","dateModified":"2025-04-07T19:32:31+00:00","breadcrumb":{"@id":"https:\/\/www.patrimoine-religieux.qc.ca\/en\/about\/committees-and-regional-round-tables\/works-of-art-and-movable-property-committee-part-2\/#breadcrumb"},"inLanguage":"en-US","potentialAction":[{"@type":"ReadAction","target":["https:\/\/www.patrimoine-religieux.qc.ca\/en\/about\/committees-and-regional-round-tables\/works-of-art-and-movable-property-committee-part-2\/"]}]},{"@type":"ImageObject","inLanguage":"en-US","@id":"https:\/\/www.patrimoine-religieux.qc.ca\/en\/about\/committees-and-regional-round-tables\/works-of-art-and-movable-property-committee-part-2\/#primaryimage","url":"https:\/\/www.patrimoine-religieux.qc.ca\/wp-content\/uploads\/2025\/02\/2024-mobiliers-art-visite-trois-rivieres-1.jpg","contentUrl":"https:\/\/www.patrimoine-religieux.qc.ca\/wp-content\/uploads\/2025\/02\/2024-mobiliers-art-visite-trois-rivieres-1.jpg","width":1920,"height":1080},{"@type":"BreadcrumbList","@id":"https:\/\/www.patrimoine-religieux.qc.ca\/en\/about\/committees-and-regional-round-tables\/works-of-art-and-movable-property-committee-part-2\/#breadcrumb","itemListElement":[{"@type":"ListItem","position":1,"name":"Accueil","item":"https:\/\/www.patrimoine-religieux.qc.ca\/en\/"},{"@type":"ListItem","position":2,"name":"About","item":"https:\/\/www.patrimoine-religieux.qc.ca\/en\/about\/"},{"@type":"ListItem","position":3,"name":"Committees and Regional Round Tables","item":"https:\/\/www.patrimoine-religieux.qc.ca\/en\/about\/committees-and-regional-round-tables\/"},{"@type":"ListItem","position":4,"name":"Works of Art and Movable Property Committee &#8211; Part 2"}]},{"@type":"WebSite","@id":"https:\/\/www.patrimoine-religieux.qc.ca\/en\/#website","url":"https:\/\/www.patrimoine-religieux.qc.ca\/en\/","name":"Conseil du patrimoine religieux du Qu\u00e9bec","description":"Soutenir et promouvoir la conservation du patrimoine religieux qu\u00e9b\u00e9cois","potentialAction":[{"@type":"SearchAction","target":{"@type":"EntryPoint","urlTemplate":"https:\/\/www.patrimoine-religieux.qc.ca\/en\/?s={search_term_string}"},"query-input":{"@type":"PropertyValueSpecification","valueRequired":true,"valueName":"search_term_string"}}],"inLanguage":"en-US"}]}},"_links":{"self":[{"href":"https:\/\/www.patrimoine-religieux.qc.ca\/en\/wp-json\/wp\/v2\/pages\/1790","targetHints":{"allow":["GET"]}}],"collection":[{"href":"https:\/\/www.patrimoine-religieux.qc.ca\/en\/wp-json\/wp\/v2\/pages"}],"about":[{"href":"https:\/\/www.patrimoine-religieux.qc.ca\/en\/wp-json\/wp\/v2\/types\/page"}],"author":[{"embeddable":true,"href":"https:\/\/www.patrimoine-religieux.qc.ca\/en\/wp-json\/wp\/v2\/users\/1"}],"replies":[{"embeddable":true,"href":"https:\/\/www.patrimoine-religieux.qc.ca\/en\/wp-json\/wp\/v2\/comments?post=1790"}],"version-history":[{"count":4,"href":"https:\/\/www.patrimoine-religieux.qc.ca\/en\/wp-json\/wp\/v2\/pages\/1790\/revisions"}],"predecessor-version":[{"id":64442,"href":"https:\/\/www.patrimoine-religieux.qc.ca\/en\/wp-json\/wp\/v2\/pages\/1790\/revisions\/64442"}],"up":[{"embeddable":true,"href":"https:\/\/www.patrimoine-religieux.qc.ca\/en\/wp-json\/wp\/v2\/pages\/1759"}],"wp:featuredmedia":[{"embeddable":true,"href":"https:\/\/www.patrimoine-religieux.qc.ca\/en\/wp-json\/wp\/v2\/media\/62976"}],"wp:attachment":[{"href":"https:\/\/www.patrimoine-religieux.qc.ca\/en\/wp-json\/wp\/v2\/media?parent=1790"}],"curies":[{"name":"wp","href":"https:\/\/api.w.org\/{rel}","templated":true}]}}