{"id":1787,"date":"2024-11-22T13:01:04","date_gmt":"2024-11-22T18:01:04","guid":{"rendered":"https:\/\/www.patrimoine-religieux.qc.ca\/?page_id=1787"},"modified":"2025-04-07T15:34:17","modified_gmt":"2025-04-07T19:34:17","slug":"archives-committee","status":"publish","type":"page","link":"https:\/\/www.patrimoine-religieux.qc.ca\/en\/about\/committees-and-regional-round-tables\/archives-committee\/","title":{"rendered":"Archives Committee"},"content":{"rendered":"<header class=\"page-hero hero-size-compact progressive-fade-in\">\n\t\t<div class=\"hero-inner progressive-fade-in-element progressive-fade-in-element-1\">\n\n\t\t\t<div class=\"content-block\">\n\t\t\t\t<div class=\"content-block-inner content-width\">\n\n\t\t\t\t\t<div class=\"text-block\">\n\n\t\t\t\t\t\t\n\t\t\t\t\t\t\n\t\t\t\t\t\t\n\t\t\t\t\t<\/div>\n\n\t\t\t\t\t\n\t\t\t\t\t\n\t\t\t\t\t\n\t\t\t\t\t\n\t\t\t\t\t\t\t\n\n\t\t\t\t\t\n\t\t\t\t\t\n\t\t\t\t\t\n\t\t\t\t\t\n\t\t\t\t\t\t\t\t\t\t\n\t\n\t\t\t\t\t\n\t\t\t\t<\/div>\n\t\t\t<\/div>\n\t\t<\/div>\n\t<\/header>\n\n\n<section id=\"block_74a99fbb4bf91bfcf56d269f8e336b78\" class=\"page-block page-block-simple-text progressive-fade-in page-block-margin-standard page-block-bg-none title-position-top\">\n\n\t\n\t<div class=\"page-block-inner content-width progressive-fade-in-element progressive-fade-in-element-1\">\n\n\t\t\n\t\t\n\t\t\t\t<div class=\"page-block-text wysiwyg\"><p>The archives committee aims to encourage representatives of religious communities and traditions to ensure the longevity of their archives in order to guarantee their testimonial value for generations to come. The archives committee:<\/p>\n<ul>\n<li>organizes every two years a networking event: The\u00a0Archives Day<\/li>\n<li>implements the\u00a0Directory of centers, services and resources in religious archives<\/li>\n<li>published two\u00a0specialized guides<\/li>\n<li>submitted\u00a0a brief\u00a0as part of the renewal of the Politique culturelle du Qu\u00e9bec, in 2017<\/li>\n<li>submitted\u00a0a brief\u00a0as part of the consultation of the Qu\u00e9bec archival community on the revision of the Archives Act, in 2021.<\/li>\n<\/ul>\n<h4>\u00a0<\/h4>\n<h4>Resource person:<\/h4>\n<p><strong>Franck Calard<\/strong><br>\n<a href=\"mailto:fcalard@patrimoine-religieux.qc.ca\">fcalard@patrimoine-religieux.qc.ca<\/a><\/p>\n<\/div>\n\t\t\n\t<\/div>\n<\/section>\n\n\n<section id=\"block_3affb3c5f162e0041f6bf0568993d27e\" class=\"page-block page-block-video progressive-fade-in page-block-margin-standard page-block-has-bg-color page-block-bg-dark-green content-width\">\n\n\t\t<a href=\"https:\/\/www.youtube.com\/embed\/UValliVZrLs?feature=oembed\" data-title=\"Confe\u0301rence de l'archiviste Marc Lacasse\" class=\"lightbox page-block-video-link link-type-video\">\n\t\t\n\t\t<div class=\"page-block-inner progressive-fade-in-element progressive-fade-in-element-1\">\n\n\t\t\t\t\t\t<h2 class=\"page-block-title title-2\">Archivist Marc Lacasse conference<\/h2>\n\t\t\t\n\t\t\t<span class=\"button-play\"><\/span>\n\n\t\t<\/div>\n\n\t\t\t\t<\/a>\n\t\t\n\t\t<div data-src-small=\"https:\/\/www.patrimoine-religieux.qc.ca\/wp-content\/uploads\/2024\/11\/apercu-comite-archives-500x500.png\" data-src-medium=\"https:\/\/www.patrimoine-religieux.qc.ca\/wp-content\/uploads\/2024\/11\/apercu-comite-archives-1400x800.png\" data-src-large=\"https:\/\/www.patrimoine-religieux.qc.ca\/wp-content\/uploads\/2024\/11\/apercu-comite-archives.png\" data-src-xlarge=\"https:\/\/www.patrimoine-religieux.qc.ca\/wp-content\/uploads\/2024\/11\/apercu-comite-archives.png\" class=\"page-block-bg-image lazy img-check\"><\/div>\n\t<\/section>\n\n\n<section id=\"block_05ce984133fa1b90c146ad44194f1f41\" class=\"page-block page-block-simple-text progressive-fade-in page-block-margin-standard page-block-bg-none title-position-top\">\n\n\t\n\t<div class=\"page-block-inner content-width progressive-fade-in-element progressive-fade-in-element-1\">\n\n\t\t\n\t\t\t\t<h2 class=\"page-block-title over-line title-2\">Orientations<\/h2>\n\t\t\n\t\t\t\t<div class=\"page-block-text wysiwyg\"><p>The Archives Committee wishes to support document processing, presentation and preservation initiatives. To do this, based on its knowledge of the situation of religious archives in Quebec, the committee proposes the following objectives: \u00a0\u00a0\u00a0\u00a0<\/p>\n<ol class=\"custom-ol\">\n<li>romote religious archives by raising the awareness of the population and decision-makers of the importance of this heritage; \u00a0\u00a0\u00a0\u00a0<\/li>\n<li>Support all initiatives originating from the field of religious archivists who contribute to fulfilling the mission set by the committee; \u00a0\u00a0\u00a0<\/li>\n<li>Promote exchanges between the various heritage stakeholders (archivists, art historians, architects, etc.); \u00a0\u00a0\u00a0\u00a0<\/li>\n<li>o be a place of expertise in the management of archives in the eyes of religious institutions and communities; \u00a0\u00a0\u00a0\u00a0<\/li>\n<li><span class=\"number\">5<\/span>Obtain support for the treatment, preservation and dissemination of religious archives.<\/li>\n<\/ol>\n<h3><strong>For the years 2019 to 2021, the Committee\u2019s interventions will focus on the following objectives:<\/strong><\/h3>\n<ol class=\"custom-ol\">\n<li>Promote religious archives \u00a0\u00a0\u00a0\u00a0<\/li>\n<li>Play a leadership role in religious archives with heritage stakeholders \u00a0\u00a0\u00a0\u00a0<\/li>\n<li>Exercise an advisory role and meet the expectations of the religious archives community.<\/li>\n<\/ol>\n<\/div>\n\t\t\n\t<\/div>\n<\/section>\n\n\n<section id=\"block_c52473daf4d7872f1445f2778756bba0\" class=\"page-block page-block-team progressive-fade-in page-block-margin-standard page-block-has-bg-color page-block-bg-orange page-block-display-simple\">\n\n\t\n\t<div class=\"page-block-inner content-width progressive-fade-in-element progressive-fade-in-element-1\">\n\n\t\t\n\t\t\t\t\t\t<h2 class=\"page-block-title over-line title-2\">Members<\/h2>\n\t\t\t\n\t\t\t\n\t\t\t<div class=\"page-block-team\">\n\t\t\t\t<div class=\"page-block-team-inner\">\n\t\t\t\t\n\t\t\t\t\t<div class=\"page-block-member\">\n\t\t\t\t\t\t\n\t\t\t\t\t\t\t\t\t\t\t\t<div class=\"page-block-member-info\">\n\t\t\t\t\t\t\t\t\t\t\t\t\t\t<h3 class=\"name title-3\">Marc Lacasse<\/h3>\n\t\t\t\t\t\t\t\n\t\t\t\t\t\t\t\t\t\t\t\t\t\t<div class=\"position title-4\">President<\/div>\n\t\t\t\t\t\t\t\t\t\t\t\t\t<\/div>\n\t\t\t\t\t\t\n\t\t\t\t\t\t\n\t\t\t\t\t<\/div>\n\n\t\t\t\t\t<div class=\"page-block-member\">\n\t\t\t\t\t\t\n\t\t\t\t\t\t\t\t\t\t\t\t<div class=\"page-block-member-info\">\n\t\t\t\t\t\t\t\t\t\t\t\t\t\t<h3 class=\"name title-3\">Jos\u00e9e Pomminville<\/h3>\n\t\t\t\t\t\t\t\n\t\t\t\t\t\t\t\t\t\t\t\t\t\t<div class=\"position title-4\">Secretary<\/div>\n\t\t\t\t\t\t\t\t\t\t\t\t\t<\/div>\n\t\t\t\t\t\t\n\t\t\t\t\t\t\n\t\t\t\t\t<\/div>\n\n\t\t\t\t\t<div class=\"page-block-member\">\n\t\t\t\t\t\t\n\t\t\t\t\t\t\t\t\t\t\t\t<div class=\"page-block-member-info\">\n\t\t\t\t\t\t\t\t\t\t\t\t\t\t<h3 class=\"name title-3\">H\u00e9l\u00e8ne \u00c9l\u00e9ment<\/h3>\n\t\t\t\t\t\t\t\n\t\t\t\t\t\t\t\t\t\t\t\t\t<\/div>\n\t\t\t\t\t\t\n\t\t\t\t\t\t\n\t\t\t\t\t<\/div>\n\n\t\t\t\t\t<div class=\"page-block-member\">\n\t\t\t\t\t\t\n\t\t\t\t\t\t\t\t\t\t\t\t<div class=\"page-block-member-info\">\n\t\t\t\t\t\t\t\t\t\t\t\t\t\t<h3 class=\"name title-3\">\u00c9ric Turcotte<\/h3>\n\t\t\t\t\t\t\t\n\t\t\t\t\t\t\t\t\t\t\t\t\t<\/div>\n\t\t\t\t\t\t\n\t\t\t\t\t\t\n\t\t\t\t\t<\/div>\n\n\t\t\t\t\t<div class=\"page-block-member\">\n\t\t\t\t\t\t\n\t\t\t\t\t\t\t\t\t\t\t\t<div class=\"page-block-member-info\">\n\t\t\t\t\t\t\t\t\t\t\t\t\t\t<h3 class=\"name title-3\">Jody Robinson<\/h3>\n\t\t\t\t\t\t\t\n\t\t\t\t\t\t\t\t\t\t\t\t\t<\/div>\n\t\t\t\t\t\t\n\t\t\t\t\t\t\n\t\t\t\t\t<\/div>\n\n\t\t\t\t\t<div class=\"page-block-member\">\n\t\t\t\t\t\t\n\t\t\t\t\t\t\t\t\t\t\t\t<div class=\"page-block-member-info\">\n\t\t\t\t\t\t\t\t\t\t\t\t\t\t<h3 class=\"name title-3\">St\u00e9phanie Daigle<\/h3>\n\t\t\t\t\t\t\t\n\t\t\t\t\t\t\t\t\t\t\t\t\t<\/div>\n\t\t\t\t\t\t\n\t\t\t\t\t\t\n\t\t\t\t\t<\/div>\n\n\t\t\t\t\t<div class=\"page-block-member\">\n\t\t\t\t\t\t\n\t\t\t\t\t\t\t\t\t\t\t\t<div class=\"page-block-member-info\">\n\t\t\t\t\t\t\t\t\t\t\t\t\t\t<h3 class=\"name title-3\">St\u00e9phan Martel<\/h3>\n\t\t\t\t\t\t\t\n\t\t\t\t\t\t\t\t\t\t\t\t\t<\/div>\n\t\t\t\t\t\t\n\t\t\t\t\t\t\n\t\t\t\t\t<\/div>\n\n\t\t\t\t\t<div class=\"page-block-member\">\n\t\t\t\t\t\t\n\t\t\t\t\t\t\t\t\t\t\t\t<div class=\"page-block-member-info\">\n\t\t\t\t\t\t\t\t\t\t\t\t\t\t<h3 class=\"name title-3\">Myl\u00e8ne Laurendeau<\/h3>\n\t\t\t\t\t\t\t\n\t\t\t\t\t\t\t\t\t\t\t\t\t<\/div>\n\t\t\t\t\t\t\n\t\t\t\t\t\t\n\t\t\t\t\t<\/div>\n\n\t\t\t\t\t<div class=\"page-block-member\">\n\t\t\t\t\t\t\n\t\t\t\t\t\t\t\t\t\t\t\t<div class=\"page-block-member-info\">\n\t\t\t\t\t\t\t\t\t\t\t\t\t\t<h3 class=\"name title-3\">Isabelle Dumas<\/h3>\n\t\t\t\t\t\t\t\n\t\t\t\t\t\t\t\t\t\t\t\t\t<\/div>\n\t\t\t\t\t\t\n\t\t\t\t\t\t\n\t\t\t\t\t<\/div>\n\n\t\t\t\t\t<div class=\"page-block-member\">\n\t\t\t\t\t\t\n\t\t\t\t\t\t\t\t\t\t\t\t<div class=\"page-block-member-info\">\n\t\t\t\t\t\t\t\t\t\t\t\t\t\t<h3 class=\"name title-3\">Cassandra Fortin<\/h3>\n\t\t\t\t\t\t\t\n\t\t\t\t\t\t\t\t\t\t\t\t\t<\/div>\n\t\t\t\t\t\t\n\t\t\t\t\t\t\n\t\t\t\t\t<\/div>\n\n\t\t\t\t\t<div class=\"page-block-member\">\n\t\t\t\t\t\t\n\t\t\t\t\t\t\t\t\t\t\t\t<div class=\"page-block-member-info\">\n\t\t\t\t\t\t\t\t\t\t\t\t\t\t<h3 class=\"name title-3\">Simon Fortin-Dupuis<\/h3>\n\t\t\t\t\t\t\t\n\t\t\t\t\t\t\t\t\t\t\t\t\t<\/div>\n\t\t\t\t\t\t\n\t\t\t\t\t\t\n\t\t\t\t\t<\/div>\n\n\t\t\t\t\t\n\t\t\t\t\t\t\t\t<\/div>\n\t\t\t<\/div>\n\n\t\t\n\t<\/div>\n<\/section>","protected":false},"excerpt":{"rendered":"","protected":false},"author":1,"featured_media":63025,"parent":1759,"menu_order":35,"comment_status":"closed","ping_status":"closed","template":"","meta":{"_acf_changed":false,"footnotes":""},"class_list":["post-1787","page","type-page","status-publish","has-post-thumbnail","hentry"],"acf":[],"yoast_head":"<!-- This site is optimized with the Yoast SEO plugin v27.3 - https:\/\/yoast.com\/product\/yoast-seo-wordpress\/ -->\n<title>Archives Committee - Conseil du patrimoine religieux du Qu\u00e9bec<\/title>\n<meta name=\"robots\" content=\"index, follow, max-snippet:-1, max-image-preview:large, max-video-preview:-1\" \/>\n<link rel=\"canonical\" href=\"https:\/\/www.patrimoine-religieux.qc.ca\/en\/about\/committees-and-regional-round-tables\/archives-committee\/\" \/>\n<meta property=\"og:locale\" content=\"en_US\" \/>\n<meta property=\"og:type\" content=\"article\" \/>\n<meta property=\"og:title\" content=\"Archives Committee - Conseil du patrimoine religieux du Qu\u00e9bec\" \/>\n<meta property=\"og:url\" content=\"https:\/\/www.patrimoine-religieux.qc.ca\/en\/about\/committees-and-regional-round-tables\/archives-committee\/\" \/>\n<meta property=\"og:site_name\" content=\"Conseil du patrimoine religieux du Qu\u00e9bec\" \/>\n<meta property=\"article:modified_time\" content=\"2025-04-07T19:34:17+00:00\" \/>\n<meta property=\"og:image\" content=\"https:\/\/www.patrimoine-religieux.qc.ca\/wp-content\/uploads\/2025\/02\/2024-rencontre_archives_sherbrooke-1.jpg\" \/>\n\t<meta property=\"og:image:width\" content=\"1440\" \/>\n\t<meta property=\"og:image:height\" content=\"1920\" \/>\n\t<meta property=\"og:image:type\" content=\"image\/jpeg\" \/>\n<meta name=\"twitter:card\" content=\"summary_large_image\" \/>\n<meta name=\"twitter:label1\" content=\"Est. reading time\" \/>\n\t<meta name=\"twitter:data1\" content=\"1 minute\" \/>\n<script type=\"application\/ld+json\" class=\"yoast-schema-graph\">{\"@context\":\"https:\\\/\\\/schema.org\",\"@graph\":[{\"@type\":\"WebPage\",\"@id\":\"https:\\\/\\\/www.patrimoine-religieux.qc.ca\\\/en\\\/about\\\/committees-and-regional-round-tables\\\/archives-committee\\\/\",\"url\":\"https:\\\/\\\/www.patrimoine-religieux.qc.ca\\\/en\\\/about\\\/committees-and-regional-round-tables\\\/archives-committee\\\/\",\"name\":\"Archives Committee - Conseil du patrimoine religieux du Qu\u00e9bec\",\"isPartOf\":{\"@id\":\"https:\\\/\\\/www.patrimoine-religieux.qc.ca\\\/en\\\/#website\"},\"primaryImageOfPage\":{\"@id\":\"https:\\\/\\\/www.patrimoine-religieux.qc.ca\\\/en\\\/about\\\/committees-and-regional-round-tables\\\/archives-committee\\\/#primaryimage\"},\"image\":{\"@id\":\"https:\\\/\\\/www.patrimoine-religieux.qc.ca\\\/en\\\/about\\\/committees-and-regional-round-tables\\\/archives-committee\\\/#primaryimage\"},\"thumbnailUrl\":\"https:\\\/\\\/www.patrimoine-religieux.qc.ca\\\/wp-content\\\/uploads\\\/2025\\\/02\\\/2024-rencontre_archives_sherbrooke-1.jpg\",\"datePublished\":\"2024-11-22T18:01:04+00:00\",\"dateModified\":\"2025-04-07T19:34:17+00:00\",\"breadcrumb\":{\"@id\":\"https:\\\/\\\/www.patrimoine-religieux.qc.ca\\\/en\\\/about\\\/committees-and-regional-round-tables\\\/archives-committee\\\/#breadcrumb\"},\"inLanguage\":\"en-US\",\"potentialAction\":[{\"@type\":\"ReadAction\",\"target\":[\"https:\\\/\\\/www.patrimoine-religieux.qc.ca\\\/en\\\/about\\\/committees-and-regional-round-tables\\\/archives-committee\\\/\"]}]},{\"@type\":\"ImageObject\",\"inLanguage\":\"en-US\",\"@id\":\"https:\\\/\\\/www.patrimoine-religieux.qc.ca\\\/en\\\/about\\\/committees-and-regional-round-tables\\\/archives-committee\\\/#primaryimage\",\"url\":\"https:\\\/\\\/www.patrimoine-religieux.qc.ca\\\/wp-content\\\/uploads\\\/2025\\\/02\\\/2024-rencontre_archives_sherbrooke-1.jpg\",\"contentUrl\":\"https:\\\/\\\/www.patrimoine-religieux.qc.ca\\\/wp-content\\\/uploads\\\/2025\\\/02\\\/2024-rencontre_archives_sherbrooke-1.jpg\",\"width\":1440,\"height\":1920},{\"@type\":\"BreadcrumbList\",\"@id\":\"https:\\\/\\\/www.patrimoine-religieux.qc.ca\\\/en\\\/about\\\/committees-and-regional-round-tables\\\/archives-committee\\\/#breadcrumb\",\"itemListElement\":[{\"@type\":\"ListItem\",\"position\":1,\"name\":\"Accueil\",\"item\":\"https:\\\/\\\/www.patrimoine-religieux.qc.ca\\\/en\\\/\"},{\"@type\":\"ListItem\",\"position\":2,\"name\":\"About\",\"item\":\"https:\\\/\\\/www.patrimoine-religieux.qc.ca\\\/en\\\/about\\\/\"},{\"@type\":\"ListItem\",\"position\":3,\"name\":\"Committees and Regional Round Tables\",\"item\":\"https:\\\/\\\/www.patrimoine-religieux.qc.ca\\\/en\\\/about\\\/committees-and-regional-round-tables\\\/\"},{\"@type\":\"ListItem\",\"position\":4,\"name\":\"Archives Committee\"}]},{\"@type\":\"WebSite\",\"@id\":\"https:\\\/\\\/www.patrimoine-religieux.qc.ca\\\/en\\\/#website\",\"url\":\"https:\\\/\\\/www.patrimoine-religieux.qc.ca\\\/en\\\/\",\"name\":\"Conseil du patrimoine religieux du Qu\u00e9bec\",\"description\":\"Soutenir et promouvoir la conservation du patrimoine religieux qu\u00e9b\u00e9cois\",\"potentialAction\":[{\"@type\":\"SearchAction\",\"target\":{\"@type\":\"EntryPoint\",\"urlTemplate\":\"https:\\\/\\\/www.patrimoine-religieux.qc.ca\\\/en\\\/?s={search_term_string}\"},\"query-input\":{\"@type\":\"PropertyValueSpecification\",\"valueRequired\":true,\"valueName\":\"search_term_string\"}}],\"inLanguage\":\"en-US\"}]}<\/script>\n<!-- \/ Yoast SEO plugin. -->","yoast_head_json":{"title":"Archives Committee - Conseil du patrimoine religieux du Qu\u00e9bec","robots":{"index":"index","follow":"follow","max-snippet":"max-snippet:-1","max-image-preview":"max-image-preview:large","max-video-preview":"max-video-preview:-1"},"canonical":"https:\/\/www.patrimoine-religieux.qc.ca\/en\/about\/committees-and-regional-round-tables\/archives-committee\/","og_locale":"en_US","og_type":"article","og_title":"Archives Committee - Conseil du patrimoine religieux du Qu\u00e9bec","og_url":"https:\/\/www.patrimoine-religieux.qc.ca\/en\/about\/committees-and-regional-round-tables\/archives-committee\/","og_site_name":"Conseil du patrimoine religieux du Qu\u00e9bec","article_modified_time":"2025-04-07T19:34:17+00:00","og_image":[{"width":1440,"height":1920,"url":"https:\/\/www.patrimoine-religieux.qc.ca\/wp-content\/uploads\/2025\/02\/2024-rencontre_archives_sherbrooke-1.jpg","type":"image\/jpeg"}],"twitter_card":"summary_large_image","twitter_misc":{"Est. reading time":"1 minute"},"schema":{"@context":"https:\/\/schema.org","@graph":[{"@type":"WebPage","@id":"https:\/\/www.patrimoine-religieux.qc.ca\/en\/about\/committees-and-regional-round-tables\/archives-committee\/","url":"https:\/\/www.patrimoine-religieux.qc.ca\/en\/about\/committees-and-regional-round-tables\/archives-committee\/","name":"Archives Committee - Conseil du patrimoine religieux du Qu\u00e9bec","isPartOf":{"@id":"https:\/\/www.patrimoine-religieux.qc.ca\/en\/#website"},"primaryImageOfPage":{"@id":"https:\/\/www.patrimoine-religieux.qc.ca\/en\/about\/committees-and-regional-round-tables\/archives-committee\/#primaryimage"},"image":{"@id":"https:\/\/www.patrimoine-religieux.qc.ca\/en\/about\/committees-and-regional-round-tables\/archives-committee\/#primaryimage"},"thumbnailUrl":"https:\/\/www.patrimoine-religieux.qc.ca\/wp-content\/uploads\/2025\/02\/2024-rencontre_archives_sherbrooke-1.jpg","datePublished":"2024-11-22T18:01:04+00:00","dateModified":"2025-04-07T19:34:17+00:00","breadcrumb":{"@id":"https:\/\/www.patrimoine-religieux.qc.ca\/en\/about\/committees-and-regional-round-tables\/archives-committee\/#breadcrumb"},"inLanguage":"en-US","potentialAction":[{"@type":"ReadAction","target":["https:\/\/www.patrimoine-religieux.qc.ca\/en\/about\/committees-and-regional-round-tables\/archives-committee\/"]}]},{"@type":"ImageObject","inLanguage":"en-US","@id":"https:\/\/www.patrimoine-religieux.qc.ca\/en\/about\/committees-and-regional-round-tables\/archives-committee\/#primaryimage","url":"https:\/\/www.patrimoine-religieux.qc.ca\/wp-content\/uploads\/2025\/02\/2024-rencontre_archives_sherbrooke-1.jpg","contentUrl":"https:\/\/www.patrimoine-religieux.qc.ca\/wp-content\/uploads\/2025\/02\/2024-rencontre_archives_sherbrooke-1.jpg","width":1440,"height":1920},{"@type":"BreadcrumbList","@id":"https:\/\/www.patrimoine-religieux.qc.ca\/en\/about\/committees-and-regional-round-tables\/archives-committee\/#breadcrumb","itemListElement":[{"@type":"ListItem","position":1,"name":"Accueil","item":"https:\/\/www.patrimoine-religieux.qc.ca\/en\/"},{"@type":"ListItem","position":2,"name":"About","item":"https:\/\/www.patrimoine-religieux.qc.ca\/en\/about\/"},{"@type":"ListItem","position":3,"name":"Committees and Regional Round Tables","item":"https:\/\/www.patrimoine-religieux.qc.ca\/en\/about\/committees-and-regional-round-tables\/"},{"@type":"ListItem","position":4,"name":"Archives Committee"}]},{"@type":"WebSite","@id":"https:\/\/www.patrimoine-religieux.qc.ca\/en\/#website","url":"https:\/\/www.patrimoine-religieux.qc.ca\/en\/","name":"Conseil du patrimoine religieux du Qu\u00e9bec","description":"Soutenir et promouvoir la conservation du patrimoine religieux qu\u00e9b\u00e9cois","potentialAction":[{"@type":"SearchAction","target":{"@type":"EntryPoint","urlTemplate":"https:\/\/www.patrimoine-religieux.qc.ca\/en\/?s={search_term_string}"},"query-input":{"@type":"PropertyValueSpecification","valueRequired":true,"valueName":"search_term_string"}}],"inLanguage":"en-US"}]}},"_links":{"self":[{"href":"https:\/\/www.patrimoine-religieux.qc.ca\/en\/wp-json\/wp\/v2\/pages\/1787","targetHints":{"allow":["GET"]}}],"collection":[{"href":"https:\/\/www.patrimoine-religieux.qc.ca\/en\/wp-json\/wp\/v2\/pages"}],"about":[{"href":"https:\/\/www.patrimoine-religieux.qc.ca\/en\/wp-json\/wp\/v2\/types\/page"}],"author":[{"embeddable":true,"href":"https:\/\/www.patrimoine-religieux.qc.ca\/en\/wp-json\/wp\/v2\/users\/1"}],"replies":[{"embeddable":true,"href":"https:\/\/www.patrimoine-religieux.qc.ca\/en\/wp-json\/wp\/v2\/comments?post=1787"}],"version-history":[{"count":3,"href":"https:\/\/www.patrimoine-religieux.qc.ca\/en\/wp-json\/wp\/v2\/pages\/1787\/revisions"}],"predecessor-version":[{"id":64443,"href":"https:\/\/www.patrimoine-religieux.qc.ca\/en\/wp-json\/wp\/v2\/pages\/1787\/revisions\/64443"}],"up":[{"embeddable":true,"href":"https:\/\/www.patrimoine-religieux.qc.ca\/en\/wp-json\/wp\/v2\/pages\/1759"}],"wp:featuredmedia":[{"embeddable":true,"href":"https:\/\/www.patrimoine-religieux.qc.ca\/en\/wp-json\/wp\/v2\/media\/63025"}],"wp:attachment":[{"href":"https:\/\/www.patrimoine-religieux.qc.ca\/en\/wp-json\/wp\/v2\/media?parent=1787"}],"curies":[{"name":"wp","href":"https:\/\/api.w.org\/{rel}","templated":true}]}}