{"id":1785,"date":"2024-11-25T13:14:04","date_gmt":"2024-11-25T18:14:04","guid":{"rendered":"https:\/\/www.patrimoine-religieux.qc.ca\/?page_id=1785"},"modified":"2024-12-02T11:11:32","modified_gmt":"2024-12-02T16:11:32","slug":"round-table-of-mauricie-centre-du-quebec-region-8","status":"publish","type":"page","link":"https:\/\/www.patrimoine-religieux.qc.ca\/en\/about\/committees-and-regional-round-tables\/round-table-of-mauricie-centre-du-quebec-region-8\/","title":{"rendered":"Round table of Mauricie-Centre-du-Qu\u00e9bec &#8211; Region 8"},"content":{"rendered":"<header class=\"page-hero hero-size-compact progressive-fade-in\">\n\t\t<div class=\"hero-inner progressive-fade-in-element progressive-fade-in-element-1\">\n\n\t\t\t<div class=\"content-block\">\n\t\t\t\t<div class=\"content-block-inner content-width\">\n\n\t\t\t\t\t<div class=\"text-block\">\n\n\t\t\t\t\t\t\n\t\t\t\t\t\t\n\t\t\t\t\t\t\n\t\t\t\t\t<\/div>\n\n\t\t\t\t\t\n\t\t\t\t\t\n\t\t\t\t\t\n\t\t\t\t\t\n\t\t\t\t\t\t\t\n\n\t\t\t\t\t\n\t\t\t\t\t\n\t\t\t\t\t\n\t\t\t\t\t\n\t\t\t\t\t\t\t\t\t\t\n\t\n\t\t\t\t\t\n\t\t\t\t<\/div>\n\t\t\t<\/div>\n\t\t<\/div>\n\t<\/header>\n\n\n<section id=\"block_2d2cf5a854a80dcbc5e621758c79774c\" class=\"page-block page-block-simple-text progressive-fade-in page-block-margin-standard page-block-bg-none title-position-top\">\n\n\t\n\t<div class=\"page-block-inner content-width progressive-fade-in-element progressive-fade-in-element-1\">\n\n\t\t\n\t\t\n\t\t\t\t<div class=\"page-block-text wysiwyg\"><h4>Resource person:<\/h4>\n<p><strong>Isabelle Lortie<\/strong><br>\n<a href=\"mailto:ilortie@patrimoine-religieux.qc.ca\">ilortie@patrimoine-religieux.qc.ca<\/a><\/p>\n<\/div>\n\t\t\n\t<\/div>\n<\/section>\n\n\n<section id=\"block_a9ebc65c1669eb76fc864f7aec64dbb0\" class=\"page-block page-block-team progressive-fade-in page-block-margin-standard page-block-has-bg-color page-block-bg-orange page-block-display-simple\">\n\n\t\n\t<div class=\"page-block-inner content-width progressive-fade-in-element progressive-fade-in-element-1\">\n\n\t\t\n\t\t\t\t\t\t<h2 class=\"page-block-title over-line title-2\">Members<\/h2>\n\t\t\t\n\t\t\t\n\t\t\t<div class=\"page-block-team\">\n\t\t\t\t<div class=\"page-block-team-inner\">\n\t\t\t\t\n\t\t\t\t\t<div class=\"page-block-member\">\n\t\t\t\t\t\t\n\t\t\t\t\t\t\t\t\t\t\t\t<div class=\"page-block-member-info\">\n\t\t\t\t\t\t\t\t\t\t\t\t\t\t<h3 class=\"name title-3\">Yves Grondin<\/h3>\n\t\t\t\t\t\t\t\n\t\t\t\t\t\t\t\t\t\t\t\t\t\t<div class=\"position title-4\">President<\/div>\n\t\t\t\t\t\t\t\t\t\t\t\t\t<\/div>\n\t\t\t\t\t\t\n\t\t\t\t\t\t\n\t\t\t\t\t<\/div>\n\n\t\t\t\t\t<div class=\"page-block-member\">\n\t\t\t\t\t\t\n\t\t\t\t\t\t\t\t\t\t\t\t<div class=\"page-block-member-info\">\n\t\t\t\t\t\t\t\t\t\t\t\t\t\t<h3 class=\"name title-3\">Myriam C\u00e9r\u00e9<\/h3>\n\t\t\t\t\t\t\t\n\t\t\t\t\t\t\t\t\t\t\t\t\t<\/div>\n\t\t\t\t\t\t\n\t\t\t\t\t\t\n\t\t\t\t\t<\/div>\n\n\t\t\t\t\t<div class=\"page-block-member\">\n\t\t\t\t\t\t\n\t\t\t\t\t\t\t\t\t\t\t\t<div class=\"page-block-member-info\">\n\t\t\t\t\t\t\t\t\t\t\t\t\t\t<h3 class=\"name title-3\">Ren\u00e9 Beaudoin<\/h3>\n\t\t\t\t\t\t\t\n\t\t\t\t\t\t\t\t\t\t\t\t\t<\/div>\n\t\t\t\t\t\t\n\t\t\t\t\t\t\n\t\t\t\t\t<\/div>\n\n\t\t\t\t\t<div class=\"page-block-member\">\n\t\t\t\t\t\t\n\t\t\t\t\t\t\t\t\t\t\t\t<div class=\"page-block-member-info\">\n\t\t\t\t\t\t\t\t\t\t\t\t\t\t<h3 class=\"name title-3\">Audray Fr\u00e9chette-Barbeau<\/h3>\n\t\t\t\t\t\t\t\n\t\t\t\t\t\t\t\t\t\t\t\t\t<\/div>\n\t\t\t\t\t\t\n\t\t\t\t\t\t\n\t\t\t\t\t<\/div>\n\n\t\t\t\t\t<div class=\"page-block-member\">\n\t\t\t\t\t\t\n\t\t\t\t\t\t\t\t\t\t\t\t<div class=\"page-block-member-info\">\n\t\t\t\t\t\t\t\t\t\t\t\t\t\t<h3 class=\"name title-3\">Jos\u00e9e Grandmont<\/h3>\n\t\t\t\t\t\t\t\n\t\t\t\t\t\t\t\t\t\t\t\t\t<\/div>\n\t\t\t\t\t\t\n\t\t\t\t\t\t\n\t\t\t\t\t<\/div>\n\n\t\t\t\t\t<div class=\"page-block-member\">\n\t\t\t\t\t\t\n\t\t\t\t\t\t\t\t\t\t\t\t<div class=\"page-block-member-info\">\n\t\t\t\t\t\t\t\t\t\t\t\t\t\t<h3 class=\"name title-3\">Simon H\u00e9roux<\/h3>\n\t\t\t\t\t\t\t\n\t\t\t\t\t\t\t\t\t\t\t\t\t<\/div>\n\t\t\t\t\t\t\n\t\t\t\t\t\t\n\t\t\t\t\t<\/div>\n\n\t\t\t\t\t<div class=\"page-block-member\">\n\t\t\t\t\t\t\n\t\t\t\t\t\t\t\t\t\t\t\t<div class=\"page-block-member-info\">\n\t\t\t\t\t\t\t\t\t\t\t\t\t\t<h3 class=\"name title-3\">Pierrette Leclerc<\/h3>\n\t\t\t\t\t\t\t\n\t\t\t\t\t\t\t\t\t\t\t\t\t<\/div>\n\t\t\t\t\t\t\n\t\t\t\t\t\t\n\t\t\t\t\t<\/div>\n\n\t\t\t\t\t<div class=\"page-block-member\">\n\t\t\t\t\t\t\n\t\t\t\t\t\t\t\t\t\t\t\t<div class=\"page-block-member-info\">\n\t\t\t\t\t\t\t\t\t\t\t\t\t\t<h3 class=\"name title-3\">Christian Marcotte<\/h3>\n\t\t\t\t\t\t\t\n\t\t\t\t\t\t\t\t\t\t\t\t\t<\/div>\n\t\t\t\t\t\t\n\t\t\t\t\t\t\n\t\t\t\t\t<\/div>\n\n\t\t\t\t\t<div class=\"page-block-member\">\n\t\t\t\t\t\t\n\t\t\t\t\t\t\t\t\t\t\t\t<div class=\"page-block-member-info\">\n\t\t\t\t\t\t\t\t\t\t\t\t\t\t<h3 class=\"name title-3\">M\u00e9lanie Pinard<\/h3>\n\t\t\t\t\t\t\t\n\t\t\t\t\t\t\t\t\t\t\t\t\t<\/div>\n\t\t\t\t\t\t\n\t\t\t\t\t\t\n\t\t\t\t\t<\/div>\n\n\t\t\t\t\t<div class=\"page-block-member\">\n\t\t\t\t\t\t\n\t\t\t\t\t\t\t\t\t\t\t\t<div class=\"page-block-member-info\">\n\t\t\t\t\t\t\t\t\t\t\t\t\t\t<h3 class=\"name title-3\">Serge Simard<\/h3>\n\t\t\t\t\t\t\t\n\t\t\t\t\t\t\t\t\t\t\t\t\t<\/div>\n\t\t\t\t\t\t\n\t\t\t\t\t\t\n\t\t\t\t\t<\/div>\n\n\t\t\t\t\t<div class=\"page-block-member\">\n\t\t\t\t\t\t\n\t\t\t\t\t\t\t\t\t\t\t\t<div class=\"page-block-member-info\">\n\t\t\t\t\t\t\t\t\t\t\t\t\t\t<h3 class=\"name title-3\">Philippe Turgeon<\/h3>\n\t\t\t\t\t\t\t\n\t\t\t\t\t\t\t\t\t\t\t\t\t<\/div>\n\t\t\t\t\t\t\n\t\t\t\t\t\t\n\t\t\t\t\t<\/div>\n\n\t\t\t\t\t<div class=\"page-block-member\">\n\t\t\t\t\t\t\n\t\t\t\t\t\t\t\t\t\t\t\t<div class=\"page-block-member-info\">\n\t\t\t\t\t\t\t\t\t\t\t\t\t\t<h3 class=\"name title-3\">Sean Otto<\/h3>\n\t\t\t\t\t\t\t\n\t\t\t\t\t\t\t\t\t\t\t\t\t<\/div>\n\t\t\t\t\t\t\n\t\t\t\t\t\t\n\t\t\t\t\t<\/div>\n\n\t\t\t\t\t<div class=\"page-block-member\">\n\t\t\t\t\t\t\n\t\t\t\t\t\t\t\t\t\t\t\t<div class=\"page-block-member-info\">\n\t\t\t\t\t\t\t\t\t\t\t\t\t\t<h3 class=\"name title-3\">Olivier Th\u00e9riault<\/h3>\n\t\t\t\t\t\t\t\n\t\t\t\t\t\t\t\t\t\t\t\t\t<\/div>\n\t\t\t\t\t\t\n\t\t\t\t\t\t\n\t\t\t\t\t<\/div>\n\n\t\t\t\t\t\n\t\t\t\t\t\t\t\t<\/div>\n\t\t\t<\/div>\n\n\t\t\n\t<\/div>\n<\/section>","protected":false},"excerpt":{"rendered":"","protected":false},"author":1,"featured_media":0,"parent":1759,"menu_order":37,"comment_status":"closed","ping_status":"closed","template":"","meta":{"_acf_changed":false,"footnotes":""},"class_list":["post-1785","page","type-page","status-publish","hentry"],"acf":[],"yoast_head":"<!-- This site is optimized with the Yoast SEO plugin v27.3 - https:\/\/yoast.com\/product\/yoast-seo-wordpress\/ -->\n<title>Round table of Mauricie-Centre-du-Qu\u00e9bec - Region 8 - Conseil du patrimoine religieux du Qu\u00e9bec<\/title>\n<meta name=\"robots\" content=\"index, follow, max-snippet:-1, max-image-preview:large, max-video-preview:-1\" \/>\n<link rel=\"canonical\" href=\"https:\/\/www.patrimoine-religieux.qc.ca\/en\/about\/committees-and-regional-round-tables\/round-table-of-mauricie-centre-du-quebec-region-8\/\" \/>\n<meta property=\"og:locale\" content=\"en_US\" \/>\n<meta property=\"og:type\" content=\"article\" \/>\n<meta property=\"og:title\" content=\"Round table of Mauricie-Centre-du-Qu\u00e9bec - Region 8 - Conseil du patrimoine religieux du Qu\u00e9bec\" \/>\n<meta property=\"og:url\" content=\"https:\/\/www.patrimoine-religieux.qc.ca\/en\/about\/committees-and-regional-round-tables\/round-table-of-mauricie-centre-du-quebec-region-8\/\" \/>\n<meta property=\"og:site_name\" content=\"Conseil du patrimoine religieux du Qu\u00e9bec\" \/>\n<meta property=\"article:modified_time\" content=\"2024-12-02T16:11:32+00:00\" \/>\n<meta name=\"twitter:card\" content=\"summary_large_image\" \/>\n<script type=\"application\/ld+json\" class=\"yoast-schema-graph\">{\"@context\":\"https:\\\/\\\/schema.org\",\"@graph\":[{\"@type\":\"WebPage\",\"@id\":\"https:\\\/\\\/www.patrimoine-religieux.qc.ca\\\/en\\\/about\\\/committees-and-regional-round-tables\\\/round-table-of-mauricie-centre-du-quebec-region-8\\\/\",\"url\":\"https:\\\/\\\/www.patrimoine-religieux.qc.ca\\\/en\\\/about\\\/committees-and-regional-round-tables\\\/round-table-of-mauricie-centre-du-quebec-region-8\\\/\",\"name\":\"Round table of Mauricie-Centre-du-Qu\u00e9bec - Region 8 - Conseil du patrimoine religieux du Qu\u00e9bec\",\"isPartOf\":{\"@id\":\"https:\\\/\\\/www.patrimoine-religieux.qc.ca\\\/en\\\/#website\"},\"datePublished\":\"2024-11-25T18:14:04+00:00\",\"dateModified\":\"2024-12-02T16:11:32+00:00\",\"breadcrumb\":{\"@id\":\"https:\\\/\\\/www.patrimoine-religieux.qc.ca\\\/en\\\/about\\\/committees-and-regional-round-tables\\\/round-table-of-mauricie-centre-du-quebec-region-8\\\/#breadcrumb\"},\"inLanguage\":\"en-US\",\"potentialAction\":[{\"@type\":\"ReadAction\",\"target\":[\"https:\\\/\\\/www.patrimoine-religieux.qc.ca\\\/en\\\/about\\\/committees-and-regional-round-tables\\\/round-table-of-mauricie-centre-du-quebec-region-8\\\/\"]}]},{\"@type\":\"BreadcrumbList\",\"@id\":\"https:\\\/\\\/www.patrimoine-religieux.qc.ca\\\/en\\\/about\\\/committees-and-regional-round-tables\\\/round-table-of-mauricie-centre-du-quebec-region-8\\\/#breadcrumb\",\"itemListElement\":[{\"@type\":\"ListItem\",\"position\":1,\"name\":\"Accueil\",\"item\":\"https:\\\/\\\/www.patrimoine-religieux.qc.ca\\\/en\\\/\"},{\"@type\":\"ListItem\",\"position\":2,\"name\":\"About\",\"item\":\"https:\\\/\\\/www.patrimoine-religieux.qc.ca\\\/en\\\/about\\\/\"},{\"@type\":\"ListItem\",\"position\":3,\"name\":\"Committees and Regional Round Tables\",\"item\":\"https:\\\/\\\/www.patrimoine-religieux.qc.ca\\\/en\\\/about\\\/committees-and-regional-round-tables\\\/\"},{\"@type\":\"ListItem\",\"position\":4,\"name\":\"Round table of Mauricie-Centre-du-Qu\u00e9bec &#8211; Region 8\"}]},{\"@type\":\"WebSite\",\"@id\":\"https:\\\/\\\/www.patrimoine-religieux.qc.ca\\\/en\\\/#website\",\"url\":\"https:\\\/\\\/www.patrimoine-religieux.qc.ca\\\/en\\\/\",\"name\":\"Conseil du patrimoine religieux du Qu\u00e9bec\",\"description\":\"Soutenir et promouvoir la conservation du patrimoine religieux qu\u00e9b\u00e9cois\",\"potentialAction\":[{\"@type\":\"SearchAction\",\"target\":{\"@type\":\"EntryPoint\",\"urlTemplate\":\"https:\\\/\\\/www.patrimoine-religieux.qc.ca\\\/en\\\/?s={search_term_string}\"},\"query-input\":{\"@type\":\"PropertyValueSpecification\",\"valueRequired\":true,\"valueName\":\"search_term_string\"}}],\"inLanguage\":\"en-US\"}]}<\/script>\n<!-- \/ Yoast SEO plugin. -->","yoast_head_json":{"title":"Round table of Mauricie-Centre-du-Qu\u00e9bec - Region 8 - Conseil du patrimoine religieux du Qu\u00e9bec","robots":{"index":"index","follow":"follow","max-snippet":"max-snippet:-1","max-image-preview":"max-image-preview:large","max-video-preview":"max-video-preview:-1"},"canonical":"https:\/\/www.patrimoine-religieux.qc.ca\/en\/about\/committees-and-regional-round-tables\/round-table-of-mauricie-centre-du-quebec-region-8\/","og_locale":"en_US","og_type":"article","og_title":"Round table of Mauricie-Centre-du-Qu\u00e9bec - Region 8 - Conseil du patrimoine religieux du Qu\u00e9bec","og_url":"https:\/\/www.patrimoine-religieux.qc.ca\/en\/about\/committees-and-regional-round-tables\/round-table-of-mauricie-centre-du-quebec-region-8\/","og_site_name":"Conseil du patrimoine religieux du Qu\u00e9bec","article_modified_time":"2024-12-02T16:11:32+00:00","twitter_card":"summary_large_image","schema":{"@context":"https:\/\/schema.org","@graph":[{"@type":"WebPage","@id":"https:\/\/www.patrimoine-religieux.qc.ca\/en\/about\/committees-and-regional-round-tables\/round-table-of-mauricie-centre-du-quebec-region-8\/","url":"https:\/\/www.patrimoine-religieux.qc.ca\/en\/about\/committees-and-regional-round-tables\/round-table-of-mauricie-centre-du-quebec-region-8\/","name":"Round table of Mauricie-Centre-du-Qu\u00e9bec - Region 8 - Conseil du patrimoine religieux du Qu\u00e9bec","isPartOf":{"@id":"https:\/\/www.patrimoine-religieux.qc.ca\/en\/#website"},"datePublished":"2024-11-25T18:14:04+00:00","dateModified":"2024-12-02T16:11:32+00:00","breadcrumb":{"@id":"https:\/\/www.patrimoine-religieux.qc.ca\/en\/about\/committees-and-regional-round-tables\/round-table-of-mauricie-centre-du-quebec-region-8\/#breadcrumb"},"inLanguage":"en-US","potentialAction":[{"@type":"ReadAction","target":["https:\/\/www.patrimoine-religieux.qc.ca\/en\/about\/committees-and-regional-round-tables\/round-table-of-mauricie-centre-du-quebec-region-8\/"]}]},{"@type":"BreadcrumbList","@id":"https:\/\/www.patrimoine-religieux.qc.ca\/en\/about\/committees-and-regional-round-tables\/round-table-of-mauricie-centre-du-quebec-region-8\/#breadcrumb","itemListElement":[{"@type":"ListItem","position":1,"name":"Accueil","item":"https:\/\/www.patrimoine-religieux.qc.ca\/en\/"},{"@type":"ListItem","position":2,"name":"About","item":"https:\/\/www.patrimoine-religieux.qc.ca\/en\/about\/"},{"@type":"ListItem","position":3,"name":"Committees and Regional Round Tables","item":"https:\/\/www.patrimoine-religieux.qc.ca\/en\/about\/committees-and-regional-round-tables\/"},{"@type":"ListItem","position":4,"name":"Round table of Mauricie-Centre-du-Qu\u00e9bec &#8211; Region 8"}]},{"@type":"WebSite","@id":"https:\/\/www.patrimoine-religieux.qc.ca\/en\/#website","url":"https:\/\/www.patrimoine-religieux.qc.ca\/en\/","name":"Conseil du patrimoine religieux du Qu\u00e9bec","description":"Soutenir et promouvoir la conservation du patrimoine religieux qu\u00e9b\u00e9cois","potentialAction":[{"@type":"SearchAction","target":{"@type":"EntryPoint","urlTemplate":"https:\/\/www.patrimoine-religieux.qc.ca\/en\/?s={search_term_string}"},"query-input":{"@type":"PropertyValueSpecification","valueRequired":true,"valueName":"search_term_string"}}],"inLanguage":"en-US"}]}},"_links":{"self":[{"href":"https:\/\/www.patrimoine-religieux.qc.ca\/en\/wp-json\/wp\/v2\/pages\/1785","targetHints":{"allow":["GET"]}}],"collection":[{"href":"https:\/\/www.patrimoine-religieux.qc.ca\/en\/wp-json\/wp\/v2\/pages"}],"about":[{"href":"https:\/\/www.patrimoine-religieux.qc.ca\/en\/wp-json\/wp\/v2\/types\/page"}],"author":[{"embeddable":true,"href":"https:\/\/www.patrimoine-religieux.qc.ca\/en\/wp-json\/wp\/v2\/users\/1"}],"replies":[{"embeddable":true,"href":"https:\/\/www.patrimoine-religieux.qc.ca\/en\/wp-json\/wp\/v2\/comments?post=1785"}],"version-history":[{"count":2,"href":"https:\/\/www.patrimoine-religieux.qc.ca\/en\/wp-json\/wp\/v2\/pages\/1785\/revisions"}],"predecessor-version":[{"id":1813,"href":"https:\/\/www.patrimoine-religieux.qc.ca\/en\/wp-json\/wp\/v2\/pages\/1785\/revisions\/1813"}],"up":[{"embeddable":true,"href":"https:\/\/www.patrimoine-religieux.qc.ca\/en\/wp-json\/wp\/v2\/pages\/1759"}],"wp:attachment":[{"href":"https:\/\/www.patrimoine-religieux.qc.ca\/en\/wp-json\/wp\/v2\/media?parent=1785"}],"curies":[{"name":"wp","href":"https:\/\/api.w.org\/{rel}","templated":true}]}}