{"id":1766,"date":"2024-11-25T11:25:00","date_gmt":"2024-11-25T16:25:00","guid":{"rendered":"https:\/\/www.patrimoine-religieux.qc.ca\/?page_id=1766"},"modified":"2024-12-02T11:10:26","modified_gmt":"2024-12-02T16:10:26","slug":"round-table-of-estrie-region-6b","status":"publish","type":"page","link":"https:\/\/www.patrimoine-religieux.qc.ca\/en\/about\/committees-and-regional-round-tables\/round-table-of-estrie-region-6b\/","title":{"rendered":"Round table of Estrie\u00a0&#8211; Region 6B"},"content":{"rendered":"<header class=\"page-hero hero-size-compact progressive-fade-in\">\n\t\t<div class=\"hero-inner progressive-fade-in-element progressive-fade-in-element-1\">\n\n\t\t\t<div class=\"content-block\">\n\t\t\t\t<div class=\"content-block-inner content-width\">\n\n\t\t\t\t\t<div class=\"text-block\">\n\n\t\t\t\t\t\t\n\t\t\t\t\t\t\n\t\t\t\t\t\t\n\t\t\t\t\t<\/div>\n\n\t\t\t\t\t\n\t\t\t\t\t\n\t\t\t\t\t\n\t\t\t\t\t\n\t\t\t\t\t\t\t\n\n\t\t\t\t\t\n\t\t\t\t\t\n\t\t\t\t\t\n\t\t\t\t\t\n\t\t\t\t\t\t\t\t\t\t\n\t\n\t\t\t\t\t\n\t\t\t\t<\/div>\n\t\t\t<\/div>\n\t\t<\/div>\n\t<\/header>\n\n\n<section id=\"block_e6b2aba1810082682322bea7f81763d6\" class=\"page-block page-block-simple-text progressive-fade-in page-block-margin-standard page-block-bg-none title-position-top\">\n\n\t\n\t<div class=\"page-block-inner content-width progressive-fade-in-element progressive-fade-in-element-1\">\n\n\t\t\n\t\t\n\t\t\t\t<div class=\"page-block-text wysiwyg\"><h4>Resource person:<\/h4>\n<p><strong>Isabelle Lortie<\/strong><br>\n<a href=\"mailto:ilortie@patrimoine-religieux.qc.ca\">ilortie@patrimoine-religieux.qc.ca<\/a><\/p>\n<\/div>\n\t\t\n\t<\/div>\n<\/section>\n\n\n<section id=\"block_4d58c88d3cdf8c52632c73b6a308f3e6\" class=\"page-block page-block-team progressive-fade-in page-block-margin-standard page-block-has-bg-color page-block-bg-orange page-block-display-simple\">\n\n\t\n\t<div class=\"page-block-inner content-width progressive-fade-in-element progressive-fade-in-element-1\">\n\n\t\t\n\t\t\t\t\t\t<h2 class=\"page-block-title over-line title-2\">Members<\/h2>\n\t\t\t\n\t\t\t\n\t\t\t<div class=\"page-block-team\">\n\t\t\t\t<div class=\"page-block-team-inner\">\n\t\t\t\t\n\t\t\t\t\t<div class=\"page-block-member\">\n\t\t\t\t\t\t\n\t\t\t\t\t\t\t\t\t\t\t\t<div class=\"page-block-member-info\">\n\t\t\t\t\t\t\t\t\t\t\t\t\t\t<h3 class=\"name title-3\">James Sweeny<\/h3>\n\t\t\t\t\t\t\t\n\t\t\t\t\t\t\t\t\t\t\t\t\t\t<div class=\"position title-4\">President<\/div>\n\t\t\t\t\t\t\t\t\t\t\t\t\t<\/div>\n\t\t\t\t\t\t\n\t\t\t\t\t\t\n\t\t\t\t\t<\/div>\n\n\t\t\t\t\t<div class=\"page-block-member\">\n\t\t\t\t\t\t\n\t\t\t\t\t\t\t\t\t\t\t\t<div class=\"page-block-member-info\">\n\t\t\t\t\t\t\t\t\t\t\t\t\t\t<h3 class=\"name title-3\">Pierre Bail<\/h3>\n\t\t\t\t\t\t\t\n\t\t\t\t\t\t\t\t\t\t\t\t\t<\/div>\n\t\t\t\t\t\t\n\t\t\t\t\t\t\n\t\t\t\t\t<\/div>\n\n\t\t\t\t\t<div class=\"page-block-member\">\n\t\t\t\t\t\t\n\t\t\t\t\t\t\t\t\t\t\t\t<div class=\"page-block-member-info\">\n\t\t\t\t\t\t\t\t\t\t\t\t\t\t<h3 class=\"name title-3\">Marc Fabi<\/h3>\n\t\t\t\t\t\t\t\n\t\t\t\t\t\t\t\t\t\t\t\t\t<\/div>\n\t\t\t\t\t\t\n\t\t\t\t\t\t\n\t\t\t\t\t<\/div>\n\n\t\t\t\t\t<div class=\"page-block-member\">\n\t\t\t\t\t\t\n\t\t\t\t\t\t\t\t\t\t\t\t<div class=\"page-block-member-info\">\n\t\t\t\t\t\t\t\t\t\t\t\t\t\t<h3 class=\"name title-3\">Chantal Lefebvre<\/h3>\n\t\t\t\t\t\t\t\n\t\t\t\t\t\t\t\t\t\t\t\t\t<\/div>\n\t\t\t\t\t\t\n\t\t\t\t\t\t\n\t\t\t\t\t<\/div>\n\n\t\t\t\t\t<div class=\"page-block-member\">\n\t\t\t\t\t\t\n\t\t\t\t\t\t\t\t\t\t\t\t<div class=\"page-block-member-info\">\n\t\t\t\t\t\t\t\t\t\t\t\t\t\t<h3 class=\"name title-3\">Wilfrid Morin<\/h3>\n\t\t\t\t\t\t\t\n\t\t\t\t\t\t\t\t\t\t\t\t\t<\/div>\n\t\t\t\t\t\t\n\t\t\t\t\t\t\n\t\t\t\t\t<\/div>\n\n\t\t\t\t\t<div class=\"page-block-member\">\n\t\t\t\t\t\t\n\t\t\t\t\t\t\t\t\t\t\t\t<div class=\"page-block-member-info\">\n\t\t\t\t\t\t\t\t\t\t\t\t\t\t<h3 class=\"name title-3\">Alain R. Roy<\/h3>\n\t\t\t\t\t\t\t\n\t\t\t\t\t\t\t\t\t\t\t\t\t<\/div>\n\t\t\t\t\t\t\n\t\t\t\t\t\t\n\t\t\t\t\t<\/div>\n\n\t\t\t\t\t<div class=\"page-block-member\">\n\t\t\t\t\t\t\n\t\t\t\t\t\t\t\t\t\t\t\t<div class=\"page-block-member-info\">\n\t\t\t\t\t\t\t\t\t\t\t\t\t\t<h3 class=\"name title-3\">Chlo\u00eb Southam<\/h3>\n\t\t\t\t\t\t\t\n\t\t\t\t\t\t\t\t\t\t\t\t\t<\/div>\n\t\t\t\t\t\t\n\t\t\t\t\t\t\n\t\t\t\t\t<\/div>\n\n\t\t\t\t\t<div class=\"page-block-member\">\n\t\t\t\t\t\t\n\t\t\t\t\t\t\t\t\t\t\t\t<div class=\"page-block-member-info\">\n\t\t\t\t\t\t\t\t\t\t\t\t\t\t<h3 class=\"name title-3\">Alexandra Reid<\/h3>\n\t\t\t\t\t\t\t\n\t\t\t\t\t\t\t\t\t\t\t\t\t<\/div>\n\t\t\t\t\t\t\n\t\t\t\t\t\t\n\t\t\t\t\t<\/div>\n\n\t\t\t\t\t<div class=\"page-block-member\">\n\t\t\t\t\t\t\n\t\t\t\t\t\t\t\t\t\t\t\t<div class=\"page-block-member-info\">\n\t\t\t\t\t\t\t\t\t\t\t\t\t\t<h3 class=\"name title-3\">Marie-Laurence Coutaud<\/h3>\n\t\t\t\t\t\t\t\n\t\t\t\t\t\t\t\t\t\t\t\t\t<\/div>\n\t\t\t\t\t\t\n\t\t\t\t\t\t\n\t\t\t\t\t<\/div>\n\n\t\t\t\t\t\n\t\t\t\t\t\t\t\t<\/div>\n\t\t\t<\/div>\n\n\t\t\n\t<\/div>\n<\/section>","protected":false},"excerpt":{"rendered":"","protected":false},"author":1,"featured_media":0,"parent":1759,"menu_order":15,"comment_status":"closed","ping_status":"closed","template":"","meta":{"_acf_changed":false,"footnotes":""},"class_list":["post-1766","page","type-page","status-publish","hentry"],"acf":[],"yoast_head":"<!-- This site is optimized with the Yoast SEO plugin v27.3 - https:\/\/yoast.com\/product\/yoast-seo-wordpress\/ -->\n<title>Round table of Estrie\u00a0- Region 6B - Conseil du patrimoine religieux du Qu\u00e9bec<\/title>\n<meta name=\"robots\" content=\"index, follow, max-snippet:-1, max-image-preview:large, max-video-preview:-1\" \/>\n<link rel=\"canonical\" href=\"https:\/\/www.patrimoine-religieux.qc.ca\/en\/about\/committees-and-regional-round-tables\/round-table-of-estrie-region-6b\/\" \/>\n<meta property=\"og:locale\" content=\"en_US\" \/>\n<meta property=\"og:type\" content=\"article\" \/>\n<meta property=\"og:title\" content=\"Round table of Estrie\u00a0- Region 6B - Conseil du patrimoine religieux du Qu\u00e9bec\" \/>\n<meta property=\"og:url\" content=\"https:\/\/www.patrimoine-religieux.qc.ca\/en\/about\/committees-and-regional-round-tables\/round-table-of-estrie-region-6b\/\" \/>\n<meta property=\"og:site_name\" content=\"Conseil du patrimoine religieux du Qu\u00e9bec\" \/>\n<meta property=\"article:modified_time\" content=\"2024-12-02T16:10:26+00:00\" \/>\n<meta name=\"twitter:card\" content=\"summary_large_image\" \/>\n<script type=\"application\/ld+json\" class=\"yoast-schema-graph\">{\"@context\":\"https:\\\/\\\/schema.org\",\"@graph\":[{\"@type\":\"WebPage\",\"@id\":\"https:\\\/\\\/www.patrimoine-religieux.qc.ca\\\/en\\\/about\\\/committees-and-regional-round-tables\\\/round-table-of-estrie-region-6b\\\/\",\"url\":\"https:\\\/\\\/www.patrimoine-religieux.qc.ca\\\/en\\\/about\\\/committees-and-regional-round-tables\\\/round-table-of-estrie-region-6b\\\/\",\"name\":\"Round table of Estrie\u00a0- Region 6B - Conseil du patrimoine religieux du Qu\u00e9bec\",\"isPartOf\":{\"@id\":\"https:\\\/\\\/www.patrimoine-religieux.qc.ca\\\/en\\\/#website\"},\"datePublished\":\"2024-11-25T16:25:00+00:00\",\"dateModified\":\"2024-12-02T16:10:26+00:00\",\"breadcrumb\":{\"@id\":\"https:\\\/\\\/www.patrimoine-religieux.qc.ca\\\/en\\\/about\\\/committees-and-regional-round-tables\\\/round-table-of-estrie-region-6b\\\/#breadcrumb\"},\"inLanguage\":\"en-US\",\"potentialAction\":[{\"@type\":\"ReadAction\",\"target\":[\"https:\\\/\\\/www.patrimoine-religieux.qc.ca\\\/en\\\/about\\\/committees-and-regional-round-tables\\\/round-table-of-estrie-region-6b\\\/\"]}]},{\"@type\":\"BreadcrumbList\",\"@id\":\"https:\\\/\\\/www.patrimoine-religieux.qc.ca\\\/en\\\/about\\\/committees-and-regional-round-tables\\\/round-table-of-estrie-region-6b\\\/#breadcrumb\",\"itemListElement\":[{\"@type\":\"ListItem\",\"position\":1,\"name\":\"Accueil\",\"item\":\"https:\\\/\\\/www.patrimoine-religieux.qc.ca\\\/en\\\/\"},{\"@type\":\"ListItem\",\"position\":2,\"name\":\"About\",\"item\":\"https:\\\/\\\/www.patrimoine-religieux.qc.ca\\\/en\\\/about\\\/\"},{\"@type\":\"ListItem\",\"position\":3,\"name\":\"Committees and Regional Round Tables\",\"item\":\"https:\\\/\\\/www.patrimoine-religieux.qc.ca\\\/en\\\/about\\\/committees-and-regional-round-tables\\\/\"},{\"@type\":\"ListItem\",\"position\":4,\"name\":\"Round table of Estrie\u00a0&#8211; Region 6B\"}]},{\"@type\":\"WebSite\",\"@id\":\"https:\\\/\\\/www.patrimoine-religieux.qc.ca\\\/en\\\/#website\",\"url\":\"https:\\\/\\\/www.patrimoine-religieux.qc.ca\\\/en\\\/\",\"name\":\"Conseil du patrimoine religieux du Qu\u00e9bec\",\"description\":\"Soutenir et promouvoir la conservation du patrimoine religieux qu\u00e9b\u00e9cois\",\"potentialAction\":[{\"@type\":\"SearchAction\",\"target\":{\"@type\":\"EntryPoint\",\"urlTemplate\":\"https:\\\/\\\/www.patrimoine-religieux.qc.ca\\\/en\\\/?s={search_term_string}\"},\"query-input\":{\"@type\":\"PropertyValueSpecification\",\"valueRequired\":true,\"valueName\":\"search_term_string\"}}],\"inLanguage\":\"en-US\"}]}<\/script>\n<!-- \/ Yoast SEO plugin. -->","yoast_head_json":{"title":"Round table of Estrie\u00a0- Region 6B - Conseil du patrimoine religieux du Qu\u00e9bec","robots":{"index":"index","follow":"follow","max-snippet":"max-snippet:-1","max-image-preview":"max-image-preview:large","max-video-preview":"max-video-preview:-1"},"canonical":"https:\/\/www.patrimoine-religieux.qc.ca\/en\/about\/committees-and-regional-round-tables\/round-table-of-estrie-region-6b\/","og_locale":"en_US","og_type":"article","og_title":"Round table of Estrie\u00a0- Region 6B - Conseil du patrimoine religieux du Qu\u00e9bec","og_url":"https:\/\/www.patrimoine-religieux.qc.ca\/en\/about\/committees-and-regional-round-tables\/round-table-of-estrie-region-6b\/","og_site_name":"Conseil du patrimoine religieux du Qu\u00e9bec","article_modified_time":"2024-12-02T16:10:26+00:00","twitter_card":"summary_large_image","schema":{"@context":"https:\/\/schema.org","@graph":[{"@type":"WebPage","@id":"https:\/\/www.patrimoine-religieux.qc.ca\/en\/about\/committees-and-regional-round-tables\/round-table-of-estrie-region-6b\/","url":"https:\/\/www.patrimoine-religieux.qc.ca\/en\/about\/committees-and-regional-round-tables\/round-table-of-estrie-region-6b\/","name":"Round table of Estrie\u00a0- Region 6B - Conseil du patrimoine religieux du Qu\u00e9bec","isPartOf":{"@id":"https:\/\/www.patrimoine-religieux.qc.ca\/en\/#website"},"datePublished":"2024-11-25T16:25:00+00:00","dateModified":"2024-12-02T16:10:26+00:00","breadcrumb":{"@id":"https:\/\/www.patrimoine-religieux.qc.ca\/en\/about\/committees-and-regional-round-tables\/round-table-of-estrie-region-6b\/#breadcrumb"},"inLanguage":"en-US","potentialAction":[{"@type":"ReadAction","target":["https:\/\/www.patrimoine-religieux.qc.ca\/en\/about\/committees-and-regional-round-tables\/round-table-of-estrie-region-6b\/"]}]},{"@type":"BreadcrumbList","@id":"https:\/\/www.patrimoine-religieux.qc.ca\/en\/about\/committees-and-regional-round-tables\/round-table-of-estrie-region-6b\/#breadcrumb","itemListElement":[{"@type":"ListItem","position":1,"name":"Accueil","item":"https:\/\/www.patrimoine-religieux.qc.ca\/en\/"},{"@type":"ListItem","position":2,"name":"About","item":"https:\/\/www.patrimoine-religieux.qc.ca\/en\/about\/"},{"@type":"ListItem","position":3,"name":"Committees and Regional Round Tables","item":"https:\/\/www.patrimoine-religieux.qc.ca\/en\/about\/committees-and-regional-round-tables\/"},{"@type":"ListItem","position":4,"name":"Round table of Estrie\u00a0&#8211; Region 6B"}]},{"@type":"WebSite","@id":"https:\/\/www.patrimoine-religieux.qc.ca\/en\/#website","url":"https:\/\/www.patrimoine-religieux.qc.ca\/en\/","name":"Conseil du patrimoine religieux du Qu\u00e9bec","description":"Soutenir et promouvoir la conservation du patrimoine religieux qu\u00e9b\u00e9cois","potentialAction":[{"@type":"SearchAction","target":{"@type":"EntryPoint","urlTemplate":"https:\/\/www.patrimoine-religieux.qc.ca\/en\/?s={search_term_string}"},"query-input":{"@type":"PropertyValueSpecification","valueRequired":true,"valueName":"search_term_string"}}],"inLanguage":"en-US"}]}},"_links":{"self":[{"href":"https:\/\/www.patrimoine-religieux.qc.ca\/en\/wp-json\/wp\/v2\/pages\/1766","targetHints":{"allow":["GET"]}}],"collection":[{"href":"https:\/\/www.patrimoine-religieux.qc.ca\/en\/wp-json\/wp\/v2\/pages"}],"about":[{"href":"https:\/\/www.patrimoine-religieux.qc.ca\/en\/wp-json\/wp\/v2\/types\/page"}],"author":[{"embeddable":true,"href":"https:\/\/www.patrimoine-religieux.qc.ca\/en\/wp-json\/wp\/v2\/users\/1"}],"replies":[{"embeddable":true,"href":"https:\/\/www.patrimoine-religieux.qc.ca\/en\/wp-json\/wp\/v2\/comments?post=1766"}],"version-history":[{"count":2,"href":"https:\/\/www.patrimoine-religieux.qc.ca\/en\/wp-json\/wp\/v2\/pages\/1766\/revisions"}],"predecessor-version":[{"id":1811,"href":"https:\/\/www.patrimoine-religieux.qc.ca\/en\/wp-json\/wp\/v2\/pages\/1766\/revisions\/1811"}],"up":[{"embeddable":true,"href":"https:\/\/www.patrimoine-religieux.qc.ca\/en\/wp-json\/wp\/v2\/pages\/1759"}],"wp:attachment":[{"href":"https:\/\/www.patrimoine-religieux.qc.ca\/en\/wp-json\/wp\/v2\/media?parent=1766"}],"curies":[{"name":"wp","href":"https:\/\/api.w.org\/{rel}","templated":true}]}}