{"id":1759,"date":"2024-10-17T16:31:49","date_gmt":"2024-10-17T20:31:49","guid":{"rendered":"https:\/\/www.patrimoine-religieux.qc.ca\/?page_id=1759"},"modified":"2024-12-02T11:03:53","modified_gmt":"2024-12-02T16:03:53","slug":"committees-and-regional-round-tables","status":"publish","type":"page","link":"https:\/\/www.patrimoine-religieux.qc.ca\/en\/about\/committees-and-regional-round-tables\/","title":{"rendered":"Committees and Regional Round Tables"},"content":{"rendered":"<header class=\"page-hero hero-size-compact progressive-fade-in\">\n\t\t<div class=\"hero-inner progressive-fade-in-element progressive-fade-in-element-1\">\n\n\t\t\t<div class=\"content-block\">\n\t\t\t\t<div class=\"content-block-inner content-width\">\n\n\t\t\t\t\t<div class=\"text-block\">\n\n\t\t\t\t\t\t\n\t\t\t\t\t\t\n\t\t\t\t\t\t\n\t\t\t\t\t<\/div>\n\n\t\t\t\t\t\n\t\t\t\t\t\n\t\t\t\t\t\n\t\t\t\t\t\n\t\t\t\t\t\t\t\n\n\t\t\t\t\t\n\t\t\t\t\t\n\t\t\t\t\t\n\t\t\t\t\t\n\t\t\t\t\t\t\t\t\t\t\n\t\n\t\t\t\t\t\n\t\t\t\t<\/div>\n\t\t\t<\/div>\n\t\t<\/div>\n\t<\/header>\n\n\n<section id=\"block_bc0457a822779214e563edce972cab48\" class=\"page-block page-block-side-by-side progressive-fade-in page-block-margin-none page-block-bg-none\">\n\t\t<div class=\"page-block-inner progressive-fade-in-element progressive-fade-in-element-1\">\n\n\t\t\n\t\t\t<div class=\"page-block-sides sides sides-margin-standard\"><div class=\"page-block-side content-type-text content-width content-position-top\">\n<div class=\"page-block-bg-none side-inner\">\n<div class=\"side-content\">\n<div class=\"page-block-text wysiwyg\"><h2 class=\"content-text\"><span class=\"anchor-text\">Specialized Committees<\/span><\/h2>\n<p>The Organ Committee and the Moveable and Art Committee are responsible for analyzing files and recommending restoration projects, while the Archives Committee aims to encourage community and religious tradition representatives to ensure the long-term survival of their archives in order to guarantee their testimonial value for future generations.<\/p>\n<\/div>\n<\/div>\n<\/div>\n<\/div>\n<div class=\"page-block-side content-type-text content-width add-bg-globe content-position-top\">\n<div class=\"page-block-has-bg-color page-block-bg-white side-inner\">\n<div class=\"side-content\">\n<div class=\"page-block-text wysiwyg\"><div class=\"content-block thumb\">\n<div class=\"content-text\">\n<ul>\n<li><a href=\"https:\/\/www.patrimoine-religieux.qc.ca\/en\/about\/committees-and-regional-round-tables\/organ-committee-part-2\/\">Organ Committee<\/a>\u00a0 (part 2)<\/li>\n<li><a href=\"https:\/\/www.patrimoine-religieux.qc.ca\/en\/about\/committees-and-regional-round-tables\/works-of-art-and-movable-property-committee-part-2\/\">Works of Art and Movable Property Committee<\/a>\u00a0(part 2)<\/li>\n<li><a href=\"https:\/\/www.patrimoine-religieux.qc.ca\/en\/about\/committees-and-regional-round-tables\/archives-committee\/\">Archives committee<\/a><\/li>\n<\/ul>\n<\/div>\n<\/div>\n<\/div>\n<\/div>\n<\/div>\n<\/div>\n<\/div>\n\n\t\t\n\t\t<\/div>\n\t<\/section>\n\n\n\n<section id=\"block_4c8efef5c78e881361b7524e9d2e4c7e\" class=\"page-block page-block-cta progressive-fade-in page-block-has-bg-color page-block-bg-dark-green\">\n\t<div class=\"page-block-inner\">\n\n\t\t<div class=\"wrap-content content-width large-padding page-block-bg-dark-green\">\n\n\t\t\t\t<div data-src-small=\"https:\/\/www.patrimoine-religieux.qc.ca\/wp-content\/uploads\/2024\/11\/man-sitted-at-church-500x500.png\" data-src-medium=\"https:\/\/www.patrimoine-religieux.qc.ca\/wp-content\/uploads\/2024\/11\/man-sitted-at-church-1400x800.png\" data-src-large=\"https:\/\/www.patrimoine-religieux.qc.ca\/wp-content\/uploads\/2024\/11\/man-sitted-at-church.png\" data-src-xlarge=\"https:\/\/www.patrimoine-religieux.qc.ca\/wp-content\/uploads\/2024\/11\/man-sitted-at-church.png\" class=\"page-block-bg-image lazy img-check\"><\/div>\n\t\t\t\t\n\t\t\t\t<div class=\"page-block-content page-block-bg-dark-green progressive-fade-in-element progressive-fade-in-element-1\">\n\n\t\t\t\t\t\n\t\t\t\t\t\t\t\t\t\t<div class=\"page-block-text wysiwyg\"><h2><strong>Job Offers<\/strong><\/h2>\n<div class=\"content-block thumb\">\n<div class=\"content-text\">\n<p>When you join the team of the Qu\u00e9bec Religious Heritage Council, you\u2019re choosing to express your potential for rallying around a major issue.<\/p>\n<p>There are no jobs available at this time.<\/p>\n<\/div>\n<\/div>\n<\/div>\n\t\t\t\t\t\n\t\t\t\t\t\n\t\t\t\t<\/div>\n\n\t\t<\/div>\n\n\t<\/div>\n<\/section>\n\n\n<section id=\"block_9713aac6df8426f14d596d773f2a5e7f\" class=\"page-block page-block-side-by-side progressive-fade-in page-block-margin-none page-block-bg-none\">\n\t\t<div class=\"page-block-inner progressive-fade-in-element progressive-fade-in-element-1\">\n\n\t\t\n\t\t\t<div class=\"page-block-sides sides sides-margin-standard\"><div class=\"page-block-side content-type-text content-width content-position-top\">\n<div class=\"page-block-bg-none side-inner\">\n<div class=\"side-content\">\n<div class=\"page-block-text wysiwyg\"><h2>Regional Round Tables<\/h2>\n<p>The Regional Round Tables are made up of laity and clergy who represent the faith traditions of heritage buildings, heritage experts (historians, architects, etc.), municipal managers, cultural and rural agents, and representatives of the Minist\u00e8re de la Culture et des Communications. They have observer and adviser status without the right to vote. In each of the regions of Quebec, they disseminate information about financial aid, receive funding applications, recommend restoration projects according to budget availability, and assist in project follow-up (Immoveable property).<\/p>\n<\/div>\n<\/div>\n<\/div>\n<\/div>\n<div class=\"page-block-side content-type-text content-width add-bg-globe content-position-top\">\n<div class=\"page-block-has-bg-color page-block-bg-white side-inner\">\n<div class=\"side-content\">\n<div class=\"page-block-text wysiwyg\"><ul>\n<li><a href=\"https:\/\/www.patrimoine-religieux.qc.ca\/en\/about\/committees-and-regional-round-tables\/round-table-of-montreal-region-1\/\">Round table of Montr\u00e9al<\/a>\u00a0(region 1)<\/li>\n<li><a href=\"https:\/\/www.patrimoine-religieux.qc.ca\/en\/about\/committees-and-regional-round-tables\/round-table-of-quebec-chaudiere-appalaches-regions-2a-2b\/\">Round table of Qu\u00e9bec-Chaudi\u00e8re-Appalaches<\/a>\u00a0(regions 2A-2B)<\/li>\n<li><a href=\"https:\/\/www.patrimoine-religieux.qc.ca\/en\/about\/committees-and-regional-round-tables\/round-table-of-bas-saint-laurent-region-3a\/\">Round table of Bas-Saint-Laurent<\/a>\u00a0(region 3A)<\/li>\n<li><a href=\"https:\/\/www.patrimoine-religieux.qc.ca\/en\/about\/committees-and-regional-round-tables\/round-table-of-gaspesie-iles-de-la-madeleine-region-3b\/\">Round table of Gasp\u00e9sie-\u00celes-de-la-Madeleine<\/a>\u00a0(region 3B)<\/li>\n<li><a href=\"https:\/\/www.patrimoine-religieux.qc.ca\/en\/about\/committees-and-regional-round-tables\/round-table-of-saguenay-lac-saint-jean-region-4a\/\">Round table of Saguenay-Lac-Saint-Jean<\/a>\u00a0(region 4A)<\/li>\n<li><a href=\"https:\/\/www.patrimoine-religieux.qc.ca\/en\/about\/committees-and-regional-round-tables\/round-table-of-cote-nord-region-4b\/\">Round table of C\u00f4te-Nord<\/a>\u00a0(region 4B)<\/li>\n<li><a href=\"https:\/\/www.patrimoine-religieux.qc.ca\/en\/about\/committees-and-regional-round-tables\/round-table-of-laval-laurentides-lanaudiere-region-5a\/\">Round table of Laval-Laurentides-Lanaudi\u00e8re<\/a>\u00a0(region 5A)<\/li>\n<li><a href=\"https:\/\/www.patrimoine-religieux.qc.ca\/en\/about\/committees-and-regional-round-tables\/round-table-of-outaouais-region-5b\/\">Round table of Outaouais<\/a>\u00a0(region 5B)<\/li>\n<li><a href=\"https:\/\/www.patrimoine-religieux.qc.ca\/en\/about\/committees-and-regional-round-tables\/table-de-la-monteregie-region-6a\/\">Round table of Mont\u00e9r\u00e9gie<\/a>\u00a0(region 6A)<\/li>\n<li><a href=\"https:\/\/www.patrimoine-religieux.qc.ca\/en\/about\/committees-and-regional-round-tables\/round-table-of-estrie-region-6b\/\">Round table of Estrie<\/a>\u00a0(region 6B)<\/li>\n<li><a href=\"https:\/\/www.patrimoine-religieux.qc.ca\/en\/about\/committees-and-regional-round-tables\/table-de-labitibi-temiscamingue-region-7\/\">Round table of Abitibi-T\u00e9miscamingue\u00a0<\/a>(region 7)<\/li>\n<li><a href=\"https:\/\/www.patrimoine-religieux.qc.ca\/en\/about\/committees-and-regional-round-tables\/round-table-of-mauricie-centre-du-quebec-region-8\/\">Round table of Mauricie-Centre-du-Qu\u00e9bec<\/a>\u00a0(region 8)<\/li>\n<\/ul>\n<\/div>\n<\/div>\n<\/div>\n<\/div>\n<\/div>\n\n\t\t\n\t\t<\/div>\n\t<\/section>","protected":false},"excerpt":{"rendered":"","protected":false},"author":1,"featured_media":0,"parent":1573,"menu_order":7,"comment_status":"closed","ping_status":"closed","template":"","meta":{"_acf_changed":false,"footnotes":""},"class_list":["post-1759","page","type-page","status-publish","hentry"],"acf":[],"yoast_head":"<!-- This site is optimized with the Yoast SEO plugin v27.3 - https:\/\/yoast.com\/product\/yoast-seo-wordpress\/ -->\n<title>Committees and Regional Round Tables - Conseil du patrimoine religieux du Qu\u00e9bec<\/title>\n<meta name=\"robots\" content=\"index, follow, max-snippet:-1, max-image-preview:large, max-video-preview:-1\" \/>\n<link rel=\"canonical\" href=\"https:\/\/www.patrimoine-religieux.qc.ca\/en\/about\/committees-and-regional-round-tables\/\" \/>\n<meta property=\"og:locale\" content=\"en_US\" \/>\n<meta property=\"og:type\" content=\"article\" \/>\n<meta property=\"og:title\" content=\"Committees and Regional Round Tables - Conseil du patrimoine religieux du Qu\u00e9bec\" \/>\n<meta property=\"og:url\" content=\"https:\/\/www.patrimoine-religieux.qc.ca\/en\/about\/committees-and-regional-round-tables\/\" \/>\n<meta property=\"og:site_name\" content=\"Conseil du patrimoine religieux du Qu\u00e9bec\" \/>\n<meta property=\"article:modified_time\" content=\"2024-12-02T16:03:53+00:00\" \/>\n<meta name=\"twitter:card\" content=\"summary_large_image\" \/>\n<script type=\"application\/ld+json\" class=\"yoast-schema-graph\">{\"@context\":\"https:\\\/\\\/schema.org\",\"@graph\":[{\"@type\":\"WebPage\",\"@id\":\"https:\\\/\\\/www.patrimoine-religieux.qc.ca\\\/en\\\/about\\\/committees-and-regional-round-tables\\\/\",\"url\":\"https:\\\/\\\/www.patrimoine-religieux.qc.ca\\\/en\\\/about\\\/committees-and-regional-round-tables\\\/\",\"name\":\"Committees and Regional Round Tables - Conseil du patrimoine religieux du Qu\u00e9bec\",\"isPartOf\":{\"@id\":\"https:\\\/\\\/www.patrimoine-religieux.qc.ca\\\/en\\\/#website\"},\"datePublished\":\"2024-10-17T20:31:49+00:00\",\"dateModified\":\"2024-12-02T16:03:53+00:00\",\"breadcrumb\":{\"@id\":\"https:\\\/\\\/www.patrimoine-religieux.qc.ca\\\/en\\\/about\\\/committees-and-regional-round-tables\\\/#breadcrumb\"},\"inLanguage\":\"en-US\",\"potentialAction\":[{\"@type\":\"ReadAction\",\"target\":[\"https:\\\/\\\/www.patrimoine-religieux.qc.ca\\\/en\\\/about\\\/committees-and-regional-round-tables\\\/\"]}]},{\"@type\":\"BreadcrumbList\",\"@id\":\"https:\\\/\\\/www.patrimoine-religieux.qc.ca\\\/en\\\/about\\\/committees-and-regional-round-tables\\\/#breadcrumb\",\"itemListElement\":[{\"@type\":\"ListItem\",\"position\":1,\"name\":\"Accueil\",\"item\":\"https:\\\/\\\/www.patrimoine-religieux.qc.ca\\\/en\\\/\"},{\"@type\":\"ListItem\",\"position\":2,\"name\":\"About\",\"item\":\"https:\\\/\\\/www.patrimoine-religieux.qc.ca\\\/en\\\/about\\\/\"},{\"@type\":\"ListItem\",\"position\":3,\"name\":\"Committees and Regional Round Tables\"}]},{\"@type\":\"WebSite\",\"@id\":\"https:\\\/\\\/www.patrimoine-religieux.qc.ca\\\/en\\\/#website\",\"url\":\"https:\\\/\\\/www.patrimoine-religieux.qc.ca\\\/en\\\/\",\"name\":\"Conseil du patrimoine religieux du Qu\u00e9bec\",\"description\":\"Soutenir et promouvoir la conservation du patrimoine religieux qu\u00e9b\u00e9cois\",\"potentialAction\":[{\"@type\":\"SearchAction\",\"target\":{\"@type\":\"EntryPoint\",\"urlTemplate\":\"https:\\\/\\\/www.patrimoine-religieux.qc.ca\\\/en\\\/?s={search_term_string}\"},\"query-input\":{\"@type\":\"PropertyValueSpecification\",\"valueRequired\":true,\"valueName\":\"search_term_string\"}}],\"inLanguage\":\"en-US\"}]}<\/script>\n<!-- \/ Yoast SEO plugin. -->","yoast_head_json":{"title":"Committees and Regional Round Tables - Conseil du patrimoine religieux du Qu\u00e9bec","robots":{"index":"index","follow":"follow","max-snippet":"max-snippet:-1","max-image-preview":"max-image-preview:large","max-video-preview":"max-video-preview:-1"},"canonical":"https:\/\/www.patrimoine-religieux.qc.ca\/en\/about\/committees-and-regional-round-tables\/","og_locale":"en_US","og_type":"article","og_title":"Committees and Regional Round Tables - Conseil du patrimoine religieux du Qu\u00e9bec","og_url":"https:\/\/www.patrimoine-religieux.qc.ca\/en\/about\/committees-and-regional-round-tables\/","og_site_name":"Conseil du patrimoine religieux du Qu\u00e9bec","article_modified_time":"2024-12-02T16:03:53+00:00","twitter_card":"summary_large_image","schema":{"@context":"https:\/\/schema.org","@graph":[{"@type":"WebPage","@id":"https:\/\/www.patrimoine-religieux.qc.ca\/en\/about\/committees-and-regional-round-tables\/","url":"https:\/\/www.patrimoine-religieux.qc.ca\/en\/about\/committees-and-regional-round-tables\/","name":"Committees and Regional Round Tables - Conseil du patrimoine religieux du Qu\u00e9bec","isPartOf":{"@id":"https:\/\/www.patrimoine-religieux.qc.ca\/en\/#website"},"datePublished":"2024-10-17T20:31:49+00:00","dateModified":"2024-12-02T16:03:53+00:00","breadcrumb":{"@id":"https:\/\/www.patrimoine-religieux.qc.ca\/en\/about\/committees-and-regional-round-tables\/#breadcrumb"},"inLanguage":"en-US","potentialAction":[{"@type":"ReadAction","target":["https:\/\/www.patrimoine-religieux.qc.ca\/en\/about\/committees-and-regional-round-tables\/"]}]},{"@type":"BreadcrumbList","@id":"https:\/\/www.patrimoine-religieux.qc.ca\/en\/about\/committees-and-regional-round-tables\/#breadcrumb","itemListElement":[{"@type":"ListItem","position":1,"name":"Accueil","item":"https:\/\/www.patrimoine-religieux.qc.ca\/en\/"},{"@type":"ListItem","position":2,"name":"About","item":"https:\/\/www.patrimoine-religieux.qc.ca\/en\/about\/"},{"@type":"ListItem","position":3,"name":"Committees and Regional Round Tables"}]},{"@type":"WebSite","@id":"https:\/\/www.patrimoine-religieux.qc.ca\/en\/#website","url":"https:\/\/www.patrimoine-religieux.qc.ca\/en\/","name":"Conseil du patrimoine religieux du Qu\u00e9bec","description":"Soutenir et promouvoir la conservation du patrimoine religieux qu\u00e9b\u00e9cois","potentialAction":[{"@type":"SearchAction","target":{"@type":"EntryPoint","urlTemplate":"https:\/\/www.patrimoine-religieux.qc.ca\/en\/?s={search_term_string}"},"query-input":{"@type":"PropertyValueSpecification","valueRequired":true,"valueName":"search_term_string"}}],"inLanguage":"en-US"}]}},"_links":{"self":[{"href":"https:\/\/www.patrimoine-religieux.qc.ca\/en\/wp-json\/wp\/v2\/pages\/1759","targetHints":{"allow":["GET"]}}],"collection":[{"href":"https:\/\/www.patrimoine-religieux.qc.ca\/en\/wp-json\/wp\/v2\/pages"}],"about":[{"href":"https:\/\/www.patrimoine-religieux.qc.ca\/en\/wp-json\/wp\/v2\/types\/page"}],"author":[{"embeddable":true,"href":"https:\/\/www.patrimoine-religieux.qc.ca\/en\/wp-json\/wp\/v2\/users\/1"}],"replies":[{"embeddable":true,"href":"https:\/\/www.patrimoine-religieux.qc.ca\/en\/wp-json\/wp\/v2\/comments?post=1759"}],"version-history":[{"count":4,"href":"https:\/\/www.patrimoine-religieux.qc.ca\/en\/wp-json\/wp\/v2\/pages\/1759\/revisions"}],"predecessor-version":[{"id":1801,"href":"https:\/\/www.patrimoine-religieux.qc.ca\/en\/wp-json\/wp\/v2\/pages\/1759\/revisions\/1801"}],"up":[{"embeddable":true,"href":"https:\/\/www.patrimoine-religieux.qc.ca\/en\/wp-json\/wp\/v2\/pages\/1573"}],"wp:attachment":[{"href":"https:\/\/www.patrimoine-religieux.qc.ca\/en\/wp-json\/wp\/v2\/media?parent=1759"}],"curies":[{"name":"wp","href":"https:\/\/api.w.org\/{rel}","templated":true}]}}