{"id":1573,"date":"2018-10-05T14:35:27","date_gmt":"2018-10-05T18:35:27","guid":{"rendered":"https:\/\/www.patrimoine-religieux.qc.ca\/?page_id=1573"},"modified":"2024-11-27T13:17:52","modified_gmt":"2024-11-27T18:17:52","slug":"about","status":"publish","type":"page","link":"https:\/\/www.patrimoine-religieux.qc.ca\/en\/about\/","title":{"rendered":"About"},"content":{"rendered":"<section id=\"block_b8c9dcce67cb4a79c54d5909a1c70a41\" class=\"page-block page-block-gallery progressive-fade-in page-block-margin-standard page-block-bg-none\">\n\n\t\n\t<div class=\"page-block-inner content-width progressive-fade-in-element progressive-fade-in-element-1\">\n\n\t\n\t\t\n\t\t\t\t<div class=\"block-section block-text\">\n\t\t\t<div class=\"the-block-text wysiwyg\">\n\t\t\t\t<p>The Qu\u00e9bec Religious Heritage Council is a Quebec-wide non-profit organization. Its mission is to support and promote the conservation and enhancement of Quebec\u2019s religious heritage.<\/p>\n<p>The Qu\u00e9bec Religious Heritage Council is based on an original partnership and probably a unique one in the world, which has made possible a significant commitment from local communities and has provided economic benefits across Quebec.<\/p>\n<p>It brings together different faith traditions, the Quebec government, local authorities, and many experts as part of a concerted approach.<\/p>\n<p>Benchmark for restoration of religious heritage, the Qu\u00e9bec Religious Heritage Council intends to be a leader in sustainable reuse of religious heritage and the main contact on this issue locally, regionally, and nationally.<\/p>\n\t\t\t<\/div>\n\t\t<\/div>\n\t\t\n\t\t<div class=\"gallery\">\n\t\t\t<div class=\"gallery-inner\"><ul class=\"the-gallery lightbox-gallery\" data-gallery-el-class=\"gallery-block_b8c9dcce67cb4a79c54d5909a1c70a41-lightbox-gallery-el\">\n<li class=\"gallery-el\">\n<a href=\"https:\/\/www.patrimoine-religieux.qc.ca\/wp-content\/uploads\/2024\/11\/3_figure_111.jpeg\" title=\"3_figure_111\" data-title=\"3_figure_111\" class=\"lightbox-gallery-el wrap-fit-image gallery-block_b8c9dcce67cb4a79c54d5909a1c70a41-lightbox-gallery-el\">\n<img data-src-small=\"https:\/\/www.patrimoine-religieux.qc.ca\/wp-content\/uploads\/2024\/11\/3_figure_111-350x350.jpeg\" width=\"350\" height=\"350\" data-src-medium=\"https:\/\/www.patrimoine-religieux.qc.ca\/wp-content\/uploads\/2024\/11\/3_figure_111-500x500.jpeg\" data-width-medium=\"500\" data-height-medium=\"500\" data-src-large=\"https:\/\/www.patrimoine-religieux.qc.ca\/wp-content\/uploads\/2024\/11\/3_figure_111.jpeg\" data-width-large=\"780\" data-height-large=\"525\" data-src-xlarge=\"https:\/\/www.patrimoine-religieux.qc.ca\/wp-content\/uploads\/2024\/11\/3_figure_111.jpeg\" data-width-xlarge=\"780\" data-height-xlarge=\"525\" class=\"the-block-image img-check fit-image lazy landscape\" alt=\"3_figure_111\"><\/a>\n<\/li>\n<li class=\"gallery-el\">\n<a href=\"https:\/\/www.patrimoine-religieux.qc.ca\/wp-content\/uploads\/2024\/11\/3_max_79851.jpg\" title=\"3_MAX_79851\" data-title=\"3_MAX_79851\" class=\"lightbox-gallery-el wrap-fit-image gallery-block_b8c9dcce67cb4a79c54d5909a1c70a41-lightbox-gallery-el\">\n<img data-src-small=\"https:\/\/www.patrimoine-religieux.qc.ca\/wp-content\/uploads\/2024\/11\/3_max_79851-350x350.jpg\" width=\"350\" height=\"350\" data-src-medium=\"https:\/\/www.patrimoine-religieux.qc.ca\/wp-content\/uploads\/2024\/11\/3_max_79851-500x500.jpg\" data-width-medium=\"500\" data-height-medium=\"500\" data-src-large=\"https:\/\/www.patrimoine-religieux.qc.ca\/wp-content\/uploads\/2024\/11\/3_max_79851.jpg\" data-width-large=\"780\" data-height-large=\"525\" data-src-xlarge=\"https:\/\/www.patrimoine-religieux.qc.ca\/wp-content\/uploads\/2024\/11\/3_max_79851.jpg\" data-width-xlarge=\"780\" data-height-xlarge=\"525\" class=\"the-block-image img-check fit-image lazy landscape\" alt=\"3_MAX_79851\"><\/a>\n<\/li>\n<li class=\"gallery-el\">\n<a href=\"https:\/\/www.patrimoine-religieux.qc.ca\/wp-content\/uploads\/2024\/11\/3_orgue_oratoire21.jpeg\" title=\"3_Orgue_Oratoire21\" data-title=\"3_Orgue_Oratoire21\" class=\"lightbox-gallery-el wrap-fit-image gallery-block_b8c9dcce67cb4a79c54d5909a1c70a41-lightbox-gallery-el\">\n<img data-src-small=\"https:\/\/www.patrimoine-religieux.qc.ca\/wp-content\/uploads\/2024\/11\/3_orgue_oratoire21-350x350.jpeg\" width=\"350\" height=\"350\" data-src-medium=\"https:\/\/www.patrimoine-religieux.qc.ca\/wp-content\/uploads\/2024\/11\/3_orgue_oratoire21-500x500.jpeg\" data-width-medium=\"500\" data-height-medium=\"500\" data-src-large=\"https:\/\/www.patrimoine-religieux.qc.ca\/wp-content\/uploads\/2024\/11\/3_orgue_oratoire21.jpeg\" data-width-large=\"780\" data-height-large=\"525\" data-src-xlarge=\"https:\/\/www.patrimoine-religieux.qc.ca\/wp-content\/uploads\/2024\/11\/3_orgue_oratoire21.jpeg\" data-width-xlarge=\"780\" data-height-xlarge=\"525\" class=\"the-block-image img-check fit-image lazy landscape\" alt=\"3_Orgue_Oratoire21\"><\/a>\n<\/li>\n<li class=\"gallery-el\">\n<a href=\"https:\/\/www.patrimoine-religieux.qc.ca\/wp-content\/uploads\/2024\/11\/3_ste_famille_frontier_univ_cult_st_sulp_avantpdtapres1.jpg\" title=\"3_Ste_Famille_Frontier_Univ_cult_st_sulp_Avantpdtapres1\" data-title=\"3_Ste_Famille_Frontier_Univ_cult_st_sulp_Avantpdtapres1\" class=\"lightbox-gallery-el wrap-fit-image gallery-block_b8c9dcce67cb4a79c54d5909a1c70a41-lightbox-gallery-el\">\n<img data-src-small=\"https:\/\/www.patrimoine-religieux.qc.ca\/wp-content\/uploads\/2024\/11\/3_ste_famille_frontier_univ_cult_st_sulp_avantpdtapres1-350x350.jpg\" width=\"350\" height=\"350\" data-src-medium=\"https:\/\/www.patrimoine-religieux.qc.ca\/wp-content\/uploads\/2024\/11\/3_ste_famille_frontier_univ_cult_st_sulp_avantpdtapres1-500x500.jpg\" data-width-medium=\"500\" data-height-medium=\"500\" data-src-large=\"https:\/\/www.patrimoine-religieux.qc.ca\/wp-content\/uploads\/2024\/11\/3_ste_famille_frontier_univ_cult_st_sulp_avantpdtapres1.jpg\" data-width-large=\"780\" data-height-large=\"525\" data-src-xlarge=\"https:\/\/www.patrimoine-religieux.qc.ca\/wp-content\/uploads\/2024\/11\/3_ste_famille_frontier_univ_cult_st_sulp_avantpdtapres1.jpg\" data-width-xlarge=\"780\" data-height-xlarge=\"525\" class=\"the-block-image img-check fit-image lazy landscape\" alt=\"3_Ste_Famille_Frontier_Univ_cult_st_sulp_Avantpdtapres1\"><\/a>\n<\/li>\n<\/ul>\n<\/div>\n\t\t<\/div>\n\n\t\n\t<\/div>\n<\/section>","protected":false},"excerpt":{"rendered":"","protected":false},"author":1,"featured_media":0,"parent":0,"menu_order":5,"comment_status":"closed","ping_status":"closed","template":"","meta":{"_acf_changed":false,"footnotes":""},"class_list":["post-1573","page","type-page","status-publish","hentry"],"acf":[],"yoast_head":"<!-- This site is optimized with the Yoast SEO plugin v27.3 - https:\/\/yoast.com\/product\/yoast-seo-wordpress\/ -->\n<title>About - Conseil du patrimoine religieux du Qu\u00e9bec<\/title>\n<meta name=\"robots\" content=\"index, follow, max-snippet:-1, max-image-preview:large, max-video-preview:-1\" \/>\n<link rel=\"canonical\" href=\"https:\/\/www.patrimoine-religieux.qc.ca\/en\/about\/\" \/>\n<meta property=\"og:locale\" content=\"en_US\" \/>\n<meta property=\"og:type\" content=\"article\" \/>\n<meta property=\"og:title\" content=\"About - Conseil du patrimoine religieux du Qu\u00e9bec\" \/>\n<meta property=\"og:url\" content=\"https:\/\/www.patrimoine-religieux.qc.ca\/en\/about\/\" \/>\n<meta property=\"og:site_name\" content=\"Conseil du patrimoine religieux du Qu\u00e9bec\" \/>\n<meta property=\"article:modified_time\" content=\"2024-11-27T18:17:52+00:00\" \/>\n<meta name=\"twitter:card\" content=\"summary_large_image\" \/>\n<script type=\"application\/ld+json\" class=\"yoast-schema-graph\">{\"@context\":\"https:\\\/\\\/schema.org\",\"@graph\":[{\"@type\":\"WebPage\",\"@id\":\"https:\\\/\\\/www.patrimoine-religieux.qc.ca\\\/en\\\/about\\\/\",\"url\":\"https:\\\/\\\/www.patrimoine-religieux.qc.ca\\\/en\\\/about\\\/\",\"name\":\"About - Conseil du patrimoine religieux du Qu\u00e9bec\",\"isPartOf\":{\"@id\":\"https:\\\/\\\/www.patrimoine-religieux.qc.ca\\\/en\\\/#website\"},\"datePublished\":\"2018-10-05T18:35:27+00:00\",\"dateModified\":\"2024-11-27T18:17:52+00:00\",\"breadcrumb\":{\"@id\":\"https:\\\/\\\/www.patrimoine-religieux.qc.ca\\\/en\\\/about\\\/#breadcrumb\"},\"inLanguage\":\"en-US\",\"potentialAction\":[{\"@type\":\"ReadAction\",\"target\":[\"https:\\\/\\\/www.patrimoine-religieux.qc.ca\\\/en\\\/about\\\/\"]}]},{\"@type\":\"BreadcrumbList\",\"@id\":\"https:\\\/\\\/www.patrimoine-religieux.qc.ca\\\/en\\\/about\\\/#breadcrumb\",\"itemListElement\":[{\"@type\":\"ListItem\",\"position\":1,\"name\":\"Accueil\",\"item\":\"https:\\\/\\\/www.patrimoine-religieux.qc.ca\\\/en\\\/\"},{\"@type\":\"ListItem\",\"position\":2,\"name\":\"About\"}]},{\"@type\":\"WebSite\",\"@id\":\"https:\\\/\\\/www.patrimoine-religieux.qc.ca\\\/en\\\/#website\",\"url\":\"https:\\\/\\\/www.patrimoine-religieux.qc.ca\\\/en\\\/\",\"name\":\"Conseil du patrimoine religieux du Qu\u00e9bec\",\"description\":\"Soutenir et promouvoir la conservation du patrimoine religieux qu\u00e9b\u00e9cois\",\"potentialAction\":[{\"@type\":\"SearchAction\",\"target\":{\"@type\":\"EntryPoint\",\"urlTemplate\":\"https:\\\/\\\/www.patrimoine-religieux.qc.ca\\\/en\\\/?s={search_term_string}\"},\"query-input\":{\"@type\":\"PropertyValueSpecification\",\"valueRequired\":true,\"valueName\":\"search_term_string\"}}],\"inLanguage\":\"en-US\"}]}<\/script>\n<!-- \/ Yoast SEO plugin. -->","yoast_head_json":{"title":"About - Conseil du patrimoine religieux du Qu\u00e9bec","robots":{"index":"index","follow":"follow","max-snippet":"max-snippet:-1","max-image-preview":"max-image-preview:large","max-video-preview":"max-video-preview:-1"},"canonical":"https:\/\/www.patrimoine-religieux.qc.ca\/en\/about\/","og_locale":"en_US","og_type":"article","og_title":"About - Conseil du patrimoine religieux du Qu\u00e9bec","og_url":"https:\/\/www.patrimoine-religieux.qc.ca\/en\/about\/","og_site_name":"Conseil du patrimoine religieux du Qu\u00e9bec","article_modified_time":"2024-11-27T18:17:52+00:00","twitter_card":"summary_large_image","schema":{"@context":"https:\/\/schema.org","@graph":[{"@type":"WebPage","@id":"https:\/\/www.patrimoine-religieux.qc.ca\/en\/about\/","url":"https:\/\/www.patrimoine-religieux.qc.ca\/en\/about\/","name":"About - Conseil du patrimoine religieux du Qu\u00e9bec","isPartOf":{"@id":"https:\/\/www.patrimoine-religieux.qc.ca\/en\/#website"},"datePublished":"2018-10-05T18:35:27+00:00","dateModified":"2024-11-27T18:17:52+00:00","breadcrumb":{"@id":"https:\/\/www.patrimoine-religieux.qc.ca\/en\/about\/#breadcrumb"},"inLanguage":"en-US","potentialAction":[{"@type":"ReadAction","target":["https:\/\/www.patrimoine-religieux.qc.ca\/en\/about\/"]}]},{"@type":"BreadcrumbList","@id":"https:\/\/www.patrimoine-religieux.qc.ca\/en\/about\/#breadcrumb","itemListElement":[{"@type":"ListItem","position":1,"name":"Accueil","item":"https:\/\/www.patrimoine-religieux.qc.ca\/en\/"},{"@type":"ListItem","position":2,"name":"About"}]},{"@type":"WebSite","@id":"https:\/\/www.patrimoine-religieux.qc.ca\/en\/#website","url":"https:\/\/www.patrimoine-religieux.qc.ca\/en\/","name":"Conseil du patrimoine religieux du Qu\u00e9bec","description":"Soutenir et promouvoir la conservation du patrimoine religieux qu\u00e9b\u00e9cois","potentialAction":[{"@type":"SearchAction","target":{"@type":"EntryPoint","urlTemplate":"https:\/\/www.patrimoine-religieux.qc.ca\/en\/?s={search_term_string}"},"query-input":{"@type":"PropertyValueSpecification","valueRequired":true,"valueName":"search_term_string"}}],"inLanguage":"en-US"}]}},"_links":{"self":[{"href":"https:\/\/www.patrimoine-religieux.qc.ca\/en\/wp-json\/wp\/v2\/pages\/1573","targetHints":{"allow":["GET"]}}],"collection":[{"href":"https:\/\/www.patrimoine-religieux.qc.ca\/en\/wp-json\/wp\/v2\/pages"}],"about":[{"href":"https:\/\/www.patrimoine-religieux.qc.ca\/en\/wp-json\/wp\/v2\/types\/page"}],"author":[{"embeddable":true,"href":"https:\/\/www.patrimoine-religieux.qc.ca\/en\/wp-json\/wp\/v2\/users\/1"}],"replies":[{"embeddable":true,"href":"https:\/\/www.patrimoine-religieux.qc.ca\/en\/wp-json\/wp\/v2\/comments?post=1573"}],"version-history":[{"count":1,"href":"https:\/\/www.patrimoine-religieux.qc.ca\/en\/wp-json\/wp\/v2\/pages\/1573\/revisions"}],"predecessor-version":[{"id":1574,"href":"https:\/\/www.patrimoine-religieux.qc.ca\/en\/wp-json\/wp\/v2\/pages\/1573\/revisions\/1574"}],"wp:attachment":[{"href":"https:\/\/www.patrimoine-religieux.qc.ca\/en\/wp-json\/wp\/v2\/media?parent=1573"}],"curies":[{"name":"wp","href":"https:\/\/api.w.org\/{rel}","templated":true}]}}